{"id":5135,"date":"2025-03-04T11:44:28","date_gmt":"2025-03-04T14:44:28","guid":{"rendered":"https:\/\/deportesram.cl\/?post_type=product&#038;p=5135"},"modified":"2025-09-10T13:48:41","modified_gmt":"2025-09-10T16:48:41","slug":"balon-futbol-voley-penalty-blanco-negro","status":"publish","type":"product","link":"https:\/\/deportesram.cl\/es_es\/producto\/balon-futbol-voley-penalty-blanco-negro\/","title":{"rendered":"BALON FUTBOL-VOLEY PENALTY BLANCO NEGRO"},"content":{"rendered":"<p>El Bal\u00f3n de Futv\u00f3ley Penalty est\u00e1 desarrollado exclusivamente para que demuestres tus habilidades en la arena con mucha m\u00e1s calidad y eficiencia en los partidos de futv\u00f3ley, ya que contiene una construcci\u00f3n que elimina las costuras, el bal\u00f3n es resistente al agua, lo que garantiza una durabilidad extra para que practiques el deporte en la playa. Y hay m\u00e1s, con una capa de amortiguaci\u00f3n interna que hace que la pelota sea m\u00e1s suave, proporciona mucho m\u00e1s comodidad para reducir el impacto del cuerpo con la pelota.<\/p>\n","protected":false},"excerpt":{"rendered":"<p>El Bal\u00f3n de Futv\u00f3ley Penalty est\u00e1 desarrollado exclusivamente para que demuestres tus habilidades en la arena con mucha m\u00e1s calidad y eficiencia en los partidos de futv\u00f3ley, ya que contiene una construcci\u00f3n que elimina las costuras, el bal\u00f3n es resistente al agua, lo que garantiza una durabilidad extra para que practiques el deporte en la [&hellip;]<\/p>\n","protected":false},"featured_media":5136,"template":"","meta":[],"product_brand":[],"product_cat":[674,672],"product_tag":[],"class_list":{"0":"post-5135","1":"product","2":"type-product","3":"status-publish","4":"has-post-thumbnail","6":"product_cat-balones-futbol-11","7":"product_cat-futbol","9":"first","10":"outofstock","11":"taxable","12":"shipping-taxable","13":"purchasable","14":"product-type-simple"},"wc_booster_product_categories":[{"id":674,"name":"Balones"},{"id":672,"name":"F\u00fatbol"}],"wc_booster_product_price":"<span class=\"woocommerce-Price-amount amount\"><bdi><span class=\"woocommerce-Price-currencySymbol\">&#36;<\/span>69.990<\/bdi><\/span> <small class=\"woocommerce-price-suffix\">IVA Incluido<\/small>","wc_booster_product_rating":"","wc_booster_product_banner_img":false,"wc_booster_product_reviews":[],"wc_booster_product_stock_data":{"manage_stock":false,"total_stock":null,"sold_stock":0},"_links":{"self":[{"href":"https:\/\/deportesram.cl\/es_es\/wp-json\/wp\/v2\/product\/5135","targetHints":{"allow":["GET"]}}],"collection":[{"href":"https:\/\/deportesram.cl\/es_es\/wp-json\/wp\/v2\/product"}],"about":[{"href":"https:\/\/deportesram.cl\/es_es\/wp-json\/wp\/v2\/types\/product"}],"wp:featuredmedia":[{"embeddable":true,"href":"https:\/\/deportesram.cl\/es_es\/wp-json\/wp\/v2\/media\/5136"}],"wp:attachment":[{"href":"https:\/\/deportesram.cl\/es_es\/wp-json\/wp\/v2\/media?parent=5135"}],"wp:term":[{"taxonomy":"product_brand","embeddable":true,"href":"https:\/\/deportesram.cl\/es_es\/wp-json\/wp\/v2\/product_brand?post=5135"},{"taxonomy":"product_cat","embeddable":true,"href":"https:\/\/deportesram.cl\/es_es\/wp-json\/wp\/v2\/product_cat?post=5135"},{"taxonomy":"product_tag","embeddable":true,"href":"https:\/\/deportesram.cl\/es_es\/wp-json\/wp\/v2\/product_tag?post=5135"}],"curies":[{"name":"wp","href":"https:\/\/api.w.org\/{rel}","templated":true}]}}