{"id":5138,"date":"2025-03-04T11:49:19","date_gmt":"2025-03-04T14:49:19","guid":{"rendered":"https:\/\/deportesram.cl\/?post_type=product&#038;p=5138"},"modified":"2025-09-10T13:47:04","modified_gmt":"2025-09-10T16:47:04","slug":"balon-futbol-playa-penalty-pro-ix-nara-azul","status":"publish","type":"product","link":"https:\/\/deportesram.cl\/es_es\/producto\/balon-futbol-playa-penalty-pro-ix-nara-azul\/","title":{"rendered":"BALON FUTBOL-PLAYA PENALTY PRO IX NARA\/AZUL"},"content":{"rendered":"<p><strong>Levanta la pelota y marque un gran gol de bicicleta con la pelota de f\u00fatbol de la playa de Penalty. Su dise\u00f1o y su nuevo color proporcionan calidad en la visualizaci\u00f3n incluso en partidos nocturnos. La pelota es ideal para partidos en arena, lo que permite un mejor contacto durante los pases y los remates de alta potencia. Sus principales diferenciales son la comodidad y la suavidad, lo que le permite disfrutar del partido de la mejor manera posible sin dejar marcas rojizas en el pie. Hecho exclusivamente para estrellas de calidad, es ideal para que marque un gran gol y sea el rey de las arenas.<\/strong><\/p>\n<p><strong>Caracter\u00edsticas:<\/strong><\/p>\n<ul>\n<li><strong>Peso:\u00a0410-440g<\/strong><\/li>\n<li><strong>Circunferencia:\u00a068-70 cm<\/strong><\/li>\n<li><strong>Laminado:\u00a0PU<\/strong><\/li>\n<li><strong>Cascos:\u00a08<\/strong><\/li>\n<li><strong>Capa Interna:\u00a0Neogel<\/strong><\/li>\n<li><strong>N\u00facleo:\u00a0C\u00e1psula SIS<\/strong><\/li>\n<li><strong>Tecnolog\u00eda de Construcci\u00f3n:\u00a0Termotec<\/strong><\/li>\n<\/ul>\n<p><strong>Tecnolog\u00edas:<\/strong><\/p>\n<ul>\n<li><strong>Neogel:\u00a0Compuesto a base de goma que aporta una amortiguaci\u00f3n interna \u00fanica. Otorg\u00e1ndole a la pelota m\u00e1s suavidad y velocidad, adem\u00e1s de una resistencia superior a la pelota.<\/strong><\/li>\n<li><strong>Capsula SIS:\u00a0Tiene un n\u00facleo lubricado y reemplazable, adem\u00e1s de una boquilla alargada que envuelve la aguja evitando que esta perfore la c\u00e1mara de aire.<\/strong><\/li>\n<li><strong>Termotec:\u00a0Tecnolog\u00eda de termofusi\u00f3n que garantiza un 0% de absorci\u00f3n de agua, manteniendo las propiedades de peso y velocidad del bal\u00f3n. Proporcionando una mayor duraci\u00f3n y desempe\u00f1o al bal\u00f3n.<\/strong><\/li>\n<li><strong>Laminado PU:\u00a0Material el\u00e1stico y suave que proporciona un excelente nivel de rendimiento.<\/strong><\/li>\n<\/ul>\n","protected":false},"excerpt":{"rendered":"<p>Levanta la pelota y marque un gran gol de bicicleta con la pelota de f\u00fatbol de la playa de Penalty. Su dise\u00f1o y su nuevo color proporcionan calidad en la visualizaci\u00f3n incluso en partidos nocturnos. La pelota es ideal para partidos en arena, lo que permite un mejor contacto durante los pases y los remates [&hellip;]<\/p>\n","protected":false},"featured_media":5145,"template":"","meta":[],"product_brand":[],"product_cat":[674,672],"product_tag":[],"class_list":{"0":"post-5138","1":"product","2":"type-product","3":"status-publish","4":"has-post-thumbnail","6":"product_cat-balones-futbol-11","7":"product_cat-futbol","9":"first","10":"outofstock","11":"taxable","12":"shipping-taxable","13":"purchasable","14":"product-type-simple"},"wc_booster_product_categories":[{"id":674,"name":"Balones"},{"id":672,"name":"F\u00fatbol"}],"wc_booster_product_price":"<span class=\"woocommerce-Price-amount amount\"><bdi><span class=\"woocommerce-Price-currencySymbol\">&#36;<\/span>79.990<\/bdi><\/span> <small class=\"woocommerce-price-suffix\">IVA Incluido<\/small>","wc_booster_product_rating":"","wc_booster_product_banner_img":false,"wc_booster_product_reviews":[],"wc_booster_product_stock_data":{"manage_stock":false,"total_stock":null,"sold_stock":0},"_links":{"self":[{"href":"https:\/\/deportesram.cl\/es_es\/wp-json\/wp\/v2\/product\/5138","targetHints":{"allow":["GET"]}}],"collection":[{"href":"https:\/\/deportesram.cl\/es_es\/wp-json\/wp\/v2\/product"}],"about":[{"href":"https:\/\/deportesram.cl\/es_es\/wp-json\/wp\/v2\/types\/product"}],"wp:featuredmedia":[{"embeddable":true,"href":"https:\/\/deportesram.cl\/es_es\/wp-json\/wp\/v2\/media\/5145"}],"wp:attachment":[{"href":"https:\/\/deportesram.cl\/es_es\/wp-json\/wp\/v2\/media?parent=5138"}],"wp:term":[{"taxonomy":"product_brand","embeddable":true,"href":"https:\/\/deportesram.cl\/es_es\/wp-json\/wp\/v2\/product_brand?post=5138"},{"taxonomy":"product_cat","embeddable":true,"href":"https:\/\/deportesram.cl\/es_es\/wp-json\/wp\/v2\/product_cat?post=5138"},{"taxonomy":"product_tag","embeddable":true,"href":"https:\/\/deportesram.cl\/es_es\/wp-json\/wp\/v2\/product_tag?post=5138"}],"curies":[{"name":"wp","href":"https:\/\/api.w.org\/{rel}","templated":true}]}}