{"id":5146,"date":"2025-03-04T12:10:09","date_gmt":"2025-03-04T15:10:09","guid":{"rendered":"https:\/\/deportesram.cl\/?post_type=product&#038;p=5146"},"modified":"2025-09-09T22:25:10","modified_gmt":"2025-09-10T01:25:10","slug":"balon-basquetbol-n5-muuk-goma","status":"publish","type":"product","link":"https:\/\/deportesram.cl\/es_es\/producto\/balon-basquetbol-n5-muuk-goma\/","title":{"rendered":"BALON BASQUETBOL N5 MUUK GOMA"},"content":{"rendered":"<p><strong>Bal\u00f3n de Basketball Muuk N\u00b0 5\u00a0est\u00e1 dise\u00f1ado para jugadores j\u00f3venes que buscan mejorar su rendimiento en la cancha. Su construcci\u00f3n de fundici\u00f3n y el material de goma porosa ofrecen un excelente agarre, lo que permite realizar lanzamientos y pases m\u00e1s precisos. Con su dise\u00f1o de 12 paneles en dos colores, es ideal tanto para entrenamientos como para partidos, y su tecnolog\u00eda de nylon herido asegura una mayor durabilidad. Perfecto para j\u00f3venes entre 9 y 11 a\u00f1os, este bal\u00f3n es adecuado para uso tanto en canchas interiores como exteriores.<\/strong><\/p>\n<p><strong>Caracter\u00edsticas del Producto<\/strong><\/p>\n<ul>\n<li><strong>Tama\u00f1o: N\u00ba 5<\/strong><\/li>\n<li><strong>Peso: 510-570g<\/strong><\/li>\n<li><strong>Circunferencia: 77 cm<\/strong><\/li>\n<li><strong>Material: Goma porosa<\/strong><\/li>\n<li><strong>Doble color 12 paneles<\/strong><\/li>\n<li><strong>Uso interior \/exterior<\/strong><\/li>\n<li><strong>Tecnolog\u00eda: Nylon Herido<\/strong><\/li>\n<li><strong>Edad Recomendada: Entre 9 y 11 a\u00f1os<\/strong><\/li>\n<\/ul>\n","protected":false},"excerpt":{"rendered":"<p>Bal\u00f3n de Basketball Muuk N\u00b0 5\u00a0est\u00e1 dise\u00f1ado para jugadores j\u00f3venes que buscan mejorar su rendimiento en la cancha. Su construcci\u00f3n de fundici\u00f3n y el material de goma porosa ofrecen un excelente agarre, lo que permite realizar lanzamientos y pases m\u00e1s precisos. Con su dise\u00f1o de 12 paneles en dos colores, es ideal tanto para entrenamientos [&hellip;]<\/p>\n","protected":false},"featured_media":5147,"template":"","meta":[],"product_brand":[],"product_cat":[559,558],"product_tag":[],"class_list":{"0":"post-5146","1":"product","2":"type-product","3":"status-publish","4":"has-post-thumbnail","6":"product_cat-balones","7":"product_cat-basquetbol","9":"first","10":"outofstock","11":"taxable","12":"shipping-taxable","13":"purchasable","14":"product-type-simple"},"wc_booster_product_categories":[{"id":559,"name":"Balones"},{"id":558,"name":"B\u00e1squetbol"}],"wc_booster_product_price":"<span class=\"woocommerce-Price-amount amount\"><bdi><span class=\"woocommerce-Price-currencySymbol\">&#36;<\/span>10.490<\/bdi><\/span> <small class=\"woocommerce-price-suffix\">IVA Incluido<\/small>","wc_booster_product_rating":"","wc_booster_product_banner_img":false,"wc_booster_product_reviews":[],"wc_booster_product_stock_data":{"manage_stock":true,"total_stock":0,"sold_stock":0},"_links":{"self":[{"href":"https:\/\/deportesram.cl\/es_es\/wp-json\/wp\/v2\/product\/5146","targetHints":{"allow":["GET"]}}],"collection":[{"href":"https:\/\/deportesram.cl\/es_es\/wp-json\/wp\/v2\/product"}],"about":[{"href":"https:\/\/deportesram.cl\/es_es\/wp-json\/wp\/v2\/types\/product"}],"wp:featuredmedia":[{"embeddable":true,"href":"https:\/\/deportesram.cl\/es_es\/wp-json\/wp\/v2\/media\/5147"}],"wp:attachment":[{"href":"https:\/\/deportesram.cl\/es_es\/wp-json\/wp\/v2\/media?parent=5146"}],"wp:term":[{"taxonomy":"product_brand","embeddable":true,"href":"https:\/\/deportesram.cl\/es_es\/wp-json\/wp\/v2\/product_brand?post=5146"},{"taxonomy":"product_cat","embeddable":true,"href":"https:\/\/deportesram.cl\/es_es\/wp-json\/wp\/v2\/product_cat?post=5146"},{"taxonomy":"product_tag","embeddable":true,"href":"https:\/\/deportesram.cl\/es_es\/wp-json\/wp\/v2\/product_tag?post=5146"}],"curies":[{"name":"wp","href":"https:\/\/api.w.org\/{rel}","templated":true}]}}