{"id":5153,"date":"2025-03-04T12:19:41","date_gmt":"2025-03-04T15:19:41","guid":{"rendered":"https:\/\/deportesram.cl\/?post_type=product&#038;p=5153"},"modified":"2025-08-20T21:56:29","modified_gmt":"2025-08-21T01:56:29","slug":"balon-basquetbol-m-200-muuk","status":"publish","type":"product","link":"https:\/\/deportesram.cl\/es_es\/producto\/balon-basquetbol-m-200-muuk\/","title":{"rendered":"BALON BASQUETBOL M-200 MUUK"},"content":{"rendered":"<p dir=\"ltr\"><strong>Experimenta la excelencia en el\u00a0Bal\u00f3n de Basketball Muuk M-200 N\u00ba7, dise\u00f1ado para ofrecer un rendimiento \u00f3ptimo en cada partido. Confeccionado con PU resistente de alta calidad, este bal\u00f3n no solo garantiza durabilidad, sino tambi\u00e9n un agarre excepcional gracias a su porosidad, asegurando pases precisos y tiros consistentes. Su dise\u00f1o combina a la perfecci\u00f3n estilo llamativo con caracter\u00edsticas t\u00e9cnicas avanzadas. La construcci\u00f3n integral de PU resistente proporciona una larga vida \u00fatil, convirti\u00e9ndolo en la elecci\u00f3n ideal para jugadores exigentes.<\/strong><\/p>\n<p dir=\"ltr\"><strong>Listado de Caracter\u00edsticas:<\/strong><\/p>\n<ul>\n<li dir=\"ltr\">\n<p dir=\"ltr\"><strong>N\u00ba7<\/strong><\/p>\n<\/li>\n<li dir=\"ltr\">\n<p dir=\"ltr\"><strong>Bladder: Goma<\/strong><\/p>\n<\/li>\n<li dir=\"ltr\">\n<p dir=\"ltr\"><strong>Circunferencia: 74.5 \u2013 77.5 cms.<\/strong><\/p>\n<\/li>\n<li dir=\"ltr\">\n<p dir=\"ltr\"><strong>Peso: 590 gr &#8211; 640 gr<\/strong><\/p>\n<\/li>\n<li dir=\"ltr\">\n<p dir=\"ltr\"><strong>Material de PU Resistente de Alta Calidad<\/strong><\/p>\n<\/li>\n<li dir=\"ltr\">\n<p dir=\"ltr\"><strong>Porosidad para un Agarre \u00d3ptimo<\/strong><\/p>\n<\/li>\n<li dir=\"ltr\">\n<p dir=\"ltr\"><strong>Estilo Llamativo con Detalles T\u00e9cnicos Avanzados<\/strong><\/p>\n<\/li>\n<li dir=\"ltr\">\n<p dir=\"ltr\"><strong>Construcci\u00f3n Integral para Mayor Durabilidad<\/strong><\/p>\n<\/li>\n<\/ul>\n<p dir=\"ltr\"><strong>Deporte\/ Disciplina:\u00a0Basketball<\/strong><\/p>\n<p dir=\"ltr\"><strong>Usos Recomendados:\u00a0Ideal para partidos intensos y entrenamientos de basketball en todos los niveles.<\/strong><\/p>\n<p><strong>Beneficio Adicional:\u00a0La porosidad del PU no solo brinda un agarre excepcional, sino tambi\u00e9n una sensaci\u00f3n \u00fanica al tacto, asegurando un control total del bal\u00f3n en cada movimiento.<\/strong><\/p>\n","protected":false},"excerpt":{"rendered":"<p>Experimenta la excelencia en el\u00a0Bal\u00f3n de Basketball Muuk M-200 N\u00ba7, dise\u00f1ado para ofrecer un rendimiento \u00f3ptimo en cada partido. Confeccionado con PU resistente de alta calidad, este bal\u00f3n no solo garantiza durabilidad, sino tambi\u00e9n un agarre excepcional gracias a su porosidad, asegurando pases precisos y tiros consistentes. Su dise\u00f1o combina a la perfecci\u00f3n estilo llamativo [&hellip;]<\/p>\n","protected":false},"featured_media":5154,"template":"","meta":[],"product_brand":[],"product_cat":[559,558],"product_tag":[],"class_list":{"0":"post-5153","1":"product","2":"type-product","3":"status-publish","4":"has-post-thumbnail","6":"product_cat-balones","7":"product_cat-basquetbol","9":"first","10":"instock","11":"taxable","12":"shipping-taxable","13":"purchasable","14":"product-type-simple"},"wc_booster_product_categories":[{"id":559,"name":"Balones"},{"id":558,"name":"B\u00e1squetbol"}],"wc_booster_product_price":"<span class=\"woocommerce-Price-amount amount\"><bdi><span class=\"woocommerce-Price-currencySymbol\">&#36;<\/span>16.990<\/bdi><\/span> <small class=\"woocommerce-price-suffix\">IVA Incluido<\/small>","wc_booster_product_rating":"","wc_booster_product_banner_img":false,"wc_booster_product_reviews":[],"wc_booster_product_stock_data":{"manage_stock":false,"total_stock":null,"sold_stock":0},"_links":{"self":[{"href":"https:\/\/deportesram.cl\/es_es\/wp-json\/wp\/v2\/product\/5153","targetHints":{"allow":["GET"]}}],"collection":[{"href":"https:\/\/deportesram.cl\/es_es\/wp-json\/wp\/v2\/product"}],"about":[{"href":"https:\/\/deportesram.cl\/es_es\/wp-json\/wp\/v2\/types\/product"}],"wp:featuredmedia":[{"embeddable":true,"href":"https:\/\/deportesram.cl\/es_es\/wp-json\/wp\/v2\/media\/5154"}],"wp:attachment":[{"href":"https:\/\/deportesram.cl\/es_es\/wp-json\/wp\/v2\/media?parent=5153"}],"wp:term":[{"taxonomy":"product_brand","embeddable":true,"href":"https:\/\/deportesram.cl\/es_es\/wp-json\/wp\/v2\/product_brand?post=5153"},{"taxonomy":"product_cat","embeddable":true,"href":"https:\/\/deportesram.cl\/es_es\/wp-json\/wp\/v2\/product_cat?post=5153"},{"taxonomy":"product_tag","embeddable":true,"href":"https:\/\/deportesram.cl\/es_es\/wp-json\/wp\/v2\/product_tag?post=5153"}],"curies":[{"name":"wp","href":"https:\/\/api.w.org\/{rel}","templated":true}]}}