{"id":5156,"date":"2025-03-04T14:58:13","date_gmt":"2025-03-04T17:58:13","guid":{"rendered":"https:\/\/deportesram.cl\/?post_type=product&#038;p=5156"},"modified":"2025-09-09T22:17:22","modified_gmt":"2025-09-10T01:17:22","slug":"balon-basquetbol-m-300-muuk","status":"publish","type":"product","link":"https:\/\/deportesram.cl\/es_es\/producto\/balon-basquetbol-m-300-muuk\/","title":{"rendered":"BALON BASQUETBOL M-300 MUUK"},"content":{"rendered":"<p dir=\"ltr\"><strong>Sum\u00e9rgete en la innovaci\u00f3n con el\u00a0Bal\u00f3n de Basketball Muuk M-300 N\u00ba7, una obra maestra de PU Higrosc\u00f3pico. Dise\u00f1ado para absorber y exhalar la humedad seg\u00fan las circunstancias, este bal\u00f3n no solo ofrece un rendimiento excepcional, sino que tambi\u00e9n se adapta al entorno de juego. Su construcci\u00f3n avanzada y el uso de PU Higrosc\u00f3pico brindan un toque \u00fanico y un agarre inigualable. El M-300 combina funcionalidad y estilo para destacar en la cancha.<\/strong><\/p>\n<p dir=\"ltr\"><strong>Listado de Caracter\u00edsticas:<\/strong><\/p>\n<ul>\n<li><strong>Tama\u00f1o N\u00ba7<\/strong><\/li>\n<li><strong>Circunferencia: 75 cm<\/strong><\/li>\n<li><strong>Peso:\u00a00,62 g<\/strong><\/li>\n<li dir=\"ltr\"><strong>Construcci\u00f3n con PU Higrosc\u00f3pico<\/strong><\/li>\n<li dir=\"ltr\"><strong>Propiedad de Absorber y Exhalar Humedad<\/strong><\/li>\n<li dir=\"ltr\"><strong>Bladder de Goma Duradero<\/strong><\/li>\n<li dir=\"ltr\"><strong>Se vende por unidad.<\/strong><\/li>\n<\/ul>\n<p dir=\"ltr\"><strong>Deporte\/Disciplina:\u00a0B\u00e1squetbol<\/strong><\/p>\n<p dir=\"ltr\"><strong>Usos Recomendados:\u00a0Ideal para jugadores que buscan un bal\u00f3n de alto rendimiento con un toque innovador.<\/strong><\/p>\n<p><strong>Beneficio Adicional:\u00a0El PU Higrosc\u00f3pico no solo proporciona un agarre superior, sino que tambi\u00e9n se adapta al entorno, asegurando un rendimiento consistente en cualquier condici\u00f3n.<\/strong><\/p>\n","protected":false},"excerpt":{"rendered":"<p>Sum\u00e9rgete en la innovaci\u00f3n con el\u00a0Bal\u00f3n de Basketball Muuk M-300 N\u00ba7, una obra maestra de PU Higrosc\u00f3pico. Dise\u00f1ado para absorber y exhalar la humedad seg\u00fan las circunstancias, este bal\u00f3n no solo ofrece un rendimiento excepcional, sino que tambi\u00e9n se adapta al entorno de juego. Su construcci\u00f3n avanzada y el uso de PU Higrosc\u00f3pico brindan un [&hellip;]<\/p>\n","protected":false},"featured_media":5157,"template":"","meta":[],"product_brand":[],"product_cat":[559,558],"product_tag":[],"class_list":{"0":"post-5156","1":"product","2":"type-product","3":"status-publish","4":"has-post-thumbnail","6":"product_cat-balones","7":"product_cat-basquetbol","9":"first","10":"instock","11":"taxable","12":"shipping-taxable","13":"purchasable","14":"product-type-simple"},"wc_booster_product_categories":[{"id":559,"name":"Balones"},{"id":558,"name":"B\u00e1squetbol"}],"wc_booster_product_price":"<span class=\"woocommerce-Price-amount amount\"><bdi><span class=\"woocommerce-Price-currencySymbol\">&#36;<\/span>19.990<\/bdi><\/span> <small class=\"woocommerce-price-suffix\">IVA Incluido<\/small>","wc_booster_product_rating":"","wc_booster_product_banner_img":false,"wc_booster_product_reviews":[],"wc_booster_product_stock_data":{"manage_stock":true,"total_stock":1,"sold_stock":0},"_links":{"self":[{"href":"https:\/\/deportesram.cl\/es_es\/wp-json\/wp\/v2\/product\/5156","targetHints":{"allow":["GET"]}}],"collection":[{"href":"https:\/\/deportesram.cl\/es_es\/wp-json\/wp\/v2\/product"}],"about":[{"href":"https:\/\/deportesram.cl\/es_es\/wp-json\/wp\/v2\/types\/product"}],"wp:featuredmedia":[{"embeddable":true,"href":"https:\/\/deportesram.cl\/es_es\/wp-json\/wp\/v2\/media\/5157"}],"wp:attachment":[{"href":"https:\/\/deportesram.cl\/es_es\/wp-json\/wp\/v2\/media?parent=5156"}],"wp:term":[{"taxonomy":"product_brand","embeddable":true,"href":"https:\/\/deportesram.cl\/es_es\/wp-json\/wp\/v2\/product_brand?post=5156"},{"taxonomy":"product_cat","embeddable":true,"href":"https:\/\/deportesram.cl\/es_es\/wp-json\/wp\/v2\/product_cat?post=5156"},{"taxonomy":"product_tag","embeddable":true,"href":"https:\/\/deportesram.cl\/es_es\/wp-json\/wp\/v2\/product_tag?post=5156"}],"curies":[{"name":"wp","href":"https:\/\/api.w.org\/{rel}","templated":true}]}}