{"id":5158,"date":"2025-03-04T15:00:49","date_gmt":"2025-03-04T18:00:49","guid":{"rendered":"https:\/\/deportesram.cl\/?post_type=product&#038;p=5158"},"modified":"2026-03-27T12:23:45","modified_gmt":"2026-03-27T15:23:45","slug":"balon-basquetbol-mvp-m-400-muuk","status":"publish","type":"product","link":"https:\/\/deportesram.cl\/es_es\/producto\/balon-basquetbol-mvp-m-400-muuk\/","title":{"rendered":"BALON BASQUETBOL MVP M-400 MUUK"},"content":{"rendered":"<p><strong>El\u00a0Bal\u00f3n de Basketball Muuk MVP M-400\u00a0est\u00e1 dise\u00f1ado para brindar un rendimiento \u00f3ptimo en el juego, est\u00e1 construido con materiales de alta calidad para garantizar durabilidad y agarres excepcionales. Este material<\/strong> <strong>proporciona resistencia al desgaste, lo que permite que soporte el uso intensivo en la cancha. Adem\u00e1s, cuenta con una carcasa intermedia de espuma. Esta capa de espuma proporciona una sensaci\u00f3n suave al tacto y ayuda a mejorar el control y la amortiguaci\u00f3n del bal\u00f3n. La carcasa intermedia tambi\u00e9n presenta un canal profundo, que est\u00e1 dise\u00f1ado para mejorar el agarre y el control del bal\u00f3n al driblar y lanzar.<\/strong><\/p>\n<p><strong>Caracter\u00edsticas del Producto<\/strong><\/p>\n<ul>\n<li><strong>Tama\u00f1o: N\u00b07<\/strong><\/li>\n<li><strong>Circunferencia: 75cms<\/strong><\/li>\n<li><strong>Peso: 600g<\/strong><\/li>\n<li><strong>Cascos: 8<\/strong><\/li>\n<li><strong>Recubierta: PU Alta Fibra<\/strong><\/li>\n<li><strong>Tipo de cancha: Todo tipo de cancha<\/strong><\/li>\n<li><strong>Edad Recomendada: Senior Masculino, Junior, Cadete<\/strong><\/li>\n<li><strong>Tecnolog\u00edas: Nylon + Poli\u00e9ster \/ Vejiga de goma<\/strong><\/li>\n<\/ul>\n<p><strong>Deporte\/ Disciplina:\u00a0Basketball<\/strong><\/p>\n<p><strong>Usos Recomendados:<\/strong><br \/>\n<strong>Entrenamientos y juegos de baloncesto en canchas interiores y exteriores. Perfecto para jugadores de nivel senior, junior y cadete.<\/strong><\/p>\n","protected":false},"excerpt":{"rendered":"<p>El\u00a0Bal\u00f3n de Basketball Muuk MVP M-400\u00a0est\u00e1 dise\u00f1ado para brindar un rendimiento \u00f3ptimo en el juego, est\u00e1 construido con materiales de alta calidad para garantizar durabilidad y agarres excepcionales. Este material proporciona resistencia al desgaste, lo que permite que soporte el uso intensivo en la cancha. Adem\u00e1s, cuenta con una carcasa intermedia de espuma. Esta capa [&hellip;]<\/p>\n","protected":false},"featured_media":5159,"template":"","meta":[],"product_brand":[],"product_cat":[559,558],"product_tag":[],"class_list":{"0":"post-5158","1":"product","2":"type-product","3":"status-publish","4":"has-post-thumbnail","6":"product_cat-balones","7":"product_cat-basquetbol","9":"first","10":"outofstock","11":"taxable","12":"shipping-taxable","13":"purchasable","14":"product-type-simple"},"wc_booster_product_categories":[{"id":559,"name":"Balones"},{"id":558,"name":"B\u00e1squetbol"}],"wc_booster_product_price":"<span class=\"woocommerce-Price-amount amount\"><bdi><span class=\"woocommerce-Price-currencySymbol\">&#36;<\/span>25.990<\/bdi><\/span> <small class=\"woocommerce-price-suffix\">IVA Incluido<\/small>","wc_booster_product_rating":"","wc_booster_product_banner_img":false,"wc_booster_product_reviews":[],"wc_booster_product_stock_data":{"manage_stock":true,"total_stock":0,"sold_stock":0},"_links":{"self":[{"href":"https:\/\/deportesram.cl\/es_es\/wp-json\/wp\/v2\/product\/5158","targetHints":{"allow":["GET"]}}],"collection":[{"href":"https:\/\/deportesram.cl\/es_es\/wp-json\/wp\/v2\/product"}],"about":[{"href":"https:\/\/deportesram.cl\/es_es\/wp-json\/wp\/v2\/types\/product"}],"wp:featuredmedia":[{"embeddable":true,"href":"https:\/\/deportesram.cl\/es_es\/wp-json\/wp\/v2\/media\/5159"}],"wp:attachment":[{"href":"https:\/\/deportesram.cl\/es_es\/wp-json\/wp\/v2\/media?parent=5158"}],"wp:term":[{"taxonomy":"product_brand","embeddable":true,"href":"https:\/\/deportesram.cl\/es_es\/wp-json\/wp\/v2\/product_brand?post=5158"},{"taxonomy":"product_cat","embeddable":true,"href":"https:\/\/deportesram.cl\/es_es\/wp-json\/wp\/v2\/product_cat?post=5158"},{"taxonomy":"product_tag","embeddable":true,"href":"https:\/\/deportesram.cl\/es_es\/wp-json\/wp\/v2\/product_tag?post=5158"}],"curies":[{"name":"wp","href":"https:\/\/api.w.org\/{rel}","templated":true}]}}