{"id":5160,"date":"2025-03-04T15:06:27","date_gmt":"2025-03-04T18:06:27","guid":{"rendered":"https:\/\/deportesram.cl\/?post_type=product&#038;p=5160"},"modified":"2025-08-15T16:22:43","modified_gmt":"2025-08-15T20:22:43","slug":"balon-futbol-n3-penalty-rx-digital","status":"publish","type":"product","link":"https:\/\/deportesram.cl\/es_es\/producto\/balon-futbol-n3-penalty-rx-digital\/","title":{"rendered":"BALON FUTBOL N3 PENALTY RX DIGITAL"},"content":{"rendered":"<p><strong>La\u00a0Pelota RX Digital Penalty\u00a0est\u00e1 dise\u00f1ada para ofrecer un rendimiento superior en cada jugada. Gracias a su construcci\u00f3n cosida a mano y la tecnolog\u00eda Airbility, disfrutar\u00e1s de un control total sobre el bal\u00f3n y precisi\u00f3n en cada pase y tiro. Su suavidad y durabilidad te permitir\u00e1n jugar durante m\u00e1s tiempo sin perder el confort. Con su sistema de revestimiento Triaxial y 12 paneles, esta pelota es la opci\u00f3n ideal para quienes buscan un alto rendimiento en el campo.<\/strong><\/p>\n<p><strong>Caracter\u00edsticas del Producto:<\/strong><\/p>\n<ul>\n<li><strong>Tama\u00f1o: N\u00b05<\/strong><\/li>\n<li><strong>Peso: 400-440g<\/strong><\/li>\n<li><strong>Circunferencia: 61-66 cm<\/strong><\/li>\n<li><strong>Material: PU (Poliuretano)<\/strong><\/li>\n<li><strong>Cuerpos: 12 paneles<\/strong><\/li>\n<li><strong>Construcci\u00f3n: Cosido a mano<\/strong><\/li>\n<li><strong>C\u00e1mara: Airbility<\/strong><\/li>\n<li><strong>Sistema de Revestimiento: Triaxial<\/strong><\/li>\n<li><strong>Crumb: Extra\u00edble<\/strong><\/li>\n<\/ul>\n<p><strong>Tecnolog\u00edas:<\/strong><\/p>\n<ul>\n<li><strong>Cosida a mano:\u00a0Exclusivo sistema de costura Penalty con hasta 5 nudos de costura en comparaci\u00f3n con los 45 &#8211; 60 nudos convencionales, brindando mayor estabilidad y resistencia al bal\u00f3n. C\u00e1mara\u00a0Airbility:\u00a0Desarrollada con caucho but\u00edlico, posee un sistema que aporta equilibrio al bal\u00f3n, asegurando una \u00f3ptima retenci\u00f3n de aire<\/strong><\/li>\n<li><strong>Revestimiento Triaxial:\u00a0Recibe un tratamiento t\u00e9rmico con caucho natural que estabiliza los hilos, unificando la estructura y garantizando resistencia, uniformidad y estabilidad a la pelota<\/strong><\/li>\n<\/ul>\n","protected":false},"excerpt":{"rendered":"<p>La\u00a0Pelota RX Digital Penalty\u00a0est\u00e1 dise\u00f1ada para ofrecer un rendimiento superior en cada jugada. Gracias a su construcci\u00f3n cosida a mano y la tecnolog\u00eda Airbility, disfrutar\u00e1s de un control total sobre el bal\u00f3n y precisi\u00f3n en cada pase y tiro. Su suavidad y durabilidad te permitir\u00e1n jugar durante m\u00e1s tiempo sin perder el confort. Con su [&hellip;]<\/p>\n","protected":false},"featured_media":5162,"template":"","meta":[],"product_brand":[],"product_cat":[674,672,673],"product_tag":[],"class_list":{"0":"post-5160","1":"product","2":"type-product","3":"status-publish","4":"has-post-thumbnail","6":"product_cat-balones-futbol-11","7":"product_cat-futbol","8":"product_cat-futbol-11","10":"first","11":"outofstock","12":"taxable","13":"shipping-taxable","14":"purchasable","15":"product-type-simple"},"wc_booster_product_categories":[{"id":674,"name":"Balones"},{"id":672,"name":"F\u00fatbol"},{"id":673,"name":"F\u00fatbol 11"}],"wc_booster_product_price":"<span class=\"woocommerce-Price-amount amount\"><bdi><span class=\"woocommerce-Price-currencySymbol\">&#36;<\/span>17.990<\/bdi><\/span> <small class=\"woocommerce-price-suffix\">IVA Incluido<\/small>","wc_booster_product_rating":"","wc_booster_product_banner_img":false,"wc_booster_product_reviews":[],"wc_booster_product_stock_data":{"manage_stock":false,"total_stock":null,"sold_stock":0},"_links":{"self":[{"href":"https:\/\/deportesram.cl\/es_es\/wp-json\/wp\/v2\/product\/5160","targetHints":{"allow":["GET"]}}],"collection":[{"href":"https:\/\/deportesram.cl\/es_es\/wp-json\/wp\/v2\/product"}],"about":[{"href":"https:\/\/deportesram.cl\/es_es\/wp-json\/wp\/v2\/types\/product"}],"wp:featuredmedia":[{"embeddable":true,"href":"https:\/\/deportesram.cl\/es_es\/wp-json\/wp\/v2\/media\/5162"}],"wp:attachment":[{"href":"https:\/\/deportesram.cl\/es_es\/wp-json\/wp\/v2\/media?parent=5160"}],"wp:term":[{"taxonomy":"product_brand","embeddable":true,"href":"https:\/\/deportesram.cl\/es_es\/wp-json\/wp\/v2\/product_brand?post=5160"},{"taxonomy":"product_cat","embeddable":true,"href":"https:\/\/deportesram.cl\/es_es\/wp-json\/wp\/v2\/product_cat?post=5160"},{"taxonomy":"product_tag","embeddable":true,"href":"https:\/\/deportesram.cl\/es_es\/wp-json\/wp\/v2\/product_tag?post=5160"}],"curies":[{"name":"wp","href":"https:\/\/api.w.org\/{rel}","templated":true}]}}