{"id":5170,"date":"2025-03-04T16:17:34","date_gmt":"2025-03-04T19:17:34","guid":{"rendered":"https:\/\/deportesram.cl\/?post_type=product&#038;p=5170"},"modified":"2026-03-27T12:20:07","modified_gmt":"2026-03-27T15:20:07","slug":"balon-futbol-n5-penalty-rx-digital-azul-blanco","status":"publish","type":"product","link":"https:\/\/deportesram.cl\/es_es\/producto\/balon-futbol-n5-penalty-rx-digital-azul-blanco\/","title":{"rendered":"BALON FUTBOL N5 PENALTY RX DIGITAL AZUL BLANCO"},"content":{"rendered":"<p class=\"product-heading__title\"><strong style=\"font-size: 16px;\">E<\/strong><strong>xperimenta el aut\u00e9ntico estilo brasile\u00f1o dentro de las cuatro l\u00edneas con el Bal\u00f3n De Futbol Penalty Rx Digital N\u00b0 5. Desde los primeros pases y patadas, sentir\u00e1s la suavidad y comodidad que este bal\u00f3n proporciona. A medida que rueda, experimentar\u00e1s un control excepcional y un rebote preciso, permiti\u00e9ndote disfrutarlo por m\u00e1s tiempo. \u00a1Asegura el tuyo ahora y lleva tu juego al siguiente nivel<\/strong><\/p>\n<div class=\"product-description\">\n<p><strong>Caracter\u00edsticas del Producto<\/strong><\/p>\n<ul>\n<li><strong>Tama\u00f1o: 5<\/strong><\/li>\n<li><strong>Circunferencia: 68 &#8211; 70 cm<\/strong><\/li>\n<li><strong>Peso de Bal\u00f3n: 410 &#8211; 450 gramos<\/strong><\/li>\n<li><strong>Bote: Alto<\/strong><\/li>\n<li><strong>Cascos: 18<\/strong><\/li>\n<li><strong>C\u00e1mara: Airbility<\/strong><\/li>\n<li><strong>Forro: Triaxial<\/strong><\/li>\n<li><strong>Capas: Evacel<\/strong><\/li>\n<li><strong>Laminado: Pu Super Soft\u00a0<\/strong><\/li>\n<li><strong>Construcci\u00f3n: Cosido a Mano<\/strong><\/li>\n<li><strong>V\u00e1lvula: Removivel<\/strong><\/li>\n<\/ul>\n<p><strong>Deporte \/ Disciplina:\u00a0F\u00fatbol<\/strong><\/p>\n<p><strong>Tecnolog\u00edas:<\/strong><\/p>\n<ul>\n<li><strong>C\u00e1mara Airbility:\u00a0Esta c\u00e1mara est\u00e1 desarrollada con caucho but\u00edlico, aportando equilibrio al bal\u00f3n y asegurando una \u00f3ptima retenci\u00f3n de aire. Esto permite un mejor control y rendimiento durante el juego.<\/strong><\/li>\n<li><strong>Forro Triaxial:\u00a0Tratamiento t\u00e9rmico con caucho natural que estabiliza los hilos, garantizando resistencia, uniformidad y estabilidad al bal\u00f3n, lo que mejora su rendimiento en el campo.<\/strong><\/li>\n<li><strong>Capas Evacel:\u00a0Capa microcelular de 2.0 mm a 3.8 mm de espesor que reduce el impacto, mejorando la suavidad y el rendimiento general del bal\u00f3n durante el uso.<\/strong><\/li>\n<li><strong>Laminado PU Super Soft:\u00a0Material extremadamente suave que proporciona una sensaci\u00f3n de confort al tener contacto con el bal\u00f3n, mejorando la experiencia de juego.<\/strong><\/li>\n<li><strong>Construcci\u00f3n Cosido a Mano:\u00a0Sistema exclusivo con hasta 5 nudos de costura, que proporciona mayor estabilidad y resistencia al bal\u00f3n, garantizando su durabilidad y calidad durante el uso.<\/strong><\/li>\n<li><strong>V\u00e1lvula Removible:\u00a0Esta v\u00e1lvula permite un mantenimiento f\u00e1cil y prolonga la vida \u00fatil del bal\u00f3n. La tecnolog\u00eda de n\u00facleo extra\u00edble tambi\u00e9n ayuda en el mantenimiento, lo que es ideal para clubes y escuelas.<\/strong><\/li>\n<\/ul>\n<\/div>\n","protected":false},"excerpt":{"rendered":"<p>Experimenta el aut\u00e9ntico estilo brasile\u00f1o dentro de las cuatro l\u00edneas con el Bal\u00f3n De Futbol Penalty Rx Digital N\u00b0 5. Desde los primeros pases y patadas, sentir\u00e1s la suavidad y comodidad que este bal\u00f3n proporciona. A medida que rueda, experimentar\u00e1s un control excepcional y un rebote preciso, permiti\u00e9ndote disfrutarlo por m\u00e1s tiempo. \u00a1Asegura el tuyo [&hellip;]<\/p>\n","protected":false},"featured_media":5171,"template":"","meta":[],"product_brand":[],"product_cat":[674,672,673],"product_tag":[],"class_list":{"0":"post-5170","1":"product","2":"type-product","3":"status-publish","4":"has-post-thumbnail","6":"product_cat-balones-futbol-11","7":"product_cat-futbol","8":"product_cat-futbol-11","10":"first","11":"outofstock","12":"taxable","13":"shipping-taxable","14":"purchasable","15":"product-type-simple"},"wc_booster_product_categories":[{"id":674,"name":"Balones"},{"id":672,"name":"F\u00fatbol"},{"id":673,"name":"F\u00fatbol 11"}],"wc_booster_product_price":"<span class=\"woocommerce-Price-amount amount\"><bdi><span class=\"woocommerce-Price-currencySymbol\">&#36;<\/span>26.990<\/bdi><\/span> <small class=\"woocommerce-price-suffix\">IVA Incluido<\/small>","wc_booster_product_rating":"","wc_booster_product_banner_img":false,"wc_booster_product_reviews":[],"wc_booster_product_stock_data":{"manage_stock":true,"total_stock":0,"sold_stock":0},"_links":{"self":[{"href":"https:\/\/deportesram.cl\/es_es\/wp-json\/wp\/v2\/product\/5170","targetHints":{"allow":["GET"]}}],"collection":[{"href":"https:\/\/deportesram.cl\/es_es\/wp-json\/wp\/v2\/product"}],"about":[{"href":"https:\/\/deportesram.cl\/es_es\/wp-json\/wp\/v2\/types\/product"}],"wp:featuredmedia":[{"embeddable":true,"href":"https:\/\/deportesram.cl\/es_es\/wp-json\/wp\/v2\/media\/5171"}],"wp:attachment":[{"href":"https:\/\/deportesram.cl\/es_es\/wp-json\/wp\/v2\/media?parent=5170"}],"wp:term":[{"taxonomy":"product_brand","embeddable":true,"href":"https:\/\/deportesram.cl\/es_es\/wp-json\/wp\/v2\/product_brand?post=5170"},{"taxonomy":"product_cat","embeddable":true,"href":"https:\/\/deportesram.cl\/es_es\/wp-json\/wp\/v2\/product_cat?post=5170"},{"taxonomy":"product_tag","embeddable":true,"href":"https:\/\/deportesram.cl\/es_es\/wp-json\/wp\/v2\/product_tag?post=5170"}],"curies":[{"name":"wp","href":"https:\/\/api.w.org\/{rel}","templated":true}]}}