{"id":5172,"date":"2025-03-04T16:32:52","date_gmt":"2025-03-04T19:32:52","guid":{"rendered":"https:\/\/deportesram.cl\/?post_type=product&#038;p=5172"},"modified":"2025-09-10T13:14:09","modified_gmt":"2025-09-10T16:14:09","slug":"balon-futbol-americano-muuk","status":"publish","type":"product","link":"https:\/\/deportesram.cl\/es_es\/producto\/balon-futbol-americano-muuk\/","title":{"rendered":"BALON FUTBOL AMERICANO MUUK"},"content":{"rendered":"<p><strong>Uso Recomendado:\u00a0Entrenamiento<\/strong><\/p>\n<p><strong>Deporte \/ Disciplina:\u00a0Futbol Americano\u00a0<\/strong><\/p>\n<p><strong>Ventajas del Producto:<\/strong><\/p>\n<ul>\n<li><strong>Proporciona durabilidad y resistencia, soportando los impactos y exigencias del juego.<\/strong><\/li>\n<li><strong>Garantiza una buena retenci\u00f3n de aire y consistencia durante el juego, gracias a su bladder de butilo.<\/strong><\/li>\n<li><strong>Ofrece una excelente sensaci\u00f3n al tacto y un agarre \u00f3ptimo, asegurando un rendimiento superior en el campo.<\/strong><\/li>\n<\/ul>\n","protected":false},"excerpt":{"rendered":"<p>Uso Recomendado:\u00a0Entrenamiento Deporte \/ Disciplina:\u00a0Futbol Americano\u00a0 Ventajas del Producto: Proporciona durabilidad y resistencia, soportando los impactos y exigencias del juego. Garantiza una buena retenci\u00f3n de aire y consistencia durante el juego, gracias a su bladder de butilo. Ofrece una excelente sensaci\u00f3n al tacto y un agarre \u00f3ptimo, asegurando un rendimiento superior en el campo.<\/p>\n","protected":false},"featured_media":5173,"template":"","meta":[],"product_brand":[],"product_cat":[584,583],"product_tag":[],"class_list":{"0":"post-5172","1":"product","2":"type-product","3":"status-publish","4":"has-post-thumbnail","6":"product_cat-balones-futbol-americano","7":"product_cat-futbol-americano","9":"first","10":"instock","11":"taxable","12":"shipping-taxable","13":"purchasable","14":"product-type-simple"},"wc_booster_product_categories":[{"id":584,"name":"Balones"},{"id":583,"name":"F\u00fatbol Americano"}],"wc_booster_product_price":"<span class=\"woocommerce-Price-amount amount\"><bdi><span class=\"woocommerce-Price-currencySymbol\">&#36;<\/span>9.990<\/bdi><\/span> <small class=\"woocommerce-price-suffix\">IVA Incluido<\/small>","wc_booster_product_rating":"","wc_booster_product_banner_img":false,"wc_booster_product_reviews":[],"wc_booster_product_stock_data":{"manage_stock":true,"total_stock":10,"sold_stock":0},"_links":{"self":[{"href":"https:\/\/deportesram.cl\/es_es\/wp-json\/wp\/v2\/product\/5172","targetHints":{"allow":["GET"]}}],"collection":[{"href":"https:\/\/deportesram.cl\/es_es\/wp-json\/wp\/v2\/product"}],"about":[{"href":"https:\/\/deportesram.cl\/es_es\/wp-json\/wp\/v2\/types\/product"}],"wp:featuredmedia":[{"embeddable":true,"href":"https:\/\/deportesram.cl\/es_es\/wp-json\/wp\/v2\/media\/5173"}],"wp:attachment":[{"href":"https:\/\/deportesram.cl\/es_es\/wp-json\/wp\/v2\/media?parent=5172"}],"wp:term":[{"taxonomy":"product_brand","embeddable":true,"href":"https:\/\/deportesram.cl\/es_es\/wp-json\/wp\/v2\/product_brand?post=5172"},{"taxonomy":"product_cat","embeddable":true,"href":"https:\/\/deportesram.cl\/es_es\/wp-json\/wp\/v2\/product_cat?post=5172"},{"taxonomy":"product_tag","embeddable":true,"href":"https:\/\/deportesram.cl\/es_es\/wp-json\/wp\/v2\/product_tag?post=5172"}],"curies":[{"name":"wp","href":"https:\/\/api.w.org\/{rel}","templated":true}]}}