{"id":5184,"date":"2025-03-05T14:18:37","date_gmt":"2025-03-05T17:18:37","guid":{"rendered":"https:\/\/deportesram.cl\/?post_type=product&#038;p=5184"},"modified":"2025-08-15T16:17:41","modified_gmt":"2025-08-15T20:17:41","slug":"balon-futbol-n5-penalty-ecoknit-s11-pelet","status":"publish","type":"product","link":"https:\/\/deportesram.cl\/es_es\/producto\/balon-futbol-n5-penalty-ecoknit-s11-pelet\/","title":{"rendered":"BALON FUTBOL N5 PENALTY ECOKNIT S11 PELET"},"content":{"rendered":"<p><strong>SUAVIDAD Y VELOCIDAD Compuesto de amortiguaci\u00f3n el\u00e1stica de alto rendimiento exclusivo de la l\u00ednea profesional Penalty. Reduce el impacto de la pelota sin perder velocidad, aportando suavidad, rapidez y precisi\u00f3n. ESTABILIDAD La c\u00e1mara est\u00e1 envuelta con hilos sint\u00e9ticos en un sistema de revestimiento multiaxial. Adem\u00e1s, recibe un tratamiento t\u00e9rmico con caucho natural, que estabiliza los hilos, unificando la estructura, asegurando la resistencia, uniformidad y estabilidad de la pelota. RENDIMIENTO M\u00c1XIMO Y RENDIMIENTO Tecnolog\u00eda de termofusi\u00f3n que garantiza un 0% de absorci\u00f3n de agua, manteniendo las propiedades de peso y velocidad de la pelota. Aporta mayor durabilidad y alto rendimie<\/strong>nto.<\/p>\n","protected":false},"excerpt":{"rendered":"<p>SUAVIDAD Y VELOCIDAD Compuesto de amortiguaci\u00f3n el\u00e1stica de alto rendimiento exclusivo de la l\u00ednea profesional Penalty. Reduce el impacto de la pelota sin perder velocidad, aportando suavidad, rapidez y precisi\u00f3n. ESTABILIDAD La c\u00e1mara est\u00e1 envuelta con hilos sint\u00e9ticos en un sistema de revestimiento multiaxial. Adem\u00e1s, recibe un tratamiento t\u00e9rmico con caucho natural, que estabiliza los [&hellip;]<\/p>\n","protected":false},"featured_media":5187,"template":"","meta":[],"product_brand":[],"product_cat":[674,672,673],"product_tag":[],"class_list":{"0":"post-5184","1":"product","2":"type-product","3":"status-publish","4":"has-post-thumbnail","6":"product_cat-balones-futbol-11","7":"product_cat-futbol","8":"product_cat-futbol-11","10":"first","11":"outofstock","12":"taxable","13":"shipping-taxable","14":"purchasable","15":"product-type-simple"},"wc_booster_product_categories":[{"id":674,"name":"Balones"},{"id":672,"name":"F\u00fatbol"},{"id":673,"name":"F\u00fatbol 11"}],"wc_booster_product_price":"<span class=\"woocommerce-Price-amount amount\"><bdi><span class=\"woocommerce-Price-currencySymbol\">&#36;<\/span>79.990<\/bdi><\/span> <small class=\"woocommerce-price-suffix\">IVA Incluido<\/small>","wc_booster_product_rating":"","wc_booster_product_banner_img":false,"wc_booster_product_reviews":[],"wc_booster_product_stock_data":{"manage_stock":false,"total_stock":null,"sold_stock":0},"_links":{"self":[{"href":"https:\/\/deportesram.cl\/es_es\/wp-json\/wp\/v2\/product\/5184","targetHints":{"allow":["GET"]}}],"collection":[{"href":"https:\/\/deportesram.cl\/es_es\/wp-json\/wp\/v2\/product"}],"about":[{"href":"https:\/\/deportesram.cl\/es_es\/wp-json\/wp\/v2\/types\/product"}],"wp:featuredmedia":[{"embeddable":true,"href":"https:\/\/deportesram.cl\/es_es\/wp-json\/wp\/v2\/media\/5187"}],"wp:attachment":[{"href":"https:\/\/deportesram.cl\/es_es\/wp-json\/wp\/v2\/media?parent=5184"}],"wp:term":[{"taxonomy":"product_brand","embeddable":true,"href":"https:\/\/deportesram.cl\/es_es\/wp-json\/wp\/v2\/product_brand?post=5184"},{"taxonomy":"product_cat","embeddable":true,"href":"https:\/\/deportesram.cl\/es_es\/wp-json\/wp\/v2\/product_cat?post=5184"},{"taxonomy":"product_tag","embeddable":true,"href":"https:\/\/deportesram.cl\/es_es\/wp-json\/wp\/v2\/product_tag?post=5184"}],"curies":[{"name":"wp","href":"https:\/\/api.w.org\/{rel}","templated":true}]}}