{"id":5188,"date":"2025-03-05T14:32:43","date_gmt":"2025-03-05T17:32:43","guid":{"rendered":"https:\/\/deportesram.cl\/?post_type=product&#038;p=5188"},"modified":"2025-08-15T16:17:41","modified_gmt":"2025-08-15T20:17:41","slug":"balon-futbol-n4-penalty-campo-s11-r2-xxii-bl-ro","status":"publish","type":"product","link":"https:\/\/deportesram.cl\/es_es\/producto\/balon-futbol-n4-penalty-campo-s11-r2-xxii-bl-ro\/","title":{"rendered":"BALON FUTBOL N4 PENALTY CAMPO S11 R2 XXII BL\/RO"},"content":{"rendered":"<p><strong>El Bal\u00f3n Campo Penalty S11 R2 XXII fue creado para que rindas a un alto nivel con la m\u00e1xima comodidad durante pases, patadas y dominios. El principal diferencial del pellet es aportar una mayor durabilidad y resistencia para que disfrutes de un producto de calidad durante mucho m\u00e1s tiempo. \u00a1Consigue el tuyo y llena las redes como una estrella!<\/strong><\/p>\n<ul>\n<li><strong>M\u00e1ximo confort en contacto con el cuerpo.<\/strong><\/li>\n<li><strong>Sin costuras.<\/strong><\/li>\n<li><strong>Resistencia y durabilidad.<\/strong><\/li>\n<\/ul>\n<p><strong>El Bal\u00f3n Campo Penalty S11 R1 XXII tiene una C\u00e1mara 6D compuesta por 6 discos posicionados sim\u00e9tricamente, equilibrando completamente el bal\u00f3n.\u00a0Adem\u00e1s, el pellet tiene una estructura de anillos internos, lo que hace que el producto sea mucho m\u00e1s esf\u00e9rico, con excelente equilibrio y resistencia a la retenci\u00f3n de aire.\u00a0Por \u00faltimo, el nuevo modelo cuenta con tecnolog\u00eda SIS Capsule, su n\u00facleo es lubricado y reemplazable, adem\u00e1s de una boquilla alargada que rodea la aguja evitando que perfore la c\u00e1mara de aire.<\/strong><\/p>\n","protected":false},"excerpt":{"rendered":"<p>El Bal\u00f3n Campo Penalty S11 R2 XXII fue creado para que rindas a un alto nivel con la m\u00e1xima comodidad durante pases, patadas y dominios. El principal diferencial del pellet es aportar una mayor durabilidad y resistencia para que disfrutes de un producto de calidad durante mucho m\u00e1s tiempo. \u00a1Consigue el tuyo y llena las [&hellip;]<\/p>\n","protected":false},"featured_media":5190,"template":"","meta":[],"product_brand":[],"product_cat":[674,672,673],"product_tag":[],"class_list":{"0":"post-5188","1":"product","2":"type-product","3":"status-publish","4":"has-post-thumbnail","6":"product_cat-balones-futbol-11","7":"product_cat-futbol","8":"product_cat-futbol-11","10":"first","11":"outofstock","12":"taxable","13":"shipping-taxable","14":"purchasable","15":"product-type-simple"},"wc_booster_product_categories":[{"id":674,"name":"Balones"},{"id":672,"name":"F\u00fatbol"},{"id":673,"name":"F\u00fatbol 11"}],"wc_booster_product_price":"<span class=\"woocommerce-Price-amount amount\"><bdi><span class=\"woocommerce-Price-currencySymbol\">&#36;<\/span>35.990<\/bdi><\/span> <small class=\"woocommerce-price-suffix\">IVA Incluido<\/small>","wc_booster_product_rating":"","wc_booster_product_banner_img":false,"wc_booster_product_reviews":[],"wc_booster_product_stock_data":{"manage_stock":false,"total_stock":null,"sold_stock":0},"_links":{"self":[{"href":"https:\/\/deportesram.cl\/es_es\/wp-json\/wp\/v2\/product\/5188","targetHints":{"allow":["GET"]}}],"collection":[{"href":"https:\/\/deportesram.cl\/es_es\/wp-json\/wp\/v2\/product"}],"about":[{"href":"https:\/\/deportesram.cl\/es_es\/wp-json\/wp\/v2\/types\/product"}],"wp:featuredmedia":[{"embeddable":true,"href":"https:\/\/deportesram.cl\/es_es\/wp-json\/wp\/v2\/media\/5190"}],"wp:attachment":[{"href":"https:\/\/deportesram.cl\/es_es\/wp-json\/wp\/v2\/media?parent=5188"}],"wp:term":[{"taxonomy":"product_brand","embeddable":true,"href":"https:\/\/deportesram.cl\/es_es\/wp-json\/wp\/v2\/product_brand?post=5188"},{"taxonomy":"product_cat","embeddable":true,"href":"https:\/\/deportesram.cl\/es_es\/wp-json\/wp\/v2\/product_cat?post=5188"},{"taxonomy":"product_tag","embeddable":true,"href":"https:\/\/deportesram.cl\/es_es\/wp-json\/wp\/v2\/product_tag?post=5188"}],"curies":[{"name":"wp","href":"https:\/\/api.w.org\/{rel}","templated":true}]}}