{"id":5197,"date":"2025-03-05T16:14:51","date_gmt":"2025-03-05T19:14:51","guid":{"rendered":"https:\/\/deportesram.cl\/?post_type=product&#038;p=5197"},"modified":"2025-09-09T22:09:37","modified_gmt":"2025-09-10T01:09:37","slug":"balon-futbol-n5-oficial-penalty-s11-r1-xxii-bl-ro","status":"publish","type":"product","link":"https:\/\/deportesram.cl\/es_es\/producto\/balon-futbol-n5-oficial-penalty-s11-r1-xxii-bl-ro\/","title":{"rendered":"BALON FUTBOL N5 OFICIAL PENALTY S11 R1 XXII BL\/RO"},"content":{"rendered":"<p><strong>\u00a1Muestra tus habilidades dentro de las cuatro l\u00edneas!<\/strong><br \/>\n<strong>El Penalty S11 R1 XXII se crea para que usted se desempe\u00f1e en un alto nivel con m\u00e1xima comodidad en pases, remates y dominios. El principal diferencial de este bal\u00f3n es proporcionar una mayor durabilidad y resistencia para que aproveche un producto de calidad por mucho m\u00e1s tiempo.<\/strong><br \/>\n<strong>\u00a1Obt\u00e9n el tuyo y infla las redes como una estrella!<\/strong><\/p>\n<p><strong>Beneficios:<\/strong><\/p>\n<ul>\n<li><strong>M\u00e1xima comodidad en contacto con el cuerpo.<\/strong><\/li>\n<li><strong>Sin costuras.<\/strong><\/li>\n<li><strong>Resistencia y durabilidad.<\/strong><\/li>\n<\/ul>\n<p><strong>Algunos diferenciales t\u00e9cnicos:<\/strong><\/p>\n<p><strong>El bal\u00f3n Penalty S11 R1 XXII tiene la c\u00e1mara 6D que consta de 6 discos posicionados sim\u00e9tricamente, equilibrando totalmente la pelota. Adem\u00e1s, el sedimento tiene una estructura de anillos internos, dejando el producto mucho m\u00e1s esf\u00e9rico, con un gran equilibrio y resistencia a la retenci\u00f3n del aire. Finalmente, el nuevo modelo presenta la tecnolog\u00eda de c\u00e1psula SIS, su n\u00facleo est\u00e1 lubricado y reemplazable, as\u00ed como el pico alargado que rodea la aguja que evita que perfore la c\u00e1mara de aire.<\/strong><\/p>\n","protected":false},"excerpt":{"rendered":"<p>\u00a1Muestra tus habilidades dentro de las cuatro l\u00edneas! El Penalty S11 R1 XXII se crea para que usted se desempe\u00f1e en un alto nivel con m\u00e1xima comodidad en pases, remates y dominios. El principal diferencial de este bal\u00f3n es proporcionar una mayor durabilidad y resistencia para que aproveche un producto de calidad por mucho m\u00e1s [&hellip;]<\/p>\n","protected":false},"featured_media":5190,"template":"","meta":[],"product_brand":[],"product_cat":[674,672,673],"product_tag":[],"class_list":{"0":"post-5197","1":"product","2":"type-product","3":"status-publish","4":"has-post-thumbnail","6":"product_cat-balones-futbol-11","7":"product_cat-futbol","8":"product_cat-futbol-11","10":"first","11":"instock","12":"taxable","13":"shipping-taxable","14":"purchasable","15":"product-type-simple"},"wc_booster_product_categories":[{"id":674,"name":"Balones"},{"id":672,"name":"F\u00fatbol"},{"id":673,"name":"F\u00fatbol 11"}],"wc_booster_product_price":"<span class=\"woocommerce-Price-amount amount\"><bdi><span class=\"woocommerce-Price-currencySymbol\">&#36;<\/span>79.990<\/bdi><\/span> <small class=\"woocommerce-price-suffix\">IVA Incluido<\/small>","wc_booster_product_rating":"","wc_booster_product_banner_img":false,"wc_booster_product_reviews":[],"wc_booster_product_stock_data":{"manage_stock":true,"total_stock":1,"sold_stock":0},"_links":{"self":[{"href":"https:\/\/deportesram.cl\/es_es\/wp-json\/wp\/v2\/product\/5197","targetHints":{"allow":["GET"]}}],"collection":[{"href":"https:\/\/deportesram.cl\/es_es\/wp-json\/wp\/v2\/product"}],"about":[{"href":"https:\/\/deportesram.cl\/es_es\/wp-json\/wp\/v2\/types\/product"}],"wp:featuredmedia":[{"embeddable":true,"href":"https:\/\/deportesram.cl\/es_es\/wp-json\/wp\/v2\/media\/5190"}],"wp:attachment":[{"href":"https:\/\/deportesram.cl\/es_es\/wp-json\/wp\/v2\/media?parent=5197"}],"wp:term":[{"taxonomy":"product_brand","embeddable":true,"href":"https:\/\/deportesram.cl\/es_es\/wp-json\/wp\/v2\/product_brand?post=5197"},{"taxonomy":"product_cat","embeddable":true,"href":"https:\/\/deportesram.cl\/es_es\/wp-json\/wp\/v2\/product_cat?post=5197"},{"taxonomy":"product_tag","embeddable":true,"href":"https:\/\/deportesram.cl\/es_es\/wp-json\/wp\/v2\/product_tag?post=5197"}],"curies":[{"name":"wp","href":"https:\/\/api.w.org\/{rel}","templated":true}]}}