{"id":5200,"date":"2025-03-06T10:33:19","date_gmt":"2025-03-06T13:33:19","guid":{"rendered":"https:\/\/deportesram.cl\/?post_type=product&#038;p=5200"},"modified":"2025-08-15T16:17:41","modified_gmt":"2025-08-15T20:17:41","slug":"balon-futbol-n5-muuk-match-pro-thermo-bonder-azul-2","status":"publish","type":"product","link":"https:\/\/deportesram.cl\/es_es\/producto\/balon-futbol-n5-muuk-match-pro-thermo-bonder-azul-2\/","title":{"rendered":"BALON FUTBOL N5 MUUK MATCH PRO THERMO BONDER AZUL"},"content":{"rendered":"<p><strong>Experimenta el aut\u00e9ntico estilo brasile\u00f1o dentro de las cuatro l\u00edneas con el Bal\u00f3n De Futbol Match Pro Muuk. Desde los primeros pases y patadas, sentir\u00e1s la suavidad y comodidad que este bal\u00f3n proporciona. A medida que rueda, experimentar\u00e1s un control excepcional y un rebote preciso, permiti\u00e9ndote disfrutarlo por m\u00e1s tiempo. \u00a1Asegura el tuyo ahora y lleva tu juego al siguiente nivel.<\/strong><\/p>\n","protected":false},"excerpt":{"rendered":"<p>Experimenta el aut\u00e9ntico estilo brasile\u00f1o dentro de las cuatro l\u00edneas con el Bal\u00f3n De Futbol Match Pro Muuk. Desde los primeros pases y patadas, sentir\u00e1s la suavidad y comodidad que este bal\u00f3n proporciona. A medida que rueda, experimentar\u00e1s un control excepcional y un rebote preciso, permiti\u00e9ndote disfrutarlo por m\u00e1s tiempo. \u00a1Asegura el tuyo ahora y [&hellip;]<\/p>\n","protected":false},"featured_media":5201,"template":"","meta":[],"product_brand":[],"product_cat":[674,672,673],"product_tag":[],"class_list":{"0":"post-5200","1":"product","2":"type-product","3":"status-publish","4":"has-post-thumbnail","6":"product_cat-balones-futbol-11","7":"product_cat-futbol","8":"product_cat-futbol-11","10":"first","11":"outofstock","12":"taxable","13":"shipping-taxable","14":"purchasable","15":"product-type-simple"},"wc_booster_product_categories":[{"id":674,"name":"Balones"},{"id":672,"name":"F\u00fatbol"},{"id":673,"name":"F\u00fatbol 11"}],"wc_booster_product_price":"<span class=\"woocommerce-Price-amount amount\"><bdi><span class=\"woocommerce-Price-currencySymbol\">&#36;<\/span>34.990<\/bdi><\/span> <small class=\"woocommerce-price-suffix\">IVA Incluido<\/small>","wc_booster_product_rating":"","wc_booster_product_banner_img":false,"wc_booster_product_reviews":[],"wc_booster_product_stock_data":{"manage_stock":false,"total_stock":null,"sold_stock":0},"_links":{"self":[{"href":"https:\/\/deportesram.cl\/es_es\/wp-json\/wp\/v2\/product\/5200","targetHints":{"allow":["GET"]}}],"collection":[{"href":"https:\/\/deportesram.cl\/es_es\/wp-json\/wp\/v2\/product"}],"about":[{"href":"https:\/\/deportesram.cl\/es_es\/wp-json\/wp\/v2\/types\/product"}],"wp:featuredmedia":[{"embeddable":true,"href":"https:\/\/deportesram.cl\/es_es\/wp-json\/wp\/v2\/media\/5201"}],"wp:attachment":[{"href":"https:\/\/deportesram.cl\/es_es\/wp-json\/wp\/v2\/media?parent=5200"}],"wp:term":[{"taxonomy":"product_brand","embeddable":true,"href":"https:\/\/deportesram.cl\/es_es\/wp-json\/wp\/v2\/product_brand?post=5200"},{"taxonomy":"product_cat","embeddable":true,"href":"https:\/\/deportesram.cl\/es_es\/wp-json\/wp\/v2\/product_cat?post=5200"},{"taxonomy":"product_tag","embeddable":true,"href":"https:\/\/deportesram.cl\/es_es\/wp-json\/wp\/v2\/product_tag?post=5200"}],"curies":[{"name":"wp","href":"https:\/\/api.w.org\/{rel}","templated":true}]}}