{"id":5206,"date":"2025-03-06T11:25:24","date_gmt":"2025-03-06T14:25:24","guid":{"rendered":"https:\/\/deportesram.cl\/?post_type=product&#038;p=5206"},"modified":"2025-08-15T16:20:59","modified_gmt":"2025-08-15T20:20:59","slug":"balon-futbolito-n5-penalty-storm-kick-off-azul-2","status":"publish","type":"product","link":"https:\/\/deportesram.cl\/es_es\/producto\/balon-futbolito-n5-penalty-storm-kick-off-azul-2\/","title":{"rendered":"BALON FUTBOLITO N5 PENALTY STORM KICK OFF AZUL"},"content":{"rendered":"<p><strong>Experimenta la esencia del futbolito con el\u00a0Bal\u00f3n de Futbolito Penalty Storm.\u00a0Desde el primer toque, sentir\u00e1s su suavidad y comodidad excepcionales. Controla cada jugada con precisi\u00f3n y disfruta de un rebote reducido. Su resistente construcci\u00f3n cosida a mano garantiza durabilidad para prolongar tu diversi\u00f3n en la cancha. \u00a1Asegura el tuyo y demuestra tu destreza en el futbolito!<\/strong><\/p>\n","protected":false},"excerpt":{"rendered":"<p>Experimenta la esencia del futbolito con el\u00a0Bal\u00f3n de Futbolito Penalty Storm.\u00a0Desde el primer toque, sentir\u00e1s su suavidad y comodidad excepcionales. Controla cada jugada con precisi\u00f3n y disfruta de un rebote reducido. Su resistente construcci\u00f3n cosida a mano garantiza durabilidad para prolongar tu diversi\u00f3n en la cancha. \u00a1Asegura el tuyo y demuestra tu destreza en el [&hellip;]<\/p>\n","protected":false},"featured_media":5207,"template":"","meta":[],"product_brand":[],"product_cat":[684,672,683],"product_tag":[],"class_list":{"0":"post-5206","1":"product","2":"type-product","3":"status-publish","4":"has-post-thumbnail","6":"product_cat-balones-futbolito","7":"product_cat-futbol","8":"product_cat-futbolito","10":"first","11":"outofstock","12":"taxable","13":"shipping-taxable","14":"purchasable","15":"product-type-simple"},"wc_booster_product_categories":[{"id":684,"name":"Balones"},{"id":672,"name":"F\u00fatbol"},{"id":683,"name":"Futbolito"}],"wc_booster_product_price":"<span class=\"woocommerce-Price-amount amount\"><bdi><span class=\"woocommerce-Price-currencySymbol\">&#36;<\/span>24.990<\/bdi><\/span> <small class=\"woocommerce-price-suffix\">IVA Incluido<\/small>","wc_booster_product_rating":"","wc_booster_product_banner_img":false,"wc_booster_product_reviews":[],"wc_booster_product_stock_data":{"manage_stock":false,"total_stock":null,"sold_stock":0},"_links":{"self":[{"href":"https:\/\/deportesram.cl\/es_es\/wp-json\/wp\/v2\/product\/5206","targetHints":{"allow":["GET"]}}],"collection":[{"href":"https:\/\/deportesram.cl\/es_es\/wp-json\/wp\/v2\/product"}],"about":[{"href":"https:\/\/deportesram.cl\/es_es\/wp-json\/wp\/v2\/types\/product"}],"wp:featuredmedia":[{"embeddable":true,"href":"https:\/\/deportesram.cl\/es_es\/wp-json\/wp\/v2\/media\/5207"}],"wp:attachment":[{"href":"https:\/\/deportesram.cl\/es_es\/wp-json\/wp\/v2\/media?parent=5206"}],"wp:term":[{"taxonomy":"product_brand","embeddable":true,"href":"https:\/\/deportesram.cl\/es_es\/wp-json\/wp\/v2\/product_brand?post=5206"},{"taxonomy":"product_cat","embeddable":true,"href":"https:\/\/deportesram.cl\/es_es\/wp-json\/wp\/v2\/product_cat?post=5206"},{"taxonomy":"product_tag","embeddable":true,"href":"https:\/\/deportesram.cl\/es_es\/wp-json\/wp\/v2\/product_tag?post=5206"}],"curies":[{"name":"wp","href":"https:\/\/api.w.org\/{rel}","templated":true}]}}