{"id":5215,"date":"2025-03-06T12:17:43","date_gmt":"2025-03-06T15:17:43","guid":{"rendered":"https:\/\/deportesram.cl\/?post_type=product&#038;p=5215"},"modified":"2025-08-15T16:20:59","modified_gmt":"2025-08-15T20:20:59","slug":"balon-futbolito-n5-penalty-society-bola-8-amarillo","status":"publish","type":"product","link":"https:\/\/deportesram.cl\/es_es\/producto\/balon-futbolito-n5-penalty-society-bola-8-amarillo\/","title":{"rendered":"BALON FUTBOLITO N5 PENALTY SOCIETY BOLA 8 AMARILLO"},"content":{"rendered":"<div id=\"product-description\" class=\"product-specifications__description \">\n<div class=\"product-specifications__content\">\n<p><strong>Pensando exclusivamente en sus jugadas y su estilo cl\u00e1sico de juego, Penalty cre\u00f3 la 8 Ball of Society.\u00a0Tu historia tiene el poder de cambiar el juego y el futuro de tus desnudos.\u00a0La primera pelota con 8 paneles del mundo fue creada con los m\u00e1s m\u00ednimos detalles para que brille dentro de las canchas sint\u00e9ticas.\u00a0Al garantizar una absorci\u00f3n de agua del 0% en partidos lluviosos, ya no necesitar\u00e1s detener los partidos debido al clima.\u00a0Brilla en cualquier situaci\u00f3n, eres un as.<\/strong><\/p>\n<h2><strong>Beneficios:<\/strong><\/h2>\n<ul>\n<li><strong>Juega en todas las condiciones y horarios.<\/strong><\/li>\n<li><strong>La pelota del futuro con un dise\u00f1o innovador.<\/strong><\/li>\n<li><strong>Excelente nivel de rendimiento y suavidad en pases y patadas.<\/strong><\/li>\n<\/ul>\n<h2><strong>Algunos diferenciales t\u00e9cnicos:<\/strong><\/h2>\n<p><strong>El forro termo endurecible garantiza resistencia, uniformidad y estabilidad en el bal\u00f3n. Por otro lado, la c\u00e1mara presente en la bola tiene 6 amortiguadores internos, lo que promueve un mejor equilibrio y precisi\u00f3n en los movimientos.<\/strong><\/p>\n<p>&nbsp;<\/p>\n<\/div>\n<\/div>\n<div class=\"product-specifications__particulars \">\n<h3 class=\"product-specifications__title\"><strong>CARACTER\u00cdSTICAS<\/strong><\/h3>\n<div class=\"product-specifications__content\">\n<ul>\n<li><strong>PESO: 420-450G<\/strong><\/li>\n<li><strong>CIRCUNFERENCIA: 66-69 CM<\/strong><\/li>\n<li><strong>CUERPOS: 8<\/strong><\/li>\n<li><strong>LAMINADO: PU<\/strong><\/li>\n<li><strong>CONSTRUCCI\u00d3N: TERMOTEC<\/strong><\/li>\n<li><strong>C\u00c1MARA: 6D<\/strong><\/li>\n<li><strong>SISTEMA DE REVESTIMIENTO: TERMOSET<\/strong><\/li>\n<li><strong>CAPA INTERIOR: NEOGEL<\/strong><\/li>\n<li><strong>PROCESO EXTRA: DOBLE COLLAGE<\/strong><\/li>\n<li><strong>N\u00daCLEO: C\u00c1PSULA DE SIS<\/strong><\/li>\n<\/ul>\n<\/div>\n<\/div>\n<div class=\"product-specifications__care \">\n<h3 class=\"product-specifications__title\"><strong>CUIDADO<\/strong><\/h3>\n<div class=\"product-specifications__content\">\n<ul>\n<li><strong>LIMPIE LA BOLA CON UN CEPILLO O UN PA\u00d1O LIMPIO LIGERAMENTE HUMEDADO CON AGUA DESPU\u00c9S DE SU USO<\/strong><\/li>\n<li><strong>SECAR LA BOLA COMPLETAMENTE<\/strong><\/li>\n<li><strong>CONSERVAR EN UN AMBIENTE SECO Y VENTILADO<\/strong><\/li>\n<li><strong>NO EXPOSICION AL SOL NI A LA LLUVIA<\/strong><\/li>\n<li><strong>MANT\u00c9NGALO SIEMPRE CALIBRADO<\/strong><\/li>\n<\/ul>\n<\/div>\n<\/div>\n","protected":false},"excerpt":{"rendered":"<p>Pensando exclusivamente en sus jugadas y su estilo cl\u00e1sico de juego, Penalty cre\u00f3 la 8 Ball of Society.\u00a0Tu historia tiene el poder de cambiar el juego y el futuro de tus desnudos.\u00a0La primera pelota con 8 paneles del mundo fue creada con los m\u00e1s m\u00ednimos detalles para que brille dentro de las canchas sint\u00e9ticas.\u00a0Al garantizar [&hellip;]<\/p>\n","protected":false},"featured_media":5214,"template":"","meta":[],"product_brand":[],"product_cat":[684,672,683],"product_tag":[],"class_list":{"0":"post-5215","1":"product","2":"type-product","3":"status-publish","4":"has-post-thumbnail","6":"product_cat-balones-futbolito","7":"product_cat-futbol","8":"product_cat-futbolito","10":"first","11":"outofstock","12":"taxable","13":"shipping-taxable","14":"purchasable","15":"product-type-simple"},"wc_booster_product_categories":[{"id":684,"name":"Balones"},{"id":672,"name":"F\u00fatbol"},{"id":683,"name":"Futbolito"}],"wc_booster_product_price":"<span class=\"woocommerce-Price-amount amount\"><bdi><span class=\"woocommerce-Price-currencySymbol\">&#36;<\/span>45.990<\/bdi><\/span> <small class=\"woocommerce-price-suffix\">IVA Incluido<\/small>","wc_booster_product_rating":"","wc_booster_product_banner_img":false,"wc_booster_product_reviews":[],"wc_booster_product_stock_data":{"manage_stock":false,"total_stock":null,"sold_stock":0},"_links":{"self":[{"href":"https:\/\/deportesram.cl\/es_es\/wp-json\/wp\/v2\/product\/5215","targetHints":{"allow":["GET"]}}],"collection":[{"href":"https:\/\/deportesram.cl\/es_es\/wp-json\/wp\/v2\/product"}],"about":[{"href":"https:\/\/deportesram.cl\/es_es\/wp-json\/wp\/v2\/types\/product"}],"wp:featuredmedia":[{"embeddable":true,"href":"https:\/\/deportesram.cl\/es_es\/wp-json\/wp\/v2\/media\/5214"}],"wp:attachment":[{"href":"https:\/\/deportesram.cl\/es_es\/wp-json\/wp\/v2\/media?parent=5215"}],"wp:term":[{"taxonomy":"product_brand","embeddable":true,"href":"https:\/\/deportesram.cl\/es_es\/wp-json\/wp\/v2\/product_brand?post=5215"},{"taxonomy":"product_cat","embeddable":true,"href":"https:\/\/deportesram.cl\/es_es\/wp-json\/wp\/v2\/product_cat?post=5215"},{"taxonomy":"product_tag","embeddable":true,"href":"https:\/\/deportesram.cl\/es_es\/wp-json\/wp\/v2\/product_tag?post=5215"}],"curies":[{"name":"wp","href":"https:\/\/api.w.org\/{rel}","templated":true}]}}