{"id":5218,"date":"2025-03-06T13:13:21","date_gmt":"2025-03-06T16:13:21","guid":{"rendered":"https:\/\/deportesram.cl\/?post_type=product&#038;p=5218"},"modified":"2025-08-15T16:20:59","modified_gmt":"2025-08-15T20:20:59","slug":"balon-futbolito-n5-penalty-digital-term","status":"publish","type":"product","link":"https:\/\/deportesram.cl\/es_es\/producto\/balon-futbolito-n5-penalty-digital-term\/","title":{"rendered":"BALON FUTBOLITO N5 PENALTY DIGITAL TERM"},"content":{"rendered":"<p><strong>Bal\u00f3n de futbolito Penalty Digital N\u00b05, Costuras con tecnolog\u00eda Termotec (Termo sellado) esto garantiza 0% absorci\u00f3n de agua, bal\u00f3n ideal para f\u00fatbol campo en material de PU para mayor confort al jugar.<\/strong><\/p>\n<p>&nbsp;<\/p>\n<ul>\n<li><strong>MATERIAL PU<\/strong><\/li>\n<li><strong>COSTURA TERMO SELLADA (TERMOTEC)<\/strong><\/li>\n<li><strong>CAPA INTERNA NEO GEL<\/strong><\/li>\n<li><strong>NUMERO 5<\/strong><\/li>\n<li><strong>IDEAL PARA F\u00daTBOL CAMPO<\/strong><\/li>\n<li><strong>Tama\u00f1o (L x P x A cm)70Peso (kg)0.4MaterialPU<\/strong><\/li>\n<\/ul>\n","protected":false},"excerpt":{"rendered":"<p>Bal\u00f3n de futbolito Penalty Digital N\u00b05, Costuras con tecnolog\u00eda Termotec (Termo sellado) esto garantiza 0% absorci\u00f3n de agua, bal\u00f3n ideal para f\u00fatbol campo en material de PU para mayor confort al jugar. &nbsp; MATERIAL PU COSTURA TERMO SELLADA (TERMOTEC) CAPA INTERNA NEO GEL NUMERO 5 IDEAL PARA F\u00daTBOL CAMPO Tama\u00f1o (L x P x A [&hellip;]<\/p>\n","protected":false},"featured_media":5219,"template":"","meta":[],"product_brand":[],"product_cat":[684,672,683],"product_tag":[],"class_list":{"0":"post-5218","1":"product","2":"type-product","3":"status-publish","4":"has-post-thumbnail","6":"product_cat-balones-futbolito","7":"product_cat-futbol","8":"product_cat-futbolito","10":"first","11":"outofstock","12":"taxable","13":"shipping-taxable","14":"purchasable","15":"product-type-simple"},"wc_booster_product_categories":[{"id":684,"name":"Balones"},{"id":672,"name":"F\u00fatbol"},{"id":683,"name":"Futbolito"}],"wc_booster_product_price":"<span class=\"woocommerce-Price-amount amount\"><bdi><span class=\"woocommerce-Price-currencySymbol\">&#36;<\/span>34.990<\/bdi><\/span> <small class=\"woocommerce-price-suffix\">IVA Incluido<\/small>","wc_booster_product_rating":"","wc_booster_product_banner_img":false,"wc_booster_product_reviews":[],"wc_booster_product_stock_data":{"manage_stock":false,"total_stock":null,"sold_stock":0},"_links":{"self":[{"href":"https:\/\/deportesram.cl\/es_es\/wp-json\/wp\/v2\/product\/5218","targetHints":{"allow":["GET"]}}],"collection":[{"href":"https:\/\/deportesram.cl\/es_es\/wp-json\/wp\/v2\/product"}],"about":[{"href":"https:\/\/deportesram.cl\/es_es\/wp-json\/wp\/v2\/types\/product"}],"wp:featuredmedia":[{"embeddable":true,"href":"https:\/\/deportesram.cl\/es_es\/wp-json\/wp\/v2\/media\/5219"}],"wp:attachment":[{"href":"https:\/\/deportesram.cl\/es_es\/wp-json\/wp\/v2\/media?parent=5218"}],"wp:term":[{"taxonomy":"product_brand","embeddable":true,"href":"https:\/\/deportesram.cl\/es_es\/wp-json\/wp\/v2\/product_brand?post=5218"},{"taxonomy":"product_cat","embeddable":true,"href":"https:\/\/deportesram.cl\/es_es\/wp-json\/wp\/v2\/product_cat?post=5218"},{"taxonomy":"product_tag","embeddable":true,"href":"https:\/\/deportesram.cl\/es_es\/wp-json\/wp\/v2\/product_tag?post=5218"}],"curies":[{"name":"wp","href":"https:\/\/api.w.org\/{rel}","templated":true}]}}