{"id":5220,"date":"2025-03-06T13:20:40","date_gmt":"2025-03-06T16:20:40","guid":{"rendered":"https:\/\/deportesram.cl\/?post_type=product&#038;p=5220"},"modified":"2025-08-15T16:20:59","modified_gmt":"2025-08-15T20:20:59","slug":"balon-futbolito-n4-penalty-lider-xxiv-ama-azul","status":"publish","type":"product","link":"https:\/\/deportesram.cl\/es_es\/producto\/balon-futbolito-n4-penalty-lider-xxiv-ama-azul\/","title":{"rendered":"BALON FUTBOLITO N4 PENALTY LIDER XXIV AMA\/AZUL"},"content":{"rendered":"<p><strong>El equipo adecuado marca toda la diferencia en el desarrollo de los futuros cracks.<\/strong><br \/>\n<strong>Pensando en eso, Penalty desarroll\u00f3 el\u00a0Bal\u00f3n de Futbolito Penalty N4 L\u00edder. Su construcci\u00f3n en laminado de PU ayuda a la comodidad y suavidad en los pies durante los pases, adem\u00e1s de proporcionar un excelente nivel de rendimiento en las jugadas.<\/strong><br \/>\n<strong>\u00a1Con el Bal\u00f3n de F\u00fatbol Society Tama\u00f1o 4 a tu lado, te convertir\u00e1s en una leyenda!<\/strong><\/p>\n<p><strong>Caracter\u00edsticas<\/strong><\/p>\n<ul>\n<li><strong>Peso: 360-390 g<\/strong><\/li>\n<li><strong>Circunferencia: 64-66 cm<\/strong><\/li>\n<li><strong>Paneles: 6<\/strong><\/li>\n<li><strong>Laminado: PU<\/strong><\/li>\n<li><strong>Construcci\u00f3n: Ultra Fusi\u00f3n<\/strong><\/li>\n<li><strong>C\u00e1mara: 6D<\/strong><\/li>\n<li><strong>Sistema de Forro: Termofijo<\/strong><\/li>\n<li><strong>Capa Interna: Evacel<\/strong><\/li>\n<li><strong>V\u00e1lvula: C\u00e1psula SIS<\/strong><\/li>\n<li><strong>Proceso Extra: Doble Pegado \/ Kick-Of<\/strong><\/li>\n<\/ul>\n<p><strong>Beneficios:<\/strong><\/p>\n<ul>\n<li><strong>Suavidad y comodidad.<\/strong><\/li>\n<li><strong>Excelente nivel de rendimiento durante las jugadas.<\/strong><\/li>\n<li><strong>Menor absorci\u00f3n de agua.<\/strong><\/li>\n<li><strong>Sin costuras.<\/strong><\/li>\n<\/ul>\n<p><strong>Tecnolog\u00edas:<\/strong><br \/>\n<strong>El Bal\u00f3n de Futbolito N4 Penalty L\u00edder posee una c\u00e1mara con tecnolog\u00eda 6D, compuesta por 6 discos anulares posicionados sim\u00e9tricamente que proporcionan mayor equilibrio durante las jugadas.<\/strong><br \/>\n<strong>Tambi\u00e9n cuenta con un sistema de forro Termofijo, compuesto por capas de tramas de hilos sint\u00e9ticos mediante un tratamiento de caucho natural, lo que aumenta la precisi\u00f3n y estabilidad de la pelota durante los pases y disparos.<\/strong><br \/>\n<strong>Adem\u00e1s, la pelota cuenta con una capa interna de Evacel, asegurando mayor comodidad al reducir los impactos.<\/strong><\/p>\n","protected":false},"excerpt":{"rendered":"<p>El equipo adecuado marca toda la diferencia en el desarrollo de los futuros cracks. Pensando en eso, Penalty desarroll\u00f3 el\u00a0Bal\u00f3n de Futbolito Penalty N4 L\u00edder. Su construcci\u00f3n en laminado de PU ayuda a la comodidad y suavidad en los pies durante los pases, adem\u00e1s de proporcionar un excelente nivel de rendimiento en las jugadas. \u00a1Con [&hellip;]<\/p>\n","protected":false},"featured_media":5221,"template":"","meta":[],"product_brand":[],"product_cat":[684,672,683],"product_tag":[],"class_list":{"0":"post-5220","1":"product","2":"type-product","3":"status-publish","4":"has-post-thumbnail","6":"product_cat-balones-futbolito","7":"product_cat-futbol","8":"product_cat-futbolito","10":"first","11":"outofstock","12":"taxable","13":"shipping-taxable","14":"purchasable","15":"product-type-simple"},"wc_booster_product_categories":[{"id":684,"name":"Balones"},{"id":672,"name":"F\u00fatbol"},{"id":683,"name":"Futbolito"}],"wc_booster_product_price":"<span class=\"woocommerce-Price-amount amount\"><bdi><span class=\"woocommerce-Price-currencySymbol\">&#36;<\/span>38.990<\/bdi><\/span> <small class=\"woocommerce-price-suffix\">IVA Incluido<\/small>","wc_booster_product_rating":"","wc_booster_product_banner_img":false,"wc_booster_product_reviews":[],"wc_booster_product_stock_data":{"manage_stock":false,"total_stock":null,"sold_stock":0},"_links":{"self":[{"href":"https:\/\/deportesram.cl\/es_es\/wp-json\/wp\/v2\/product\/5220","targetHints":{"allow":["GET"]}}],"collection":[{"href":"https:\/\/deportesram.cl\/es_es\/wp-json\/wp\/v2\/product"}],"about":[{"href":"https:\/\/deportesram.cl\/es_es\/wp-json\/wp\/v2\/types\/product"}],"wp:featuredmedia":[{"embeddable":true,"href":"https:\/\/deportesram.cl\/es_es\/wp-json\/wp\/v2\/media\/5221"}],"wp:attachment":[{"href":"https:\/\/deportesram.cl\/es_es\/wp-json\/wp\/v2\/media?parent=5220"}],"wp:term":[{"taxonomy":"product_brand","embeddable":true,"href":"https:\/\/deportesram.cl\/es_es\/wp-json\/wp\/v2\/product_brand?post=5220"},{"taxonomy":"product_cat","embeddable":true,"href":"https:\/\/deportesram.cl\/es_es\/wp-json\/wp\/v2\/product_cat?post=5220"},{"taxonomy":"product_tag","embeddable":true,"href":"https:\/\/deportesram.cl\/es_es\/wp-json\/wp\/v2\/product_tag?post=5220"}],"curies":[{"name":"wp","href":"https:\/\/api.w.org\/{rel}","templated":true}]}}