{"id":5223,"date":"2025-03-07T10:53:14","date_gmt":"2025-03-07T13:53:14","guid":{"rendered":"https:\/\/deportesram.cl\/?post_type=product&#038;p=5223"},"modified":"2025-08-15T16:20:59","modified_gmt":"2025-08-15T20:20:59","slug":"balon-futbolito-n5-penalty-lider-xxiv-ama-azul","status":"publish","type":"product","link":"https:\/\/deportesram.cl\/es_es\/producto\/balon-futbolito-n5-penalty-lider-xxiv-ama-azul\/","title":{"rendered":"BALON FUTBOLITO N5 PENALTY LIDER XXIV AMA\/AZUL"},"content":{"rendered":"<p><strong>Desarrolla tus mejores jugadas en el campo con el\u00a0Bal\u00f3n de F\u00fatbol Penalty Lider XXIV,\u00a0ideal para jugar f\u00fatbol de manera relajada en c\u00e9sped natural, este bal\u00f3n fue creado exclusivamente para quienes son exigentes y no quieren sacrificar\u00a0la calidad.\u00a0Su construcci\u00f3n est\u00e1 hecha de laminado de PU, lo que proporciona un excelente nivel de rendimiento.\u00a0Su color ayuda en la visualizaci\u00f3n y permite un mayor control dentro del campo. \u00a1El bal\u00f3n de Campo L\u00edder es perfecto para que anotes un golazo con tus amigos!<\/strong><\/p>\n","protected":false},"excerpt":{"rendered":"<p>Desarrolla tus mejores jugadas en el campo con el\u00a0Bal\u00f3n de F\u00fatbol Penalty Lider XXIV,\u00a0ideal para jugar f\u00fatbol de manera relajada en c\u00e9sped natural, este bal\u00f3n fue creado exclusivamente para quienes son exigentes y no quieren sacrificar\u00a0la calidad.\u00a0Su construcci\u00f3n est\u00e1 hecha de laminado de PU, lo que proporciona un excelente nivel de rendimiento.\u00a0Su color ayuda en [&hellip;]<\/p>\n","protected":false},"featured_media":5221,"template":"","meta":[],"product_brand":[],"product_cat":[684,672,683],"product_tag":[],"class_list":{"0":"post-5223","1":"product","2":"type-product","3":"status-publish","4":"has-post-thumbnail","6":"product_cat-balones-futbolito","7":"product_cat-futbol","8":"product_cat-futbolito","10":"first","11":"outofstock","12":"taxable","13":"shipping-taxable","14":"purchasable","15":"product-type-simple"},"wc_booster_product_categories":[{"id":684,"name":"Balones"},{"id":672,"name":"F\u00fatbol"},{"id":683,"name":"Futbolito"}],"wc_booster_product_price":"<span class=\"woocommerce-Price-amount amount\"><bdi><span class=\"woocommerce-Price-currencySymbol\">&#36;<\/span>38.990<\/bdi><\/span> <small class=\"woocommerce-price-suffix\">IVA Incluido<\/small>","wc_booster_product_rating":"","wc_booster_product_banner_img":false,"wc_booster_product_reviews":[],"wc_booster_product_stock_data":{"manage_stock":false,"total_stock":null,"sold_stock":0},"_links":{"self":[{"href":"https:\/\/deportesram.cl\/es_es\/wp-json\/wp\/v2\/product\/5223","targetHints":{"allow":["GET"]}}],"collection":[{"href":"https:\/\/deportesram.cl\/es_es\/wp-json\/wp\/v2\/product"}],"about":[{"href":"https:\/\/deportesram.cl\/es_es\/wp-json\/wp\/v2\/types\/product"}],"wp:featuredmedia":[{"embeddable":true,"href":"https:\/\/deportesram.cl\/es_es\/wp-json\/wp\/v2\/media\/5221"}],"wp:attachment":[{"href":"https:\/\/deportesram.cl\/es_es\/wp-json\/wp\/v2\/media?parent=5223"}],"wp:term":[{"taxonomy":"product_brand","embeddable":true,"href":"https:\/\/deportesram.cl\/es_es\/wp-json\/wp\/v2\/product_brand?post=5223"},{"taxonomy":"product_cat","embeddable":true,"href":"https:\/\/deportesram.cl\/es_es\/wp-json\/wp\/v2\/product_cat?post=5223"},{"taxonomy":"product_tag","embeddable":true,"href":"https:\/\/deportesram.cl\/es_es\/wp-json\/wp\/v2\/product_tag?post=5223"}],"curies":[{"name":"wp","href":"https:\/\/api.w.org\/{rel}","templated":true}]}}