{"id":5226,"date":"2025-03-07T11:00:30","date_gmt":"2025-03-07T14:00:30","guid":{"rendered":"https:\/\/deportesram.cl\/?post_type=product&#038;p=5226"},"modified":"2025-09-09T22:03:35","modified_gmt":"2025-09-10T01:03:35","slug":"balon-futbol-n5-penalty-campo-lider-xxiv-bl-nara","status":"publish","type":"product","link":"https:\/\/deportesram.cl\/es_es\/producto\/balon-futbol-n5-penalty-campo-lider-xxiv-bl-nara\/","title":{"rendered":"BALON FUTBOL N5 PENALTY CAMPO LIDER XXIV BL\/NARA"},"content":{"rendered":"<p><strong>Caracter\u00edsticas del producto:<\/strong><\/p>\n<ul>\n<li><strong>Peso: 410 &#8211; 450 g<\/strong><\/li>\n<li><strong>Circunferencia: 68 &#8211; 70 cm<\/strong><\/li>\n<li><strong>Paneles: 32<\/strong><\/li>\n<li><strong>Tama\u00f1o: 5<\/strong><\/li>\n<li><strong>Material: PU cuero sint\u00e9tico de gran resistencia<\/strong><\/li>\n<li><strong>Espesor capa interna: Evacel &#8211; 1.6 mm<\/strong><\/li>\n<li><strong>Construcci\u00f3n: Ultra Fusi\u00f3n<\/strong><\/li>\n<li><strong>C\u00e1mara: 6D<\/strong><\/li>\n<li><strong>Sistema de revestimiento: Termo endurecido<\/strong><\/li>\n<li><strong>N\u00facleo: C\u00e1psula SIS<\/strong><\/li>\n<\/ul>\n","protected":false},"excerpt":{"rendered":"<p>Caracter\u00edsticas del producto: Peso: 410 &#8211; 450 g Circunferencia: 68 &#8211; 70 cm Paneles: 32 Tama\u00f1o: 5 Material: PU cuero sint\u00e9tico de gran resistencia Espesor capa interna: Evacel &#8211; 1.6 mm Construcci\u00f3n: Ultra Fusi\u00f3n C\u00e1mara: 6D Sistema de revestimiento: Termo endurecido N\u00facleo: C\u00e1psula SIS<\/p>\n","protected":false},"featured_media":5227,"template":"","meta":[],"product_brand":[],"product_cat":[674,672,673],"product_tag":[],"class_list":{"0":"post-5226","1":"product","2":"type-product","3":"status-publish","4":"has-post-thumbnail","6":"product_cat-balones-futbol-11","7":"product_cat-futbol","8":"product_cat-futbol-11","10":"first","11":"instock","12":"taxable","13":"shipping-taxable","14":"purchasable","15":"product-type-simple"},"wc_booster_product_categories":[{"id":674,"name":"Balones"},{"id":672,"name":"F\u00fatbol"},{"id":673,"name":"F\u00fatbol 11"}],"wc_booster_product_price":"<span class=\"woocommerce-Price-amount amount\"><bdi><span class=\"woocommerce-Price-currencySymbol\">&#36;<\/span>38.990<\/bdi><\/span> <small class=\"woocommerce-price-suffix\">IVA Incluido<\/small>","wc_booster_product_rating":"","wc_booster_product_banner_img":false,"wc_booster_product_reviews":[],"wc_booster_product_stock_data":{"manage_stock":true,"total_stock":1,"sold_stock":0},"_links":{"self":[{"href":"https:\/\/deportesram.cl\/es_es\/wp-json\/wp\/v2\/product\/5226","targetHints":{"allow":["GET"]}}],"collection":[{"href":"https:\/\/deportesram.cl\/es_es\/wp-json\/wp\/v2\/product"}],"about":[{"href":"https:\/\/deportesram.cl\/es_es\/wp-json\/wp\/v2\/types\/product"}],"wp:featuredmedia":[{"embeddable":true,"href":"https:\/\/deportesram.cl\/es_es\/wp-json\/wp\/v2\/media\/5227"}],"wp:attachment":[{"href":"https:\/\/deportesram.cl\/es_es\/wp-json\/wp\/v2\/media?parent=5226"}],"wp:term":[{"taxonomy":"product_brand","embeddable":true,"href":"https:\/\/deportesram.cl\/es_es\/wp-json\/wp\/v2\/product_brand?post=5226"},{"taxonomy":"product_cat","embeddable":true,"href":"https:\/\/deportesram.cl\/es_es\/wp-json\/wp\/v2\/product_cat?post=5226"},{"taxonomy":"product_tag","embeddable":true,"href":"https:\/\/deportesram.cl\/es_es\/wp-json\/wp\/v2\/product_tag?post=5226"}],"curies":[{"name":"wp","href":"https:\/\/api.w.org\/{rel}","templated":true}]}}