{"id":5231,"date":"2025-03-07T12:56:56","date_gmt":"2025-03-07T15:56:56","guid":{"rendered":"https:\/\/deportesram.cl\/?post_type=product&#038;p=5231"},"modified":"2025-08-15T16:17:41","modified_gmt":"2025-08-15T20:17:41","slug":"balon-futbol-penalty-campo-s11-r2-xxiv-blanco-rojo","status":"publish","type":"product","link":"https:\/\/deportesram.cl\/es_es\/producto\/balon-futbol-penalty-campo-s11-r2-xxiv-blanco-rojo\/","title":{"rendered":"BALON FUTBOL PENALTY CAMPO S11 R2 XXIV BLANCO\/AZUL"},"content":{"rendered":"<p><strong>El\u00a0Bal\u00f3n de F\u00fatbol Penalty S11 R2 XXIV\u00a0est\u00e1 fabricado para destacar y elevar tus juegos a una categor\u00eda superior. Con atributos sobresalientes, este bal\u00f3n te brinda el equilibrio ideal entre tecnolog\u00eda avanzada y un desempe\u00f1o excepcional. Su tecnolog\u00eda Ultra Fusi\u00f3n elimina las costuras y garantiza una menor absorci\u00f3n de agua, ofreciendo una mejor esfericidad y resistencia. La opci\u00f3n perfecta para jugar en la cancha con tus amigos.<\/strong><\/p>\n<p><strong>Caracter\u00edsticas del producto:<\/strong><\/p>\n<ul>\n<li><strong>Peso: 410 &#8211; 440 g<\/strong><\/li>\n<li><strong>Circunferencia: 67 &#8211; 68 cm<\/strong><\/li>\n<li><strong>Construcci\u00f3n: Ultra Fusi\u00f3n<\/strong><\/li>\n<li><strong>Laminado: PU<\/strong><\/li>\n<li><strong>Revestimiento: Thermofixo<\/strong><\/li>\n<li><strong>C\u00e1mara Interna: Evacel<\/strong><\/li>\n<li><strong>C\u00e1mara: 6D<\/strong><\/li>\n<li><strong>N\u00facleo: C\u00e1psula SIS<\/strong><\/li>\n<li><strong>Doble pegado<\/strong><\/li>\n<li><strong>Se vende por unidad.<\/strong><\/li>\n<\/ul>\n<p><strong>Ventajas y Tecnolog\u00edas del producto:<\/strong><\/p>\n<ul>\n<li><strong>C\u00e1mara 6D:\u00a0El bal\u00f3n est\u00e1 compuesto de 6 l\u00e1minas sim\u00e9tricas que otorgan mayor esfericidad y control.<\/strong><\/li>\n<li><strong>Forro Thermofix:\u00a0Se le aplica un tratamiento t\u00e9rmico para estabilizar y unificar la estructura del bal\u00f3n, otorgando resistencia, uniformidad y estabilidad.<\/strong><\/li>\n<li><strong>Evacel:\u00a0C\u00e1mara interna de 2.0 mm a 3.8 mm de espesura para amortiguar los impactos al bal\u00f3n.<\/strong><\/li>\n<li><strong>C\u00e1psula SIS:\u00a0N\u00facleo lubricado y reemplazable, con una boquilla alargada que envuelve la aguja evitando que esta perfore la c\u00e1mara de aire.<\/strong><\/li>\n<li><strong>Ultra Fusi\u00f3n:\u00a0Bal\u00f3n con un doble pegado de sus c\u00e1maras para reforzar y dar una vida \u00fatil por m\u00e1s tiempo, eliminando las costuras.<\/strong><\/li>\n<li><strong>Laminado PU: Material el\u00e1stico que proporciona un excelente nivel de desempe\u00f1o en cancha.<\/strong><\/li>\n<\/ul>\n","protected":false},"excerpt":{"rendered":"<p>El\u00a0Bal\u00f3n de F\u00fatbol Penalty S11 R2 XXIV\u00a0est\u00e1 fabricado para destacar y elevar tus juegos a una categor\u00eda superior. Con atributos sobresalientes, este bal\u00f3n te brinda el equilibrio ideal entre tecnolog\u00eda avanzada y un desempe\u00f1o excepcional. Su tecnolog\u00eda Ultra Fusi\u00f3n elimina las costuras y garantiza una menor absorci\u00f3n de agua, ofreciendo una mejor esfericidad y resistencia. [&hellip;]<\/p>\n","protected":false},"featured_media":5235,"template":"","meta":[],"product_brand":[],"product_cat":[674,672,673],"product_tag":[],"class_list":{"0":"post-5231","1":"product","2":"type-product","3":"status-publish","4":"has-post-thumbnail","6":"product_cat-balones-futbol-11","7":"product_cat-futbol","8":"product_cat-futbol-11","10":"first","11":"outofstock","12":"taxable","13":"shipping-taxable","14":"purchasable","15":"product-type-simple"},"wc_booster_product_categories":[{"id":674,"name":"Balones"},{"id":672,"name":"F\u00fatbol"},{"id":673,"name":"F\u00fatbol 11"}],"wc_booster_product_price":"<span class=\"woocommerce-Price-amount amount\"><bdi><span class=\"woocommerce-Price-currencySymbol\">&#36;<\/span>35.990<\/bdi><\/span> <small class=\"woocommerce-price-suffix\">IVA Incluido<\/small>","wc_booster_product_rating":"","wc_booster_product_banner_img":false,"wc_booster_product_reviews":[],"wc_booster_product_stock_data":{"manage_stock":false,"total_stock":null,"sold_stock":0},"_links":{"self":[{"href":"https:\/\/deportesram.cl\/es_es\/wp-json\/wp\/v2\/product\/5231","targetHints":{"allow":["GET"]}}],"collection":[{"href":"https:\/\/deportesram.cl\/es_es\/wp-json\/wp\/v2\/product"}],"about":[{"href":"https:\/\/deportesram.cl\/es_es\/wp-json\/wp\/v2\/types\/product"}],"wp:featuredmedia":[{"embeddable":true,"href":"https:\/\/deportesram.cl\/es_es\/wp-json\/wp\/v2\/media\/5235"}],"wp:attachment":[{"href":"https:\/\/deportesram.cl\/es_es\/wp-json\/wp\/v2\/media?parent=5231"}],"wp:term":[{"taxonomy":"product_brand","embeddable":true,"href":"https:\/\/deportesram.cl\/es_es\/wp-json\/wp\/v2\/product_brand?post=5231"},{"taxonomy":"product_cat","embeddable":true,"href":"https:\/\/deportesram.cl\/es_es\/wp-json\/wp\/v2\/product_cat?post=5231"},{"taxonomy":"product_tag","embeddable":true,"href":"https:\/\/deportesram.cl\/es_es\/wp-json\/wp\/v2\/product_tag?post=5231"}],"curies":[{"name":"wp","href":"https:\/\/api.w.org\/{rel}","templated":true}]}}