{"id":5237,"date":"2025-03-07T13:09:04","date_gmt":"2025-03-07T16:09:04","guid":{"rendered":"https:\/\/deportesram.cl\/?post_type=product&#038;p=5237"},"modified":"2026-03-27T12:18:00","modified_gmt":"2026-03-27T15:18:00","slug":"balon-futbolito-n4-penalty-rx-digital-naranjo-soft","status":"publish","type":"product","link":"https:\/\/deportesram.cl\/es_es\/producto\/balon-futbolito-n4-penalty-rx-digital-naranjo-soft\/","title":{"rendered":"BALON FUTBOLITO N4 PENALTY RX DIGITAL NARANJO SOFT"},"content":{"rendered":"<ul class=\"ui-vpp-highlighted-specs__features-list\">\n<li class=\"ui-vpp-highlighted-specs__features-list-item ui-pdp-color--BLACK ui-pdp-size--XSMALL ui-pdp-family--REGULAR\"><strong>producto fabricado en pu super soft.<\/strong><\/li>\n<li class=\"ui-vpp-highlighted-specs__features-list-item ui-pdp-color--BLACK ui-pdp-size--XSMALL ui-pdp-family--REGULAR\"><strong>Superficie de juego: pasto natural o sint\u00e9tico.<\/strong><\/li>\n<li class=\"ui-vpp-highlighted-specs__features-list-item ui-pdp-color--BLACK ui-pdp-size--XSMALL ui-pdp-family--REGULAR\"><strong>A\u00f1o de lanzamiento: 2021.<\/strong><\/li>\n<li class=\"ui-vpp-highlighted-specs__features-list-item ui-pdp-color--BLACK ui-pdp-size--XSMALL ui-pdp-family--REGULAR\"><strong>Tipo de costura: cosida a mano.<\/strong><\/li>\n<li class=\"ui-vpp-highlighted-specs__features-list-item ui-pdp-color--BLACK ui-pdp-size--XSMALL ui-pdp-family--REGULAR\"><strong>La c\u00e1mara del bal\u00f3n esta compuesta por goma.<\/strong><\/li>\n<li class=\"ui-vpp-highlighted-specs__features-list-item ui-pdp-color--BLACK ui-pdp-size--XSMALL ui-pdp-family--REGULAR\"><strong>Un bal\u00f3n para mostrar tu talento.<\/strong><\/li>\n<\/ul>\n","protected":false},"excerpt":{"rendered":"<p>producto fabricado en pu super soft. Superficie de juego: pasto natural o sint\u00e9tico. A\u00f1o de lanzamiento: 2021. Tipo de costura: cosida a mano. La c\u00e1mara del bal\u00f3n esta compuesta por goma. Un bal\u00f3n para mostrar tu talento.<\/p>\n","protected":false},"featured_media":5240,"template":"","meta":[],"product_brand":[],"product_cat":[684,672,683],"product_tag":[],"class_list":{"0":"post-5237","1":"product","2":"type-product","3":"status-publish","4":"has-post-thumbnail","6":"product_cat-balones-futbolito","7":"product_cat-futbol","8":"product_cat-futbolito","10":"first","11":"instock","12":"taxable","13":"shipping-taxable","14":"purchasable","15":"product-type-simple"},"wc_booster_product_categories":[{"id":684,"name":"Balones"},{"id":672,"name":"F\u00fatbol"},{"id":683,"name":"Futbolito"}],"wc_booster_product_price":"<span class=\"woocommerce-Price-amount amount\"><bdi><span class=\"woocommerce-Price-currencySymbol\">&#36;<\/span>28.990<\/bdi><\/span> <small class=\"woocommerce-price-suffix\">IVA Incluido<\/small>","wc_booster_product_rating":"","wc_booster_product_banner_img":false,"wc_booster_product_reviews":[],"wc_booster_product_stock_data":{"manage_stock":true,"total_stock":1,"sold_stock":0},"_links":{"self":[{"href":"https:\/\/deportesram.cl\/es_es\/wp-json\/wp\/v2\/product\/5237","targetHints":{"allow":["GET"]}}],"collection":[{"href":"https:\/\/deportesram.cl\/es_es\/wp-json\/wp\/v2\/product"}],"about":[{"href":"https:\/\/deportesram.cl\/es_es\/wp-json\/wp\/v2\/types\/product"}],"wp:featuredmedia":[{"embeddable":true,"href":"https:\/\/deportesram.cl\/es_es\/wp-json\/wp\/v2\/media\/5240"}],"wp:attachment":[{"href":"https:\/\/deportesram.cl\/es_es\/wp-json\/wp\/v2\/media?parent=5237"}],"wp:term":[{"taxonomy":"product_brand","embeddable":true,"href":"https:\/\/deportesram.cl\/es_es\/wp-json\/wp\/v2\/product_brand?post=5237"},{"taxonomy":"product_cat","embeddable":true,"href":"https:\/\/deportesram.cl\/es_es\/wp-json\/wp\/v2\/product_cat?post=5237"},{"taxonomy":"product_tag","embeddable":true,"href":"https:\/\/deportesram.cl\/es_es\/wp-json\/wp\/v2\/product_tag?post=5237"}],"curies":[{"name":"wp","href":"https:\/\/api.w.org\/{rel}","templated":true}]}}