{"id":5241,"date":"2025-03-07T13:12:44","date_gmt":"2025-03-07T16:12:44","guid":{"rendered":"https:\/\/deportesram.cl\/?post_type=product&#038;p=5241"},"modified":"2026-03-27T12:18:32","modified_gmt":"2026-03-27T15:18:32","slug":"balon-futbol-n5-penalty-rx-digital-naranjo-blanco","status":"publish","type":"product","link":"https:\/\/deportesram.cl\/es_es\/producto\/balon-futbol-n5-penalty-rx-digital-naranjo-blanco\/","title":{"rendered":"BALON FUTBOL N5 PENALTY RX DIGITAL NARANJO BLANCO"},"content":{"rendered":"<ul class=\"ui-vpp-highlighted-specs__features-list\">\n<li class=\"ui-vpp-highlighted-specs__features-list-item ui-pdp-color--BLACK ui-pdp-size--XSMALL ui-pdp-family--REGULAR\">Producto fabricado en pu super soft.<\/li>\n<li class=\"ui-vpp-highlighted-specs__features-list-item ui-pdp-color--BLACK ui-pdp-size--XSMALL ui-pdp-family--REGULAR\">Superficie de juego: pasto natural o sint\u00e9tico.<\/li>\n<li class=\"ui-vpp-highlighted-specs__features-list-item ui-pdp-color--BLACK ui-pdp-size--XSMALL ui-pdp-family--REGULAR\">A\u00f1o de lanzamiento: 2021.<\/li>\n<li class=\"ui-vpp-highlighted-specs__features-list-item ui-pdp-color--BLACK ui-pdp-size--XSMALL ui-pdp-family--REGULAR\">Tipo de costura: cosida a mano.<\/li>\n<li class=\"ui-vpp-highlighted-specs__features-list-item ui-pdp-color--BLACK ui-pdp-size--XSMALL ui-pdp-family--REGULAR\">La c\u00e1mara del bal\u00f3n esta compuesta por goma.<\/li>\n<li class=\"ui-vpp-highlighted-specs__features-list-item ui-pdp-color--BLACK ui-pdp-size--XSMALL ui-pdp-family--REGULAR\">Un bal\u00f3n para mostrar tu talento.<\/li>\n<\/ul>\n","protected":false},"excerpt":{"rendered":"<p>Producto fabricado en pu super soft. Superficie de juego: pasto natural o sint\u00e9tico. A\u00f1o de lanzamiento: 2021. Tipo de costura: cosida a mano. La c\u00e1mara del bal\u00f3n esta compuesta por goma. Un bal\u00f3n para mostrar tu talento.<\/p>\n","protected":false},"featured_media":5238,"template":"","meta":[],"product_brand":[],"product_cat":[674,672,673],"product_tag":[],"class_list":{"0":"post-5241","1":"product","2":"type-product","3":"status-publish","4":"has-post-thumbnail","6":"product_cat-balones-futbol-11","7":"product_cat-futbol","8":"product_cat-futbol-11","10":"first","11":"instock","12":"taxable","13":"shipping-taxable","14":"purchasable","15":"product-type-simple"},"wc_booster_product_categories":[{"id":674,"name":"Balones"},{"id":672,"name":"F\u00fatbol"},{"id":673,"name":"F\u00fatbol 11"}],"wc_booster_product_price":"<span class=\"woocommerce-Price-amount amount\"><bdi><span class=\"woocommerce-Price-currencySymbol\">&#36;<\/span>26.990<\/bdi><\/span> <small class=\"woocommerce-price-suffix\">IVA Incluido<\/small>","wc_booster_product_rating":"","wc_booster_product_banner_img":false,"wc_booster_product_reviews":[],"wc_booster_product_stock_data":{"manage_stock":true,"total_stock":1,"sold_stock":0},"_links":{"self":[{"href":"https:\/\/deportesram.cl\/es_es\/wp-json\/wp\/v2\/product\/5241","targetHints":{"allow":["GET"]}}],"collection":[{"href":"https:\/\/deportesram.cl\/es_es\/wp-json\/wp\/v2\/product"}],"about":[{"href":"https:\/\/deportesram.cl\/es_es\/wp-json\/wp\/v2\/types\/product"}],"wp:featuredmedia":[{"embeddable":true,"href":"https:\/\/deportesram.cl\/es_es\/wp-json\/wp\/v2\/media\/5238"}],"wp:attachment":[{"href":"https:\/\/deportesram.cl\/es_es\/wp-json\/wp\/v2\/media?parent=5241"}],"wp:term":[{"taxonomy":"product_brand","embeddable":true,"href":"https:\/\/deportesram.cl\/es_es\/wp-json\/wp\/v2\/product_brand?post=5241"},{"taxonomy":"product_cat","embeddable":true,"href":"https:\/\/deportesram.cl\/es_es\/wp-json\/wp\/v2\/product_cat?post=5241"},{"taxonomy":"product_tag","embeddable":true,"href":"https:\/\/deportesram.cl\/es_es\/wp-json\/wp\/v2\/product_tag?post=5241"}],"curies":[{"name":"wp","href":"https:\/\/api.w.org\/{rel}","templated":true}]}}