{"id":5244,"date":"2025-03-07T17:06:36","date_gmt":"2025-03-07T20:06:36","guid":{"rendered":"https:\/\/deportesram.cl\/?post_type=product&#038;p=5244"},"modified":"2025-08-15T16:12:03","modified_gmt":"2025-08-15T20:12:03","slug":"balon-futsal-500-n4-penalty-rx-xxi-azul-negro","status":"publish","type":"product","link":"https:\/\/deportesram.cl\/es_es\/producto\/balon-futsal-500-n4-penalty-rx-xxi-azul-negro\/","title":{"rendered":"BALON FUTSAL 500 N4 PENALTY RX XXI AZUL NEGRO"},"content":{"rendered":"<p class=\"product-heading__title\"><strong><span style=\"font-size: 16px;\">El Bal\u00f3n De F\u00fatbol Sala Penalty RX 500 XXI est\u00e1 respaldado por la recomendaci\u00f3n de la Confederaci\u00f3n Brasile\u00f1a de F\u00fatbol Sala para competiciones a partir de los 14 a\u00f1os. Gracias a su construcci\u00f3n Ultra Fusion sin costuras, retiene menos agua, conservando su ligereza y prolongando su vida \u00fatil. Adem\u00e1s, integra una capa interna de EVACEL para amortiguar los impactos, ofreciendo mayor suavidad y confort al patear. Su tratamiento t\u00e9rmico Thermofix refuerza la estructura, manteniendo la redondez y estabilidad en cada jugada. Con tecnolog\u00edas avanzadas como Doble Collage y la c\u00e1psula SIS, brinda durabilidad y precisi\u00f3n a lo largo de cada entrenamiento o partido.<\/span><\/strong><\/p>\n<div class=\"product-description\">\n<p><strong>Listado de Caracter\u00edsticas:<\/strong><br \/>\n<strong>\u25cf Peso: 400-440 g<\/strong><br \/>\n<strong>\u25cf Circunferencia: 62-64 cm<\/strong><br \/>\n<strong>\u25cf Cuerpos: 6<\/strong><br \/>\n<strong>\u25cf Laminado: PU<\/strong><br \/>\n<strong>\u25cf Construcci\u00f3n: Ultra Fusi\u00f3n (sin costuras)<\/strong><br \/>\n<strong>\u25cf C\u00e1mara: 6D para equilibrio total<\/strong><br \/>\n<strong>\u25cf Sistema de Revestimiento: Termo set<\/strong><br \/>\n<strong>\u25cf Capa Interior: EVACEL para mayor confort<\/strong><br \/>\n<strong>\u25cf Proceso Extra: Doble Collage que fortalece la uni\u00f3n de paneles<\/strong><br \/>\n<strong>\u25cf N\u00facleo: C\u00e1psula SIS que protege la c\u00e1mara de aire<\/strong><\/p>\n<p><strong>Descripci\u00f3n Tecnolog\u00eda:<\/strong><\/p>\n<ul>\n<li><strong>Capsula SIS:\u00a0Tiene un n\u00facleo lubricado y reemplazable, adem\u00e1s de una boquilla alargada que envuelve la aguja evitando que esta perfore la c\u00e1mara de aire.<\/strong><\/li>\n<li><strong>Collage Doble: Las bolas con tecnolog\u00eda Termotec y Ultra Fusi\u00f3n reciben una doble capa de pegamento, fortaleciendo a\u00fan m\u00e1s la articulaci\u00f3n de los cascos y asegurando la vida de la bola por mucho m\u00e1s tiempo.<\/strong><\/li>\n<li><strong>Evacel:\u00a0Capa de amortiguaci\u00f3n interna en compuesto microcelular, de 2.0 mm a 3.8 mm de espesor. Proporciona mucha m\u00e1s comodidad al disminuir el impacto, haciendo que la pelota sea m\u00e1s suave.<\/strong><\/li>\n<li><strong>Termofix (Termo endurecido):\u00a0La c\u00e1mara est\u00e1 envuelta con hilos sint\u00e9ticos en un sistema de revestimiento multiaxial. Adem\u00e1s, recibe un tratamiento t\u00e9rmico con caucho natural que estabiliza los hilos, unificando la estructura y asegurando la resistencia, uniformidad y estabilidad del bal\u00f3n.<\/strong><\/li>\n<li><strong>Ultra Fusi\u00f3n:\u00a0Tecnolog\u00eda que elimina las costuras asegurando una menor absorci\u00f3n de agua, brindando una mejor esfericidad y durabilidad.<\/strong><\/li>\n<\/ul>\n<\/div>\n","protected":false},"excerpt":{"rendered":"<p>El Bal\u00f3n De F\u00fatbol Sala Penalty RX 500 XXI est\u00e1 respaldado por la recomendaci\u00f3n de la Confederaci\u00f3n Brasile\u00f1a de F\u00fatbol Sala para competiciones a partir de los 14 a\u00f1os. Gracias a su construcci\u00f3n Ultra Fusion sin costuras, retiene menos agua, conservando su ligereza y prolongando su vida \u00fatil. Adem\u00e1s, integra una capa interna de EVACEL [&hellip;]<\/p>\n","protected":false},"featured_media":5245,"template":"","meta":[],"product_brand":[],"product_cat":[681,672,680],"product_tag":[],"class_list":{"0":"post-5244","1":"product","2":"type-product","3":"status-publish","4":"has-post-thumbnail","6":"product_cat-balones-futsal","7":"product_cat-futbol","8":"product_cat-futsal","10":"first","11":"outofstock","12":"taxable","13":"shipping-taxable","14":"purchasable","15":"product-type-simple"},"wc_booster_product_categories":[{"id":681,"name":"Balones"},{"id":672,"name":"F\u00fatbol"},{"id":680,"name":"Futsal"}],"wc_booster_product_price":"<span class=\"woocommerce-Price-amount amount\"><bdi><span class=\"woocommerce-Price-currencySymbol\">&#36;<\/span>34.990<\/bdi><\/span> <small class=\"woocommerce-price-suffix\">IVA Incluido<\/small>","wc_booster_product_rating":"","wc_booster_product_banner_img":false,"wc_booster_product_reviews":[],"wc_booster_product_stock_data":{"manage_stock":false,"total_stock":null,"sold_stock":0},"_links":{"self":[{"href":"https:\/\/deportesram.cl\/es_es\/wp-json\/wp\/v2\/product\/5244","targetHints":{"allow":["GET"]}}],"collection":[{"href":"https:\/\/deportesram.cl\/es_es\/wp-json\/wp\/v2\/product"}],"about":[{"href":"https:\/\/deportesram.cl\/es_es\/wp-json\/wp\/v2\/types\/product"}],"wp:featuredmedia":[{"embeddable":true,"href":"https:\/\/deportesram.cl\/es_es\/wp-json\/wp\/v2\/media\/5245"}],"wp:attachment":[{"href":"https:\/\/deportesram.cl\/es_es\/wp-json\/wp\/v2\/media?parent=5244"}],"wp:term":[{"taxonomy":"product_brand","embeddable":true,"href":"https:\/\/deportesram.cl\/es_es\/wp-json\/wp\/v2\/product_brand?post=5244"},{"taxonomy":"product_cat","embeddable":true,"href":"https:\/\/deportesram.cl\/es_es\/wp-json\/wp\/v2\/product_cat?post=5244"},{"taxonomy":"product_tag","embeddable":true,"href":"https:\/\/deportesram.cl\/es_es\/wp-json\/wp\/v2\/product_tag?post=5244"}],"curies":[{"name":"wp","href":"https:\/\/api.w.org\/{rel}","templated":true}]}}