{"id":5251,"date":"2025-03-10T10:39:38","date_gmt":"2025-03-10T13:39:38","guid":{"rendered":"https:\/\/deportesram.cl\/?post_type=product&#038;p=5251"},"modified":"2025-08-15T16:12:02","modified_gmt":"2025-08-15T20:12:02","slug":"balon-futsal-500-n4-penalty-rx-xxi-verde-rojo","status":"publish","type":"product","link":"https:\/\/deportesram.cl\/es_es\/producto\/balon-futsal-500-n4-penalty-rx-xxi-verde-rojo\/","title":{"rendered":"BALON FUTSAL 500 N4 PENALTY RX XXI VERDE ROJO"},"content":{"rendered":"<div id=\"product-description\" class=\"product-specifications__description \">\n<div class=\"product-specifications__content\">\n<p><strong>Es hora de entrenar tus habilidades con el Bal\u00f3n de F\u00fatbol Sala Penalty RX 500 XXI recomendado por la Confederaci\u00f3n Brasile\u00f1a de F\u00fatbol Sala para competiciones mayores de 14 a\u00f1os. Al contener una capa de amortiguaci\u00f3n interna, garantiza mucha m\u00e1s comodidad y suavidad al reducir el impacto en el cuerpo. Al no tener costuras, retiene el agua, lo que garantiza una menor absorci\u00f3n durante los partidos en pista mojada. Adem\u00e1s, recibe un tratamiento t\u00e9rmico, que aporta mucha m\u00e1s resistencia, uniformidad y estabilidad al bal\u00f3n. \u00a1Consigue tu Penalty RX 500 XXI Sal\u00f3n Ball y llena las redes de clase!<\/strong><\/p>\n<h2><strong>Beneficios:<\/strong><\/h2>\n<p><strong>Menor absorci\u00f3n de agua.<\/strong><\/p>\n<p><strong>Durabilidad.<\/strong><\/p>\n<p><strong>Mayor redondez.<\/strong><\/p>\n<p><strong>Balance total.<\/strong><\/p>\n<h2><strong>Algunos diferenciales t\u00e9cnicos:<\/strong><\/h2>\n<p><strong>El Bal\u00f3n de F\u00fatbol Sala Penalty RX 500 XXI cuenta con tecnolog\u00eda Double Glue, que refuerza a\u00fan m\u00e1s la uni\u00f3n de los paneles, asegurando una mayor vida \u00fatil del bal\u00f3n.\u00a0La c\u00e1mara 6D, por otro lado, proporciona un equilibrio total para la pelota.\u00a0Tambi\u00e9n cuenta con la tecnolog\u00eda SIS Capsule que hace imposible que la aguja de la bomba entre en contacto con la c\u00e1mara de aire y acabe estropeando el producto.<\/strong><\/p>\n<p><strong>CARACTERISTICAS<\/strong><\/p>\n<\/div>\n<\/div>\n<div class=\"product-specifications__particulars \">\n<p><strong>PESO: 400-440G<\/strong><\/p>\n<p><strong>CIRCUNFERENCIA: 62-64CM<\/strong><\/p>\n<div class=\"product-specifications__content\">\n<p><strong>CUERPOS: 6<\/strong><\/p>\n<p><strong>LAMINADO: PU<\/strong><\/p>\n<p><strong>CONSTRUCCI\u00d3N: ULTRA FUSION<\/strong><\/p>\n<p><strong>C\u00c1MARA: 6D<\/strong><\/p>\n<p><strong>SISTEMA DE REVESTIMIENTO: TERMOSET<\/strong><\/p>\n<p><strong>CAPA INTERIOR: EVACEL<\/strong><\/p>\n<p><strong>PROCESO EXTRA: DOBLE COLLAGE<\/strong><\/p>\n<p><strong>N\u00daCLEO: C\u00c1PSULA SIS<\/strong><\/p>\n<p><strong>CUIDADO<\/strong><\/p>\n<\/div>\n<\/div>\n<div class=\"product-specifications__care \">\n<p><strong>LIMPIE LA BOLA CON UN CEPILLO O UN PA\u00d1O LIMPIO LIGERAMENTE HUMEDADO CON AGUA DESPU\u00c9S DE SU USO<\/strong><\/p>\n<div class=\"product-specifications__content\">\n<p><strong>SECAR LA BOLA COMPLETAMENTE<\/strong><\/p>\n<p><strong>CONSERVAR EN UN AMBIENTE SECO Y VENTILADO<\/strong><\/p>\n<p><strong>NO EXPOSICION AL SOL NI A LA LLUVIA<\/strong><\/p>\n<p><strong>MANT\u00c9NGALO SIEMPRE CALIBRADO.<\/strong><\/p>\n<\/div>\n<\/div>\n","protected":false},"excerpt":{"rendered":"<p>Es hora de entrenar tus habilidades con el Bal\u00f3n de F\u00fatbol Sala Penalty RX 500 XXI recomendado por la Confederaci\u00f3n Brasile\u00f1a de F\u00fatbol Sala para competiciones mayores de 14 a\u00f1os. Al contener una capa de amortiguaci\u00f3n interna, garantiza mucha m\u00e1s comodidad y suavidad al reducir el impacto en el cuerpo. Al no tener costuras, retiene [&hellip;]<\/p>\n","protected":false},"featured_media":5252,"template":"","meta":[],"product_brand":[],"product_cat":[681,672,680],"product_tag":[],"class_list":{"0":"post-5251","1":"product","2":"type-product","3":"status-publish","4":"has-post-thumbnail","6":"product_cat-balones-futsal","7":"product_cat-futbol","8":"product_cat-futsal","10":"first","11":"outofstock","12":"taxable","13":"shipping-taxable","14":"purchasable","15":"product-type-simple"},"wc_booster_product_categories":[{"id":681,"name":"Balones"},{"id":672,"name":"F\u00fatbol"},{"id":680,"name":"Futsal"}],"wc_booster_product_price":"<span class=\"woocommerce-Price-amount amount\"><bdi><span class=\"woocommerce-Price-currencySymbol\">&#36;<\/span>34.990<\/bdi><\/span> <small class=\"woocommerce-price-suffix\">IVA Incluido<\/small>","wc_booster_product_rating":"","wc_booster_product_banner_img":false,"wc_booster_product_reviews":[],"wc_booster_product_stock_data":{"manage_stock":false,"total_stock":null,"sold_stock":0},"_links":{"self":[{"href":"https:\/\/deportesram.cl\/es_es\/wp-json\/wp\/v2\/product\/5251","targetHints":{"allow":["GET"]}}],"collection":[{"href":"https:\/\/deportesram.cl\/es_es\/wp-json\/wp\/v2\/product"}],"about":[{"href":"https:\/\/deportesram.cl\/es_es\/wp-json\/wp\/v2\/types\/product"}],"wp:featuredmedia":[{"embeddable":true,"href":"https:\/\/deportesram.cl\/es_es\/wp-json\/wp\/v2\/media\/5252"}],"wp:attachment":[{"href":"https:\/\/deportesram.cl\/es_es\/wp-json\/wp\/v2\/media?parent=5251"}],"wp:term":[{"taxonomy":"product_brand","embeddable":true,"href":"https:\/\/deportesram.cl\/es_es\/wp-json\/wp\/v2\/product_brand?post=5251"},{"taxonomy":"product_cat","embeddable":true,"href":"https:\/\/deportesram.cl\/es_es\/wp-json\/wp\/v2\/product_cat?post=5251"},{"taxonomy":"product_tag","embeddable":true,"href":"https:\/\/deportesram.cl\/es_es\/wp-json\/wp\/v2\/product_tag?post=5251"}],"curies":[{"name":"wp","href":"https:\/\/api.w.org\/{rel}","templated":true}]}}