{"id":5260,"date":"2025-03-10T10:55:10","date_gmt":"2025-03-10T13:55:10","guid":{"rendered":"https:\/\/deportesram.cl\/?post_type=product&#038;p=5260"},"modified":"2025-08-15T16:12:02","modified_gmt":"2025-08-15T20:12:02","slug":"balon-futsal-n3-penalty-digital-500-termotec","status":"publish","type":"product","link":"https:\/\/deportesram.cl\/es_es\/producto\/balon-futsal-n3-penalty-digital-500-termotec\/","title":{"rendered":"BALON FUTSAL N3 PENALTY DIGITAL 500 TERMOTEC"},"content":{"rendered":"<p><strong>\u00a0Con el Bal\u00f3n de F\u00fatbol Sala\u00a0 Digital 500 brillar\u00e1s en la cancha. Recomendado por la Confederaci\u00f3n Brasile\u00f1a de F\u00fatbol Sala para competiciones mayores de 14 a\u00f1os, el bal\u00f3n fue desarrollado con construcci\u00f3n en Termotec, asegurando 0% de absorci\u00f3n de agua, manteniendo la velocidad y el peso del bal\u00f3n. \u00a1Aseg\u00farate el tuyo y marca un gran gol!<\/strong><\/p>\n<h2><strong><em>Beneficios:<\/em><\/strong><\/h2>\n<ul>\n<li aria-level=\"1\"><strong>Mayor durabilidad y alto rendimiento.<\/strong><\/li>\n<\/ul>\n<ul>\n<li aria-level=\"1\"><strong>Fuerza y ??estabilidad de la pelota.<\/strong><\/li>\n<\/ul>\n<h2><strong><em>Algunos diferenciales t\u00e9cnicos:<\/em><\/strong><\/h2>\n<p><strong>Digital 500 tiene una doble capa de cola, lo que permite una mayor durabilidad durante su uso. Su peso y circunferencia es ideal para marcar un gol con toda la clase que tiene un profesional.<\/strong><\/p>\n<h3><strong>CARACTER\u00cdSTICAS<\/strong><\/h3>\n<ul>\n<li aria-level=\"1\">\n<h3><strong>PESO: 400-440G<\/strong><\/h3>\n<\/li>\n<\/ul>\n<ul>\n<li aria-level=\"1\">\n<h3><strong>CIRCUNFERENCIA: 62-64 CM<\/strong><\/h3>\n<\/li>\n<\/ul>\n<ul>\n<li aria-level=\"1\">\n<h3><strong>CUERPOS: 8<\/strong><\/h3>\n<\/li>\n<\/ul>\n<ul>\n<li aria-level=\"1\">\n<h3><strong>LAMINADO: MICROPOTENCIA<\/strong><\/h3>\n<\/li>\n<\/ul>\n<ul>\n<li aria-level=\"1\">\n<h3><strong>CAPA INTERIOR: NEOGEL<\/strong><\/h3>\n<\/li>\n<\/ul>\n<ul>\n<li aria-level=\"1\">\n<h3><strong>N\u00daCLEO: C\u00c1PSULA DE SIS<\/strong><\/h3>\n<\/li>\n<\/ul>\n<ul>\n<li aria-level=\"1\">\n<h3><strong>TECNOLOG\u00cdA DE CONSTRUCCI\u00d3N: TERMOTEC<\/strong><\/h3>\n<\/li>\n<\/ul>\n","protected":false},"excerpt":{"rendered":"<p>\u00a0Con el Bal\u00f3n de F\u00fatbol Sala\u00a0 Digital 500 brillar\u00e1s en la cancha. Recomendado por la Confederaci\u00f3n Brasile\u00f1a de F\u00fatbol Sala para competiciones mayores de 14 a\u00f1os, el bal\u00f3n fue desarrollado con construcci\u00f3n en Termotec, asegurando 0% de absorci\u00f3n de agua, manteniendo la velocidad y el peso del bal\u00f3n. \u00a1Aseg\u00farate el tuyo y marca un gran [&hellip;]<\/p>\n","protected":false},"featured_media":5261,"template":"","meta":[],"product_brand":[],"product_cat":[681,672,680],"product_tag":[],"class_list":{"0":"post-5260","1":"product","2":"type-product","3":"status-publish","4":"has-post-thumbnail","6":"product_cat-balones-futsal","7":"product_cat-futbol","8":"product_cat-futsal","10":"first","11":"outofstock","12":"taxable","13":"shipping-taxable","14":"purchasable","15":"product-type-simple"},"wc_booster_product_categories":[{"id":681,"name":"Balones"},{"id":672,"name":"F\u00fatbol"},{"id":680,"name":"Futsal"}],"wc_booster_product_price":"<span class=\"woocommerce-Price-amount amount\"><bdi><span class=\"woocommerce-Price-currencySymbol\">&#36;<\/span>35.990<\/bdi><\/span> <small class=\"woocommerce-price-suffix\">IVA Incluido<\/small>","wc_booster_product_rating":"","wc_booster_product_banner_img":false,"wc_booster_product_reviews":[],"wc_booster_product_stock_data":{"manage_stock":false,"total_stock":null,"sold_stock":0},"_links":{"self":[{"href":"https:\/\/deportesram.cl\/es_es\/wp-json\/wp\/v2\/product\/5260","targetHints":{"allow":["GET"]}}],"collection":[{"href":"https:\/\/deportesram.cl\/es_es\/wp-json\/wp\/v2\/product"}],"about":[{"href":"https:\/\/deportesram.cl\/es_es\/wp-json\/wp\/v2\/types\/product"}],"wp:featuredmedia":[{"embeddable":true,"href":"https:\/\/deportesram.cl\/es_es\/wp-json\/wp\/v2\/media\/5261"}],"wp:attachment":[{"href":"https:\/\/deportesram.cl\/es_es\/wp-json\/wp\/v2\/media?parent=5260"}],"wp:term":[{"taxonomy":"product_brand","embeddable":true,"href":"https:\/\/deportesram.cl\/es_es\/wp-json\/wp\/v2\/product_brand?post=5260"},{"taxonomy":"product_cat","embeddable":true,"href":"https:\/\/deportesram.cl\/es_es\/wp-json\/wp\/v2\/product_cat?post=5260"},{"taxonomy":"product_tag","embeddable":true,"href":"https:\/\/deportesram.cl\/es_es\/wp-json\/wp\/v2\/product_tag?post=5260"}],"curies":[{"name":"wp","href":"https:\/\/api.w.org\/{rel}","templated":true}]}}