{"id":5264,"date":"2025-03-10T11:11:20","date_gmt":"2025-03-10T14:11:20","guid":{"rendered":"https:\/\/deportesram.cl\/?post_type=product&#038;p=5264"},"modified":"2025-08-15T16:12:01","modified_gmt":"2025-08-15T20:12:01","slug":"balon-futsal-n4-penalty-max-400","status":"publish","type":"product","link":"https:\/\/deportesram.cl\/es_es\/producto\/balon-futsal-n4-penalty-max-400\/","title":{"rendered":"BALON FUTSAL N4 PENALTY MAX 400"},"content":{"rendered":"<div id=\"description\" class=\"contentBlockPro full\"><strong>El bal\u00f3n Futsal Max 400 es un producto de alta calidad. Pensando en los pases y patadas que dar\u00e1n las estrellitas, Penalty desarroll\u00f3 el bal\u00f3n con un laminado que aporta m\u00e1s suavidad y comodidad durante tu toque. Si necesita usar el producto en canchas al aire libre, no se preocupar\u00e1 si comienza a llover. Max 200 tiene una doble capa de pegamento para mayor resistencia y 0% de absorci\u00f3n de agua. \u00bfEs o no el producto ideal para que los ni\u00f1os se conviertan en profesionales?<\/strong><br \/>\n<strong>Beneficios:<\/strong><br \/>\n<strong>* Excelente toque durante tus patadas y pases.<\/strong><br \/>\n<strong>* Comodidad y calidad para marcar un gran gol.<\/strong><br \/>\n<strong>* Equilibrio y precisi\u00f3n en los movimientos.<\/strong><br \/>\n<strong>Algunos diferenciales t\u00e9cnicos:<\/strong><br \/>\n<strong>La c\u00e1psula SIS protege la c\u00e1mara para una mejor retenci\u00f3n de aire, que est\u00e1 compuesta de butilo Airbility 6d (precisi\u00f3n total), una amortiguaci\u00f3n interna de 6 discos colocados sim\u00e9tricamente que promueve un mejor equilibrio y precisi\u00f3n en los movimientos de la pelota. La tecnolog\u00eda Neogel se compone de la exclusiva amortiguaci\u00f3n interna a base de goma de Penalty, que ofrece una resistencia superior, haciendo que la pelota sea m\u00e1s suave y r\u00e1pida.<\/strong><\/div>\n<div id=\"benefits\" class=\"contentBlockPro full\">\n<h2><strong>\u00a0Especificaciones<\/strong><\/h2>\n<p><strong>* PESO: 350-380G<\/strong><br \/>\n<strong>* CIRCUNFERENCIA: 61-64 CM<\/strong><br \/>\n<strong>* CUERPOS: 8<\/strong><br \/>\n<strong>* LAMINADO: PU<\/strong><br \/>\n<strong>* CONSTRUCCI\u00d3N: TERMOTEC<\/strong><br \/>\n<strong>* C\u00c1MARA: 6D<\/strong><br \/>\n<strong>* SISTEMA DE REVESTIMIENTO: TERMOSET<\/strong><br \/>\n<strong>* CAPA INTERIOR: NEOGEL<\/strong><br \/>\n<strong>* PROCESO EXTRA: DOBLE COLLAGE<\/strong><br \/>\n<strong>* N\u00daCLEO: C\u00c1PSULA DE SIS<\/strong><br \/>\n<strong>CUIDADO<\/strong><br \/>\n<strong>* LIMPIE LA BOLA CON UN CEPILLO O UN PA\u00d1O LIMPIO LIGERAMENTE HUMEDADO CON AGUA DESPU\u00c9S DE SU USO<\/strong><br \/>\n<strong>* SECAR LA BOLA COMPLETAMENTE<\/strong><br \/>\n<strong>* CONSERVAR EN UN AMBIENTE SECO Y VENTILADO<\/strong><br \/>\n<strong>* NO EXPOSICION AL SOL NI A LA LLUVIA<\/strong><br \/>\n<strong>* MANT\u00c9NGALO SIEMPRE CALIBRADO<\/strong><br \/>\n<strong>TECNOLOG\u00cdA<\/strong><br \/>\n<strong>C\u00c1MARA 6D<\/strong><br \/>\n<strong>PRECISI\u00d3N TOTAL Y CONTROL ABSOLUTO<\/strong><br \/>\n<strong>Compuesto por 6 discos colocados sim\u00e9tricamente, tiene una estructura anular, lo que hace que la bola sea m\u00e1s esf\u00e9rica. Construido sobre una base de goma but\u00edlica con un innovador sistema de equilibrio con excelente resistencia a la retenci\u00f3n de aire, proporciona un equilibrio total para la pelota.<\/strong><br \/>\n<strong>COLLAGE DOBLE<\/strong><\/div>\n","protected":false},"excerpt":{"rendered":"<p>El bal\u00f3n Futsal Max 400 es un producto de alta calidad. Pensando en los pases y patadas que dar\u00e1n las estrellitas, Penalty desarroll\u00f3 el bal\u00f3n con un laminado que aporta m\u00e1s suavidad y comodidad durante tu toque. Si necesita usar el producto en canchas al aire libre, no se preocupar\u00e1 si comienza a llover. Max [&hellip;]<\/p>\n","protected":false},"featured_media":5265,"template":"","meta":[],"product_brand":[],"product_cat":[681,672,680],"product_tag":[],"class_list":{"0":"post-5264","1":"product","2":"type-product","3":"status-publish","4":"has-post-thumbnail","6":"product_cat-balones-futsal","7":"product_cat-futbol","8":"product_cat-futsal","10":"first","11":"outofstock","12":"taxable","13":"shipping-taxable","14":"purchasable","15":"product-type-simple"},"wc_booster_product_categories":[{"id":681,"name":"Balones"},{"id":672,"name":"F\u00fatbol"},{"id":680,"name":"Futsal"}],"wc_booster_product_price":"<span class=\"woocommerce-Price-amount amount\"><bdi><span class=\"woocommerce-Price-currencySymbol\">&#36;<\/span>33.990<\/bdi><\/span> <small class=\"woocommerce-price-suffix\">IVA Incluido<\/small>","wc_booster_product_rating":"","wc_booster_product_banner_img":false,"wc_booster_product_reviews":[],"wc_booster_product_stock_data":{"manage_stock":false,"total_stock":null,"sold_stock":0},"_links":{"self":[{"href":"https:\/\/deportesram.cl\/es_es\/wp-json\/wp\/v2\/product\/5264","targetHints":{"allow":["GET"]}}],"collection":[{"href":"https:\/\/deportesram.cl\/es_es\/wp-json\/wp\/v2\/product"}],"about":[{"href":"https:\/\/deportesram.cl\/es_es\/wp-json\/wp\/v2\/types\/product"}],"wp:featuredmedia":[{"embeddable":true,"href":"https:\/\/deportesram.cl\/es_es\/wp-json\/wp\/v2\/media\/5265"}],"wp:attachment":[{"href":"https:\/\/deportesram.cl\/es_es\/wp-json\/wp\/v2\/media?parent=5264"}],"wp:term":[{"taxonomy":"product_brand","embeddable":true,"href":"https:\/\/deportesram.cl\/es_es\/wp-json\/wp\/v2\/product_brand?post=5264"},{"taxonomy":"product_cat","embeddable":true,"href":"https:\/\/deportesram.cl\/es_es\/wp-json\/wp\/v2\/product_cat?post=5264"},{"taxonomy":"product_tag","embeddable":true,"href":"https:\/\/deportesram.cl\/es_es\/wp-json\/wp\/v2\/product_tag?post=5264"}],"curies":[{"name":"wp","href":"https:\/\/api.w.org\/{rel}","templated":true}]}}