{"id":5266,"date":"2025-03-10T11:14:34","date_gmt":"2025-03-10T14:14:34","guid":{"rendered":"https:\/\/deportesram.cl\/?post_type=product&#038;p=5266"},"modified":"2025-08-15T16:12:01","modified_gmt":"2025-08-15T20:12:01","slug":"balon-futsal-n4-penalty-max-1000-2","status":"publish","type":"product","link":"https:\/\/deportesram.cl\/es_es\/producto\/balon-futsal-n4-penalty-max-1000-2\/","title":{"rendered":"BALON FUTSAL N4 PENALTY MAX 1000 FIFA QUALITY PRO"},"content":{"rendered":"<div>\n<p><strong>Bal\u00f3n de Futsal Penalty, es una bola profesional aprobada por la FIFA, con 0% de absorci\u00f3n de agua, lo que entrega una mayor precisi\u00f3n y de m\u00e1xima durabilidad.<\/strong><\/p>\n<p><strong>Material:\u00a0PU-Neogel \u2013 11 Cascos\u00a0<\/strong><\/p>\n<\/div>\n<div><\/div>\n<div>\n<p><strong>Medidas: 61 \u2013 64 cm<\/strong><\/p>\n<p><strong>Peso: 410 \u2013 440 gr.<\/strong><\/p>\n<\/div>\n","protected":false},"excerpt":{"rendered":"<p>Bal\u00f3n de Futsal Penalty, es una bola profesional aprobada por la FIFA, con 0% de absorci\u00f3n de agua, lo que entrega una mayor precisi\u00f3n y de m\u00e1xima durabilidad. Material:\u00a0PU-Neogel \u2013 11 Cascos\u00a0 Medidas: 61 \u2013 64 cm Peso: 410 \u2013 440 gr.<\/p>\n","protected":false},"featured_media":5267,"template":"","meta":[],"product_brand":[],"product_cat":[681,672,680],"product_tag":[],"class_list":{"0":"post-5266","1":"product","2":"type-product","3":"status-publish","4":"has-post-thumbnail","6":"product_cat-balones-futsal","7":"product_cat-futbol","8":"product_cat-futsal","10":"first","11":"outofstock","12":"taxable","13":"shipping-taxable","14":"purchasable","15":"product-type-simple"},"wc_booster_product_categories":[{"id":681,"name":"Balones"},{"id":672,"name":"F\u00fatbol"},{"id":680,"name":"Futsal"}],"wc_booster_product_price":"<span class=\"woocommerce-Price-amount amount\"><bdi><span class=\"woocommerce-Price-currencySymbol\">&#36;<\/span>48.990<\/bdi><\/span> <small class=\"woocommerce-price-suffix\">IVA Incluido<\/small>","wc_booster_product_rating":"","wc_booster_product_banner_img":false,"wc_booster_product_reviews":[],"wc_booster_product_stock_data":{"manage_stock":false,"total_stock":null,"sold_stock":0},"_links":{"self":[{"href":"https:\/\/deportesram.cl\/es_es\/wp-json\/wp\/v2\/product\/5266","targetHints":{"allow":["GET"]}}],"collection":[{"href":"https:\/\/deportesram.cl\/es_es\/wp-json\/wp\/v2\/product"}],"about":[{"href":"https:\/\/deportesram.cl\/es_es\/wp-json\/wp\/v2\/types\/product"}],"wp:featuredmedia":[{"embeddable":true,"href":"https:\/\/deportesram.cl\/es_es\/wp-json\/wp\/v2\/media\/5267"}],"wp:attachment":[{"href":"https:\/\/deportesram.cl\/es_es\/wp-json\/wp\/v2\/media?parent=5266"}],"wp:term":[{"taxonomy":"product_brand","embeddable":true,"href":"https:\/\/deportesram.cl\/es_es\/wp-json\/wp\/v2\/product_brand?post=5266"},{"taxonomy":"product_cat","embeddable":true,"href":"https:\/\/deportesram.cl\/es_es\/wp-json\/wp\/v2\/product_cat?post=5266"},{"taxonomy":"product_tag","embeddable":true,"href":"https:\/\/deportesram.cl\/es_es\/wp-json\/wp\/v2\/product_tag?post=5266"}],"curies":[{"name":"wp","href":"https:\/\/api.w.org\/{rel}","templated":true}]}}