{"id":5279,"date":"2025-03-10T14:40:55","date_gmt":"2025-03-10T17:40:55","guid":{"rendered":"https:\/\/deportesram.cl\/?post_type=product&#038;p=5279"},"modified":"2025-09-27T14:04:40","modified_gmt":"2025-09-27T17:04:40","slug":"balon-handbal-h1l-penalt-suecia-ultra-fusion-ve-am","status":"publish","type":"product","link":"https:\/\/deportesram.cl\/es_es\/producto\/balon-handbal-h1l-penalt-suecia-ultra-fusion-ve-am\/","title":{"rendered":"BALON HANDBAL H1L PENALT SUECIA ULTRA FUSION VE\/AM"},"content":{"rendered":"<p dir=\"ltr\"><strong>El\u00a0Bal\u00f3n de Handball Penalty H1L Ultra Fusi\u00f3n Infantil\u00a0es el compa\u00f1ero ideal para los j\u00f3venes amantes del balonmano. Dise\u00f1ado espec\u00edficamente para ni\u00f1os, este bal\u00f3n presenta el peso y tama\u00f1o perfectos para que los m\u00e1s peque\u00f1os disfruten de este emocionante deporte. Su tecnolog\u00eda avanzada y construcci\u00f3n de alta calidad aseguran durabilidad y un rendimiento constante, tanto en canchas interiores como exteriores, incluyendo superficies de madera y cemento.<\/strong><\/p>\n<p><strong>Caracter\u00edsticas del Producto<\/strong><\/p>\n<ul>\n<li><strong>Peso: 290-330g<\/strong><\/li>\n<li><strong>Circunferencia: 50-52cm<\/strong><\/li>\n<li><strong>Laminado: Micropower<\/strong><\/li>\n<li><strong>Cascos: 32<\/strong><\/li>\n<li><strong>C\u00e1mara Interna: Evacel<\/strong><\/li>\n<li><strong>Miolo: C\u00e1psula SIS<\/strong><\/li>\n<li><strong>Tecnolog\u00eda de Construcci\u00f3n: Ultra Fusi\u00f3n<\/strong><\/li>\n<\/ul>\n<p dir=\"ltr\"><strong>Tecnolog\u00eda:<\/strong><\/p>\n<ul>\n<li dir=\"ltr\"><strong>C\u00e1mara 6D (Precisi\u00f3n Total y Control Absoluto):\u00a0Compuesta por 6 discos colocados sim\u00e9tricamente, esta tecnolog\u00eda proporciona una mayor esfericidad al bal\u00f3n y un equilibrio total.<\/strong><\/li>\n<li dir=\"ltr\"><strong>Doble Collage (Resistencia): Los balones con tecnolog\u00eda Termotec y Ultra Fusi\u00f3n cuentan con una doble capa de pegamento que fortalece la uni\u00f3n de los paneles y prolonga su vida \u00fatil.<\/strong><\/li>\n<li dir=\"ltr\"><strong>Thermofix (Estabilidad):\u00a0La c\u00e1mara est\u00e1 envuelta con hilos sint\u00e9ticos en un sistema de revestimiento multiaxial. Adem\u00e1s, recibe un tratamiento t\u00e9rmico con caucho natural, lo que garantiza su estabilidad, resistencia y uniformidad.<\/strong><\/li>\n<li dir=\"ltr\"><strong>Ultra Fusi\u00f3n (Esfericidad):\u00a0Esta tecnolog\u00eda de termofusi\u00f3n elimina las costuras, reduce la absorci\u00f3n de agua y proporciona una mejor esfericidad y durabilidad al bal\u00f3n.<\/strong><\/li>\n<\/ul>\n","protected":false},"excerpt":{"rendered":"<p>El\u00a0Bal\u00f3n de Handball Penalty H1L Ultra Fusi\u00f3n Infantil\u00a0es el compa\u00f1ero ideal para los j\u00f3venes amantes del balonmano. Dise\u00f1ado espec\u00edficamente para ni\u00f1os, este bal\u00f3n presenta el peso y tama\u00f1o perfectos para que los m\u00e1s peque\u00f1os disfruten de este emocionante deporte. Su tecnolog\u00eda avanzada y construcci\u00f3n de alta calidad aseguran durabilidad y un rendimiento constante, tanto en [&hellip;]<\/p>\n","protected":false},"featured_media":5280,"template":"","meta":[],"product_brand":[],"product_cat":[592,591],"product_tag":[],"class_list":{"0":"post-5279","1":"product","2":"type-product","3":"status-publish","4":"has-post-thumbnail","6":"product_cat-balones-handball","7":"product_cat-handball","9":"first","10":"instock","11":"taxable","12":"shipping-taxable","13":"purchasable","14":"product-type-simple"},"wc_booster_product_categories":[{"id":592,"name":"Balones"},{"id":591,"name":"Handball"}],"wc_booster_product_price":"<span class=\"woocommerce-Price-amount amount\"><bdi><span class=\"woocommerce-Price-currencySymbol\">&#36;<\/span>28.990<\/bdi><\/span> <small class=\"woocommerce-price-suffix\">IVA Incluido<\/small>","wc_booster_product_rating":"","wc_booster_product_banner_img":false,"wc_booster_product_reviews":[],"wc_booster_product_stock_data":{"manage_stock":true,"total_stock":5,"sold_stock":0},"_links":{"self":[{"href":"https:\/\/deportesram.cl\/es_es\/wp-json\/wp\/v2\/product\/5279","targetHints":{"allow":["GET"]}}],"collection":[{"href":"https:\/\/deportesram.cl\/es_es\/wp-json\/wp\/v2\/product"}],"about":[{"href":"https:\/\/deportesram.cl\/es_es\/wp-json\/wp\/v2\/types\/product"}],"wp:featuredmedia":[{"embeddable":true,"href":"https:\/\/deportesram.cl\/es_es\/wp-json\/wp\/v2\/media\/5280"}],"wp:attachment":[{"href":"https:\/\/deportesram.cl\/es_es\/wp-json\/wp\/v2\/media?parent=5279"}],"wp:term":[{"taxonomy":"product_brand","embeddable":true,"href":"https:\/\/deportesram.cl\/es_es\/wp-json\/wp\/v2\/product_brand?post=5279"},{"taxonomy":"product_cat","embeddable":true,"href":"https:\/\/deportesram.cl\/es_es\/wp-json\/wp\/v2\/product_cat?post=5279"},{"taxonomy":"product_tag","embeddable":true,"href":"https:\/\/deportesram.cl\/es_es\/wp-json\/wp\/v2\/product_tag?post=5279"}],"curies":[{"name":"wp","href":"https:\/\/api.w.org\/{rel}","templated":true}]}}