{"id":5284,"date":"2025-03-13T16:16:29","date_gmt":"2025-03-13T19:16:29","guid":{"rendered":"https:\/\/deportesram.cl\/?post_type=product&#038;p=5284"},"modified":"2025-09-25T13:34:42","modified_gmt":"2025-09-25T16:34:42","slug":"balon-handball-h2l-penalty-suecia-verde-amarillo","status":"publish","type":"product","link":"https:\/\/deportesram.cl\/es_es\/producto\/balon-handball-h2l-penalty-suecia-verde-amarillo\/","title":{"rendered":"BALON HANDBALL H2L PENALTY SUECIA VERDE AMARILLO"},"content":{"rendered":"<p dir=\"ltr\"><strong>El\u00a0Bal\u00f3n de Handball Penalty H2L Ultra Fusi\u00f3n\u00a0es la elecci\u00f3n perfecta para el p\u00fablico femenino que busca calidad y rendimiento en el balonmano. Este bal\u00f3n es ideal tanto para juegos como para entrenamientos y cumple con los pesos y medidas oficiales, lo que garantiza su \u00f3ptimo desempe\u00f1o. Su construcci\u00f3n robusta lo hace resistente en todo tipo de canchas, ya sean interiores o exteriores.<\/strong><\/p>\n<p dir=\"ltr\"><strong>Caracter\u00edsticas Principales:<\/strong><\/p>\n<ul>\n<li><strong>Peso: 325-375 g<\/strong><\/li>\n<li><strong>Circunferencia: 54-56 cm<\/strong><\/li>\n<li><strong>Cascos: 32<\/strong><\/li>\n<li><strong>Laminado: Micropower<\/strong><\/li>\n<li><strong>Capa interna: Evacel<\/strong><\/li>\n<li><strong>V\u00e1lvula: C\u00e1psula SIS<\/strong><\/li>\n<li><strong>Tecnolog\u00eda de construcci\u00f3n: Ultra Fusi\u00f3n<\/strong><\/li>\n<\/ul>\n<ul>\n<li dir=\"ltr\"><strong>C\u00e1mara 6D (Precisi\u00f3n Total y Control Absoluto):\u00a0Compuesta por 6 discos dispuestos sim\u00e9tricamente, esta tecnolog\u00eda proporciona una mayor esfericidad al bal\u00f3n. Adem\u00e1s, ofrece un excelente equilibrio y resistencia a la retenci\u00f3n de aire.<\/strong><\/li>\n<li dir=\"ltr\"><strong>Doble Collage (Resistencia): Las bolas con tecnolog\u00eda Termotec y Ultra Fusi\u00f3n cuentan con una doble capa de pegamento que fortalece la uni\u00f3n de los paneles y prolonga la vida \u00fatil del bal\u00f3n.<\/strong><\/li>\n<li dir=\"ltr\"><strong>Thermofix (Estabilidad):\u00a0El bal\u00f3n est\u00e1 envuelto con hilos sint\u00e9ticos en un sistema de revestimiento multiaxial y recibe un tratamiento t\u00e9rmico con caucho natural, lo que garantiza su estabilidad y resistencia.<\/strong><\/li>\n<li dir=\"ltr\"><strong>Ultra Fusi\u00f3n (Esfericidad):\u00a0Esta tecnolog\u00eda de termofusi\u00f3n elimina las costuras, reduce la absorci\u00f3n de agua y proporciona una mayor esfericidad y durabilidad al bal\u00f3n.<\/strong><\/li>\n<li><strong>C\u00e1mara Arbility 6D:\u00a0Proporciona mayor precisi\u00f3n y control en el contacto con el suelo. Fabricada con caucho but\u00edlico, ofrece excelente resistencia a la retenci\u00f3n de aire.<\/strong><\/li>\n<li><strong>N\u00facleo de la c\u00e1psula SIS:\u00a0Protege la aguja y evita da\u00f1os en la c\u00e1mara. Adem\u00e1s, es f\u00e1cil de quitar y lubricar.<\/strong><\/li>\n<\/ul>\n","protected":false},"excerpt":{"rendered":"<p>El\u00a0Bal\u00f3n de Handball Penalty H2L Ultra Fusi\u00f3n\u00a0es la elecci\u00f3n perfecta para el p\u00fablico femenino que busca calidad y rendimiento en el balonmano. Este bal\u00f3n es ideal tanto para juegos como para entrenamientos y cumple con los pesos y medidas oficiales, lo que garantiza su \u00f3ptimo desempe\u00f1o. Su construcci\u00f3n robusta lo hace resistente en todo tipo [&hellip;]<\/p>\n","protected":false},"featured_media":5285,"template":"","meta":[],"product_brand":[],"product_cat":[592,591],"product_tag":[],"class_list":{"0":"post-5284","1":"product","2":"type-product","3":"status-publish","4":"has-post-thumbnail","6":"product_cat-balones-handball","7":"product_cat-handball","9":"first","10":"instock","11":"taxable","12":"shipping-taxable","13":"purchasable","14":"product-type-simple"},"wc_booster_product_categories":[{"id":592,"name":"Balones"},{"id":591,"name":"Handball"}],"wc_booster_product_price":"<span class=\"woocommerce-Price-amount amount\"><bdi><span class=\"woocommerce-Price-currencySymbol\">&#36;<\/span>61.990<\/bdi><\/span> <small class=\"woocommerce-price-suffix\">IVA Incluido<\/small>","wc_booster_product_rating":"","wc_booster_product_banner_img":false,"wc_booster_product_reviews":[],"wc_booster_product_stock_data":{"manage_stock":true,"total_stock":3,"sold_stock":0},"_links":{"self":[{"href":"https:\/\/deportesram.cl\/es_es\/wp-json\/wp\/v2\/product\/5284","targetHints":{"allow":["GET"]}}],"collection":[{"href":"https:\/\/deportesram.cl\/es_es\/wp-json\/wp\/v2\/product"}],"about":[{"href":"https:\/\/deportesram.cl\/es_es\/wp-json\/wp\/v2\/types\/product"}],"wp:featuredmedia":[{"embeddable":true,"href":"https:\/\/deportesram.cl\/es_es\/wp-json\/wp\/v2\/media\/5285"}],"wp:attachment":[{"href":"https:\/\/deportesram.cl\/es_es\/wp-json\/wp\/v2\/media?parent=5284"}],"wp:term":[{"taxonomy":"product_brand","embeddable":true,"href":"https:\/\/deportesram.cl\/es_es\/wp-json\/wp\/v2\/product_brand?post=5284"},{"taxonomy":"product_cat","embeddable":true,"href":"https:\/\/deportesram.cl\/es_es\/wp-json\/wp\/v2\/product_cat?post=5284"},{"taxonomy":"product_tag","embeddable":true,"href":"https:\/\/deportesram.cl\/es_es\/wp-json\/wp\/v2\/product_tag?post=5284"}],"curies":[{"name":"wp","href":"https:\/\/api.w.org\/{rel}","templated":true}]}}