{"id":5286,"date":"2025-03-13T16:23:59","date_gmt":"2025-03-13T19:23:59","guid":{"rendered":"https:\/\/deportesram.cl\/?post_type=product&#038;p=5286"},"modified":"2025-09-27T13:56:00","modified_gmt":"2025-09-27T16:56:00","slug":"balon-handbal-h3l-penalt-suecia-ultra-fusion-ve-am","status":"publish","type":"product","link":"https:\/\/deportesram.cl\/es_es\/producto\/balon-handbal-h3l-penalt-suecia-ultra-fusion-ve-am\/","title":{"rendered":"BALON HANDBAL H3L PENALT SUECIA ULTRA FUSION VE\/AM"},"content":{"rendered":"<p dir=\"ltr\"><strong>El\u00a0Bal\u00f3n de Handball Penalty Ultra Fusi\u00f3n H3L\u00a0es el compa\u00f1ero perfecto para mostrar tus habilidades en la cancha de balonmano. Este bal\u00f3n, dise\u00f1ado para el p\u00fablico masculino, no solo ofrece un alto rendimiento, sino que tambi\u00e9n presenta un dise\u00f1o y color que le dan una apariencia distintiva, permiti\u00e9ndote mostrar tu estilo y destreza en el juego. Adem\u00e1s, est\u00e1 construido para brindar una durabilidad excepcional, siendo ideal tanto para canchas interiores como exteriores.<\/strong><\/p>\n<p dir=\"ltr\"><strong>Caracter\u00edsticas Principales:<\/strong><\/p>\n<ul>\n<li dir=\"ltr\"><strong>Peso:\u00a0425-475 gramos.<\/strong><\/li>\n<li dir=\"ltr\"><strong>Circunferencia:\u00a058-60 cm.<\/strong><\/li>\n<li dir=\"ltr\"><strong>Cuerpos:\u00a06<\/strong><\/li>\n<li dir=\"ltr\"><strong>Material:\u00a0Laminado PU<\/strong><\/li>\n<li dir=\"ltr\"><strong>Construcci\u00f3n:\u00a0Ultra Fusi\u00f3n, sin costuras.<\/strong><\/li>\n<li dir=\"ltr\"><strong>Sistema de revestimiento:\u00a0Thermofix<\/strong><\/li>\n<li dir=\"ltr\"><strong>C\u00e1mara interna:\u00a0Evacel<\/strong><\/li>\n<li dir=\"ltr\"><strong>N\u00facleo:\u00a0Capsula SIS:<\/strong><\/li>\n<\/ul>\n<p dir=\"ltr\"><strong>Tecnolog\u00edas principales:<\/strong><\/p>\n<ul>\n<li dir=\"ltr\"><strong>C\u00e1mara 6D Airbility:\u00a0Cuenta con un sistema de equilibrado que proporciona gran resistencia a la retenci\u00f3n de aire y garantiza una precisi\u00f3n total durante el rebote en el suelo.<\/strong><\/li>\n<li dir=\"ltr\"><strong>Revestimiento Thermofix:\u00a0La c\u00e1mara est\u00e1 envuelta en hilos sint\u00e9ticos con un sistema de revestimiento multiaxial. Con un tratamiento t\u00e9rmico con caucho natural que estabiliza los hilos, unificando su estructura y garantizando resistencia, uniformidad y estabilidad de la pelota.<\/strong><\/li>\n<li dir=\"ltr\"><strong>Capa interna Evacel:\u00a0Capa de amortiguaci\u00f3n interna en compuesto micro celular, de 2.0 mm a 3.8 mm de espesor. Esto brinda un imapcto m\u00e1s suave y mayor comodidad al impacto.<\/strong><\/li>\n<li dir=\"ltr\"><strong>Laminado PU:\u00a0Revestimiento exterior que brinda una alta resistencia al desgaste. Adem\u00e1s, otorga un mejor agarre para mayor control.<\/strong><\/li>\n<li><strong>Capsula SIS:\u00a0Tiene un n\u00facleo lubricado y reemplazable, adem\u00e1s de una boquilla alargada que envuelve la aguja evitando que esta perfore la c\u00e1mara de aire.<\/strong><\/li>\n<\/ul>\n","protected":false},"excerpt":{"rendered":"<p>El\u00a0Bal\u00f3n de Handball Penalty Ultra Fusi\u00f3n H3L\u00a0es el compa\u00f1ero perfecto para mostrar tus habilidades en la cancha de balonmano. Este bal\u00f3n, dise\u00f1ado para el p\u00fablico masculino, no solo ofrece un alto rendimiento, sino que tambi\u00e9n presenta un dise\u00f1o y color que le dan una apariencia distintiva, permiti\u00e9ndote mostrar tu estilo y destreza en el juego. [&hellip;]<\/p>\n","protected":false},"featured_media":5287,"template":"","meta":[],"product_brand":[],"product_cat":[592,591],"product_tag":[],"class_list":{"0":"post-5286","1":"product","2":"type-product","3":"status-publish","4":"has-post-thumbnail","6":"product_cat-balones-handball","7":"product_cat-handball","9":"first","10":"instock","11":"taxable","12":"shipping-taxable","13":"purchasable","14":"product-type-simple"},"wc_booster_product_categories":[{"id":592,"name":"Balones"},{"id":591,"name":"Handball"}],"wc_booster_product_price":"<span class=\"woocommerce-Price-amount amount\"><bdi><span class=\"woocommerce-Price-currencySymbol\">&#36;<\/span>34.990<\/bdi><\/span> <small class=\"woocommerce-price-suffix\">IVA Incluido<\/small>","wc_booster_product_rating":"","wc_booster_product_banner_img":false,"wc_booster_product_reviews":[],"wc_booster_product_stock_data":{"manage_stock":true,"total_stock":5,"sold_stock":0},"_links":{"self":[{"href":"https:\/\/deportesram.cl\/es_es\/wp-json\/wp\/v2\/product\/5286","targetHints":{"allow":["GET"]}}],"collection":[{"href":"https:\/\/deportesram.cl\/es_es\/wp-json\/wp\/v2\/product"}],"about":[{"href":"https:\/\/deportesram.cl\/es_es\/wp-json\/wp\/v2\/types\/product"}],"wp:featuredmedia":[{"embeddable":true,"href":"https:\/\/deportesram.cl\/es_es\/wp-json\/wp\/v2\/media\/5287"}],"wp:attachment":[{"href":"https:\/\/deportesram.cl\/es_es\/wp-json\/wp\/v2\/media?parent=5286"}],"wp:term":[{"taxonomy":"product_brand","embeddable":true,"href":"https:\/\/deportesram.cl\/es_es\/wp-json\/wp\/v2\/product_brand?post=5286"},{"taxonomy":"product_cat","embeddable":true,"href":"https:\/\/deportesram.cl\/es_es\/wp-json\/wp\/v2\/product_cat?post=5286"},{"taxonomy":"product_tag","embeddable":true,"href":"https:\/\/deportesram.cl\/es_es\/wp-json\/wp\/v2\/product_tag?post=5286"}],"curies":[{"name":"wp","href":"https:\/\/api.w.org\/{rel}","templated":true}]}}