{"id":5301,"date":"2025-03-13T17:22:52","date_gmt":"2025-03-13T20:22:52","guid":{"rendered":"https:\/\/deportesram.cl\/?post_type=product&#038;p=5301"},"modified":"2025-09-27T13:38:04","modified_gmt":"2025-09-27T16:38:04","slug":"balon-handball-muuk-training-xxv-n2-azul-neg","status":"publish","type":"product","link":"https:\/\/deportesram.cl\/es_es\/producto\/balon-handball-muuk-training-xxv-n2-azul-neg\/","title":{"rendered":"BALON HANDBALL MUUK TRAINING XXV N2 AZUL\/NEG"},"content":{"rendered":"<p><strong>Balon de Handball Muuk Training XXIV<\/strong><br \/>\n<strong>Marca: Muuk<\/strong><br \/>\n<strong>Modelo : Training XXIV<\/strong><br \/>\n<strong>Talla: N2\u00a0<\/strong><\/p>\n<p><strong>Tu compra incluye:<\/strong><br \/>\n<strong>-Bal\u00f3n de balonmano MUUK<\/strong><\/p>\n<p><strong>Descubre el Bal\u00f3n de Handball Muuk Training XXIV, una opci\u00f3n excepcional para tus entrenamientos. Confeccionado con espuma de caucho de alta calidad, este bal\u00f3n destaca por su rendimiento superior. Ligero pero resistente, es la elecci\u00f3n ideal para jugadores de todos los niveles.<\/strong><\/p>\n<p><strong>Con tecnolog\u00eda Grip Twin anti deslizante, este bal\u00f3n ofrece un agarre excepcional en cualquier superficie. Cosido a mano con una c\u00e1mara de butilo y 32 cascos, garantiza durabilidad y rendimiento \u00f3ptimo.<\/strong><\/p>\n<p><strong>Caracter\u00edsticas:<\/strong><\/p>\n<p><strong>-Material de Espuma de Caucho de Alta Calidad<\/strong><br \/>\n<strong>-Talla 2: Circunferencia de 54 cm<\/strong><br \/>\n<strong>-Ligero y Resistente para un Rendimiento Superior<\/strong><br \/>\n<strong>-Dise\u00f1o Cuidadosamente Elaborado<\/strong><br \/>\n<strong>-Deporte\/ Disciplina: Handball<\/strong><br \/>\n<strong>-Usos Recomendados: Ideal para partidos y entrenamientos de todos los niveles, el Bal\u00f3n de H\u00e1ndbol Muuk Training XXIV destaca por su rendimiento superior y agarre \u00f3ptimo.<\/strong><br \/>\n<strong>-Beneficio Adicional: Disfruta de un dise\u00f1o cuidadosamente elaborado con materiales de alta calidad que ofrecen ligereza, resistencia y un rendimiento excepcional en cada juego.<\/strong><\/p>\n<p><strong>-Marca: MUUK<\/strong><br \/>\n<strong>-Categor\u00eda: Entrenamiento \/ escuela.<\/strong><br \/>\n<strong>-Deporte: Handball \/ Balonmano<\/strong><br \/>\n<strong>-N\u00facleo: Butilo.<\/strong><br \/>\n<strong>-Costuras: Cosido a maquina y recubierto en goma de espuma.<\/strong><br \/>\n<strong>-Uso en Indore y outdoor<\/strong><br \/>\n<strong>-Tama\u00f1o oficial Handball.<\/strong><br \/>\n<strong>-N\u00facleo de butilo y v\u00e1lvula que garantizan retenci\u00f3n total del aire.<\/strong><br \/>\n<strong>-Tama\u00f1os disponibles: N\u00b02<\/strong><br \/>\n<strong>-Modelo superior de entrenamiento, recreaci\u00f3n.<\/strong><\/p>\n","protected":false},"excerpt":{"rendered":"<p>Balon de Handball Muuk Training XXIV Marca: Muuk Modelo : Training XXIV Talla: N2\u00a0 Tu compra incluye: -Bal\u00f3n de balonmano MUUK Descubre el Bal\u00f3n de Handball Muuk Training XXIV, una opci\u00f3n excepcional para tus entrenamientos. Confeccionado con espuma de caucho de alta calidad, este bal\u00f3n destaca por su rendimiento superior. Ligero pero resistente, es la [&hellip;]<\/p>\n","protected":false},"featured_media":5302,"template":"","meta":[],"product_brand":[],"product_cat":[592,591],"product_tag":[],"class_list":{"0":"post-5301","1":"product","2":"type-product","3":"status-publish","4":"has-post-thumbnail","6":"product_cat-balones-handball","7":"product_cat-handball","9":"first","10":"instock","11":"taxable","12":"shipping-taxable","13":"purchasable","14":"product-type-simple"},"wc_booster_product_categories":[{"id":592,"name":"Balones"},{"id":591,"name":"Handball"}],"wc_booster_product_price":"<span class=\"woocommerce-Price-amount amount\"><bdi><span class=\"woocommerce-Price-currencySymbol\">&#36;<\/span>12.990<\/bdi><\/span> <small class=\"woocommerce-price-suffix\">IVA Incluido<\/small>","wc_booster_product_rating":"","wc_booster_product_banner_img":false,"wc_booster_product_reviews":[],"wc_booster_product_stock_data":{"manage_stock":true,"total_stock":5,"sold_stock":0},"_links":{"self":[{"href":"https:\/\/deportesram.cl\/es_es\/wp-json\/wp\/v2\/product\/5301","targetHints":{"allow":["GET"]}}],"collection":[{"href":"https:\/\/deportesram.cl\/es_es\/wp-json\/wp\/v2\/product"}],"about":[{"href":"https:\/\/deportesram.cl\/es_es\/wp-json\/wp\/v2\/types\/product"}],"wp:featuredmedia":[{"embeddable":true,"href":"https:\/\/deportesram.cl\/es_es\/wp-json\/wp\/v2\/media\/5302"}],"wp:attachment":[{"href":"https:\/\/deportesram.cl\/es_es\/wp-json\/wp\/v2\/media?parent=5301"}],"wp:term":[{"taxonomy":"product_brand","embeddable":true,"href":"https:\/\/deportesram.cl\/es_es\/wp-json\/wp\/v2\/product_brand?post=5301"},{"taxonomy":"product_cat","embeddable":true,"href":"https:\/\/deportesram.cl\/es_es\/wp-json\/wp\/v2\/product_cat?post=5301"},{"taxonomy":"product_tag","embeddable":true,"href":"https:\/\/deportesram.cl\/es_es\/wp-json\/wp\/v2\/product_tag?post=5301"}],"curies":[{"name":"wp","href":"https:\/\/api.w.org\/{rel}","templated":true}]}}