{"id":5307,"date":"2025-03-13T17:36:37","date_gmt":"2025-03-13T20:36:37","guid":{"rendered":"https:\/\/deportesram.cl\/?post_type=product&#038;p=5307"},"modified":"2025-08-15T15:32:56","modified_gmt":"2025-08-15T19:32:56","slug":"balon-medicinal-con-rebote-muuk-1-kilo","status":"publish","type":"product","link":"https:\/\/deportesram.cl\/es_es\/producto\/balon-medicinal-con-rebote-muuk-1-kilo\/","title":{"rendered":"BALON MEDICINAL CON REBOTE MUUK 1 KILO"},"content":{"rendered":"<p><strong>El\u00a0Bal\u00f3n Medicinal Muuk con Rebote\u00a0es una excelente herramienta para desarrollar fuerza, resistencia y<\/strong> <strong>potencia en una variedad de deportes. Dise\u00f1ado para ejercicios de alta intensidad, este bal\u00f3n es perfecto para rutinas de entrenamiento polim\u00e9tricas, isom\u00e9tricas o de resistencia, adapt\u00e1ndose a todos los niveles de habilidad, desde principiantes hasta atletas experimentados.<\/strong><\/p>\n<p><strong>Hecho de goma de alta densidad, este bal\u00f3n ofrece una durabilidad excepcional, permitiendo que resista entrenamientos intensos y ca\u00eddas repetidas sin perder su forma. Gracias a su rebote controlado, es ideal para ejercicios de lanzamiento y rebote, lo que lo convierte en un accesorio vers\u00e1til para deportes como atletismo, nataci\u00f3n, f\u00fatbol y otros deportes con bal\u00f3n.<\/strong><\/p>\n<p><strong>Caracter\u00edsticas del Producto:<\/strong><\/p>\n<ul>\n<li><strong>Material: Goma de alta densidad<\/strong><\/li>\n<li><strong>Peso:\u00a01 kg<\/strong><\/li>\n<li><strong>Uso Recomendado: Desarrollar fuerza, resistencia y potencia en rutinas polim\u00e9tricas, isom\u00e9tricas y de resistencia<\/strong><\/li>\n<li><strong>Adecuado para: Atletas de todos los niveles y edades<\/strong><\/li>\n<li><strong>Deporte \/ Disciplina: Atletismo, nataci\u00f3n, f\u00fatbol, y m\u00e1s<\/strong><\/li>\n<li><strong>Beneficios:<\/strong>\n<ul>\n<li><strong>Aumenta la fuerza y resistencia muscular<\/strong><\/li>\n<li><strong>Ideal para entrenamiento de rebote y lanzamientos<\/strong><\/li>\n<li><strong>Duradero y resistente a entrenamientos intensos<\/strong><\/li>\n<li><strong>Apto para una amplia gama de deportes y rutinas de fitness<\/strong><\/li>\n<li><strong>Recomendado para personas de todas las edades y niveles de habilidad.<\/strong><\/li>\n<\/ul>\n<\/li>\n<\/ul>\n","protected":false},"excerpt":{"rendered":"<p>El\u00a0Bal\u00f3n Medicinal Muuk con Rebote\u00a0es una excelente herramienta para desarrollar fuerza, resistencia y potencia en una variedad de deportes. Dise\u00f1ado para ejercicios de alta intensidad, este bal\u00f3n es perfecto para rutinas de entrenamiento polim\u00e9tricas, isom\u00e9tricas o de resistencia, adapt\u00e1ndose a todos los niveles de habilidad, desde principiantes hasta atletas experimentados. Hecho de goma de alta [&hellip;]<\/p>\n","protected":false},"featured_media":5308,"template":"","meta":[],"product_brand":[],"product_cat":[577,631,576,629],"product_tag":[],"class_list":{"0":"post-5307","1":"product","2":"type-product","3":"status-publish","4":"has-post-thumbnail","6":"product_cat-balon-medicinal","7":"product_cat-balones-pilates","8":"product_cat-crossfit","9":"product_cat-pilates","11":"first","12":"outofstock","13":"taxable","14":"shipping-taxable","15":"purchasable","16":"product-type-simple"},"wc_booster_product_categories":[{"id":577,"name":"Bal\u00f3n Medicinal"},{"id":631,"name":"Balones"},{"id":576,"name":"Crossfit"},{"id":629,"name":"Pilates"}],"wc_booster_product_price":"<span class=\"woocommerce-Price-amount amount\"><bdi><span class=\"woocommerce-Price-currencySymbol\">&#36;<\/span>18.990<\/bdi><\/span> <small class=\"woocommerce-price-suffix\">IVA Incluido<\/small>","wc_booster_product_rating":"","wc_booster_product_banner_img":false,"wc_booster_product_reviews":[],"wc_booster_product_stock_data":{"manage_stock":false,"total_stock":null,"sold_stock":0},"_links":{"self":[{"href":"https:\/\/deportesram.cl\/es_es\/wp-json\/wp\/v2\/product\/5307","targetHints":{"allow":["GET"]}}],"collection":[{"href":"https:\/\/deportesram.cl\/es_es\/wp-json\/wp\/v2\/product"}],"about":[{"href":"https:\/\/deportesram.cl\/es_es\/wp-json\/wp\/v2\/types\/product"}],"wp:featuredmedia":[{"embeddable":true,"href":"https:\/\/deportesram.cl\/es_es\/wp-json\/wp\/v2\/media\/5308"}],"wp:attachment":[{"href":"https:\/\/deportesram.cl\/es_es\/wp-json\/wp\/v2\/media?parent=5307"}],"wp:term":[{"taxonomy":"product_brand","embeddable":true,"href":"https:\/\/deportesram.cl\/es_es\/wp-json\/wp\/v2\/product_brand?post=5307"},{"taxonomy":"product_cat","embeddable":true,"href":"https:\/\/deportesram.cl\/es_es\/wp-json\/wp\/v2\/product_cat?post=5307"},{"taxonomy":"product_tag","embeddable":true,"href":"https:\/\/deportesram.cl\/es_es\/wp-json\/wp\/v2\/product_tag?post=5307"}],"curies":[{"name":"wp","href":"https:\/\/api.w.org\/{rel}","templated":true}]}}