{"id":5317,"date":"2025-03-14T14:14:58","date_gmt":"2025-03-14T17:14:58","guid":{"rendered":"https:\/\/deportesram.cl\/?post_type=product&#038;p=5317"},"modified":"2025-08-15T15:26:41","modified_gmt":"2025-08-15T19:26:41","slug":"balon-medicinal-con-rebote-muuk-3-kilo","status":"publish","type":"product","link":"https:\/\/deportesram.cl\/es_es\/producto\/balon-medicinal-con-rebote-muuk-3-kilo\/","title":{"rendered":"BALON MEDICINAL CON REBOTE MUUK 3 KILO"},"content":{"rendered":"<p><strong>\u00a0Superficie con textura antideslizante de goma ultra-resistente, uso rudo, absorbe el impacto.<\/strong><br \/>\n<strong>&#8211; Se pueden utilizar para entrenamientos metab\u00f3licos y de potencia, adem\u00e1s de ser una herramienta excelente para trabajar la musculatura y la prevenci\u00f3n y readaptaci\u00f3n de lesiones.<\/strong><br \/>\n<strong>&#8211; Mejora el trabajo propioceptivo: corrige la postura y el equilibrio.<\/strong><br \/>\n<strong>&#8211; Ideal para entrenamiento funcional y Crossfit.<\/strong><br \/>\n<strong>&#8211; Amigable con las superficies.<\/strong><br \/>\n<strong>&#8211; Resistente y antideslizante.<\/strong><br \/>\n<strong>&#8211; Permite desarrollar la potencia y la coordinaci\u00f3n del cuerpo.<\/strong><br \/>\n<strong>&#8211; Bal\u00f3n para realizar ejercicios de fuerza.<\/strong><br \/>\n<strong>&#8211; Para ejercicios como estocadas y ejercicios funcionales de peso corporal.<\/strong><br \/>\n<strong>&#8211; PESO: 3KG<\/strong><br \/>\n<strong>&#8211; MATERIAL: Caucho y PVC<\/strong><\/p>\n","protected":false},"excerpt":{"rendered":"<p>\u00a0Superficie con textura antideslizante de goma ultra-resistente, uso rudo, absorbe el impacto. &#8211; Se pueden utilizar para entrenamientos metab\u00f3licos y de potencia, adem\u00e1s de ser una herramienta excelente para trabajar la musculatura y la prevenci\u00f3n y readaptaci\u00f3n de lesiones. &#8211; Mejora el trabajo propioceptivo: corrige la postura y el equilibrio. &#8211; Ideal para entrenamiento funcional [&hellip;]<\/p>\n","protected":false},"featured_media":5320,"template":"","meta":[],"product_brand":[],"product_cat":[577,631,576,629],"product_tag":[],"class_list":{"0":"post-5317","1":"product","2":"type-product","3":"status-publish","4":"has-post-thumbnail","6":"product_cat-balon-medicinal","7":"product_cat-balones-pilates","8":"product_cat-crossfit","9":"product_cat-pilates","11":"first","12":"outofstock","13":"taxable","14":"shipping-taxable","15":"purchasable","16":"product-type-simple"},"wc_booster_product_categories":[{"id":577,"name":"Bal\u00f3n Medicinal"},{"id":631,"name":"Balones"},{"id":576,"name":"Crossfit"},{"id":629,"name":"Pilates"}],"wc_booster_product_price":"<span class=\"woocommerce-Price-amount amount\"><bdi><span class=\"woocommerce-Price-currencySymbol\">&#36;<\/span>26.990<\/bdi><\/span> <small class=\"woocommerce-price-suffix\">IVA Incluido<\/small>","wc_booster_product_rating":"","wc_booster_product_banner_img":false,"wc_booster_product_reviews":[],"wc_booster_product_stock_data":{"manage_stock":false,"total_stock":null,"sold_stock":0},"_links":{"self":[{"href":"https:\/\/deportesram.cl\/es_es\/wp-json\/wp\/v2\/product\/5317","targetHints":{"allow":["GET"]}}],"collection":[{"href":"https:\/\/deportesram.cl\/es_es\/wp-json\/wp\/v2\/product"}],"about":[{"href":"https:\/\/deportesram.cl\/es_es\/wp-json\/wp\/v2\/types\/product"}],"wp:featuredmedia":[{"embeddable":true,"href":"https:\/\/deportesram.cl\/es_es\/wp-json\/wp\/v2\/media\/5320"}],"wp:attachment":[{"href":"https:\/\/deportesram.cl\/es_es\/wp-json\/wp\/v2\/media?parent=5317"}],"wp:term":[{"taxonomy":"product_brand","embeddable":true,"href":"https:\/\/deportesram.cl\/es_es\/wp-json\/wp\/v2\/product_brand?post=5317"},{"taxonomy":"product_cat","embeddable":true,"href":"https:\/\/deportesram.cl\/es_es\/wp-json\/wp\/v2\/product_cat?post=5317"},{"taxonomy":"product_tag","embeddable":true,"href":"https:\/\/deportesram.cl\/es_es\/wp-json\/wp\/v2\/product_tag?post=5317"}],"curies":[{"name":"wp","href":"https:\/\/api.w.org\/{rel}","templated":true}]}}