{"id":5325,"date":"2025-03-14T14:52:57","date_gmt":"2025-03-14T17:52:57","guid":{"rendered":"https:\/\/deportesram.cl\/?post_type=product&#038;p=5325"},"modified":"2025-08-15T12:54:45","modified_gmt":"2025-08-15T16:54:45","slug":"balon-medicinal-con-aza-muuk-3-kilo","status":"publish","type":"product","link":"https:\/\/deportesram.cl\/es_es\/producto\/balon-medicinal-con-aza-muuk-3-kilo\/","title":{"rendered":"BALON MEDICINAL CON AZA MUUK 3 KILO"},"content":{"rendered":"<p><strong>El bal\u00f3n medicinal es un elemento que muy \u00fatil para trabajar todo tu cuerpo. Bal\u00f3n Medicinal Muuk viene con Azas para un agarre firme y seguro.<\/strong><\/p>\n<p><strong>Beneficios:\u00a0Mejora el trabajo de equilibrio, incrementa\u00a0 la fuerza y tonificaci\u00f3n muscular. Permite el trabajo aer\u00f3bico. Sirve para mejorar la coordinaci\u00f3n y velocidad de reacci\u00f3n. Excelente complemento para circuitos o trabajo de alta intensidad.<\/strong><\/p>\n","protected":false},"excerpt":{"rendered":"<p>El bal\u00f3n medicinal es un elemento que muy \u00fatil para trabajar todo tu cuerpo. Bal\u00f3n Medicinal Muuk viene con Azas para un agarre firme y seguro. Beneficios:\u00a0Mejora el trabajo de equilibrio, incrementa\u00a0 la fuerza y tonificaci\u00f3n muscular. Permite el trabajo aer\u00f3bico. Sirve para mejorar la coordinaci\u00f3n y velocidad de reacci\u00f3n. Excelente complemento para circuitos o [&hellip;]<\/p>\n","protected":false},"featured_media":5326,"template":"","meta":[],"product_brand":[],"product_cat":[577,631,629],"product_tag":[],"class_list":{"0":"post-5325","1":"product","2":"type-product","3":"status-publish","4":"has-post-thumbnail","6":"product_cat-balon-medicinal","7":"product_cat-balones-pilates","8":"product_cat-pilates","10":"first","11":"outofstock","12":"taxable","13":"shipping-taxable","14":"purchasable","15":"product-type-simple"},"wc_booster_product_categories":[{"id":577,"name":"Bal\u00f3n Medicinal"},{"id":631,"name":"Balones"},{"id":629,"name":"Pilates"}],"wc_booster_product_price":"<span class=\"woocommerce-Price-amount amount\"><bdi><span class=\"woocommerce-Price-currencySymbol\">&#36;<\/span>29.990<\/bdi><\/span> <small class=\"woocommerce-price-suffix\">IVA Incluido<\/small>","wc_booster_product_rating":"","wc_booster_product_banner_img":false,"wc_booster_product_reviews":[],"wc_booster_product_stock_data":{"manage_stock":false,"total_stock":null,"sold_stock":0},"_links":{"self":[{"href":"https:\/\/deportesram.cl\/es_es\/wp-json\/wp\/v2\/product\/5325","targetHints":{"allow":["GET"]}}],"collection":[{"href":"https:\/\/deportesram.cl\/es_es\/wp-json\/wp\/v2\/product"}],"about":[{"href":"https:\/\/deportesram.cl\/es_es\/wp-json\/wp\/v2\/types\/product"}],"wp:featuredmedia":[{"embeddable":true,"href":"https:\/\/deportesram.cl\/es_es\/wp-json\/wp\/v2\/media\/5326"}],"wp:attachment":[{"href":"https:\/\/deportesram.cl\/es_es\/wp-json\/wp\/v2\/media?parent=5325"}],"wp:term":[{"taxonomy":"product_brand","embeddable":true,"href":"https:\/\/deportesram.cl\/es_es\/wp-json\/wp\/v2\/product_brand?post=5325"},{"taxonomy":"product_cat","embeddable":true,"href":"https:\/\/deportesram.cl\/es_es\/wp-json\/wp\/v2\/product_cat?post=5325"},{"taxonomy":"product_tag","embeddable":true,"href":"https:\/\/deportesram.cl\/es_es\/wp-json\/wp\/v2\/product_tag?post=5325"}],"curies":[{"name":"wp","href":"https:\/\/api.w.org\/{rel}","templated":true}]}}