{"id":5327,"date":"2025-03-14T15:29:07","date_gmt":"2025-03-14T18:29:07","guid":{"rendered":"https:\/\/deportesram.cl\/?post_type=product&#038;p=5327"},"modified":"2025-08-15T12:37:15","modified_gmt":"2025-08-15T16:37:15","slug":"balon-medicinal-con-rebote-vinex-4-kilos","status":"publish","type":"product","link":"https:\/\/deportesram.cl\/es_es\/producto\/balon-medicinal-con-rebote-vinex-4-kilos\/","title":{"rendered":"BALON MEDICINAL CON REBOTE VINEX 4 KILOS"},"content":{"rendered":"<p><strong>Bal\u00f3n medicinal fabricado de goma.<\/strong><br \/>\n<strong>\u2022\u00a0Se utiliza para la rehabilitaci\u00f3n y el entrenamiento de fuerza, mediante ejercicios gen\u00e9ricos o localizados<\/strong><br \/>\n<strong>desempe\u00f1ando un papel importante en el campo de la medicina deportiva.<\/strong><br \/>\n<strong>\u2022\u00a0Apto para todas las edades y todos los niveles de entrenamiento.<\/strong><\/p>\n","protected":false},"excerpt":{"rendered":"<p>Bal\u00f3n medicinal fabricado de goma. \u2022\u00a0Se utiliza para la rehabilitaci\u00f3n y el entrenamiento de fuerza, mediante ejercicios gen\u00e9ricos o localizados desempe\u00f1ando un papel importante en el campo de la medicina deportiva. \u2022\u00a0Apto para todas las edades y todos los niveles de entrenamiento.<\/p>\n","protected":false},"featured_media":5329,"template":"","meta":[],"product_brand":[],"product_cat":[577,631,576,629],"product_tag":[],"class_list":{"0":"post-5327","1":"product","2":"type-product","3":"status-publish","4":"has-post-thumbnail","6":"product_cat-balon-medicinal","7":"product_cat-balones-pilates","8":"product_cat-crossfit","9":"product_cat-pilates","11":"first","12":"outofstock","13":"taxable","14":"shipping-taxable","15":"purchasable","16":"product-type-simple"},"wc_booster_product_categories":[{"id":577,"name":"Bal\u00f3n Medicinal"},{"id":631,"name":"Balones"},{"id":576,"name":"Crossfit"},{"id":629,"name":"Pilates"}],"wc_booster_product_price":"<span class=\"woocommerce-Price-amount amount\"><bdi><span class=\"woocommerce-Price-currencySymbol\">&#36;<\/span>28.990<\/bdi><\/span> <small class=\"woocommerce-price-suffix\">IVA Incluido<\/small>","wc_booster_product_rating":"","wc_booster_product_banner_img":false,"wc_booster_product_reviews":[],"wc_booster_product_stock_data":{"manage_stock":false,"total_stock":null,"sold_stock":0},"_links":{"self":[{"href":"https:\/\/deportesram.cl\/es_es\/wp-json\/wp\/v2\/product\/5327","targetHints":{"allow":["GET"]}}],"collection":[{"href":"https:\/\/deportesram.cl\/es_es\/wp-json\/wp\/v2\/product"}],"about":[{"href":"https:\/\/deportesram.cl\/es_es\/wp-json\/wp\/v2\/types\/product"}],"wp:featuredmedia":[{"embeddable":true,"href":"https:\/\/deportesram.cl\/es_es\/wp-json\/wp\/v2\/media\/5329"}],"wp:attachment":[{"href":"https:\/\/deportesram.cl\/es_es\/wp-json\/wp\/v2\/media?parent=5327"}],"wp:term":[{"taxonomy":"product_brand","embeddable":true,"href":"https:\/\/deportesram.cl\/es_es\/wp-json\/wp\/v2\/product_brand?post=5327"},{"taxonomy":"product_cat","embeddable":true,"href":"https:\/\/deportesram.cl\/es_es\/wp-json\/wp\/v2\/product_cat?post=5327"},{"taxonomy":"product_tag","embeddable":true,"href":"https:\/\/deportesram.cl\/es_es\/wp-json\/wp\/v2\/product_tag?post=5327"}],"curies":[{"name":"wp","href":"https:\/\/api.w.org\/{rel}","templated":true}]}}