{"id":5332,"date":"2025-03-18T16:10:38","date_gmt":"2025-03-18T19:10:38","guid":{"rendered":"https:\/\/deportesram.cl\/?post_type=product&#038;p=5332"},"modified":"2026-03-27T12:12:00","modified_gmt":"2026-03-27T15:12:00","slug":"balon-medicinal-con-rebote-muuk-4-kilos","status":"publish","type":"product","link":"https:\/\/deportesram.cl\/es_es\/producto\/balon-medicinal-con-rebote-muuk-4-kilos\/","title":{"rendered":"BALON MEDICINAL CON REBOTE MUUK 4 KILOS"},"content":{"rendered":"<p><strong>Bal\u00f3n Medicinal Muuk con rebote Ideales para desarrollar fuerza y resistencia en muchos deportes.<\/strong><\/p>\n<p><strong>Algunos ejercicios tambi\u00e9n son adecuados para rutinas polim\u00e9tricas, otros se pueden usar para desarrollar resistencia o fuerza isom\u00e9trica.<\/strong><\/p>\n<p><strong>Son apropiados para todas las edades y niveles de Fitness. El bal\u00f3n medicinal es muy popular en atletismo, nataci\u00f3n, deportes con bal\u00f3n etc.<\/strong><\/p>\n<p><strong>Material Goma alta densidad y duraci\u00f3n.<\/strong><\/p>\n","protected":false},"excerpt":{"rendered":"<p>Bal\u00f3n Medicinal Muuk con rebote Ideales para desarrollar fuerza y resistencia en muchos deportes. Algunos ejercicios tambi\u00e9n son adecuados para rutinas polim\u00e9tricas, otros se pueden usar para desarrollar resistencia o fuerza isom\u00e9trica. Son apropiados para todas las edades y niveles de Fitness. El bal\u00f3n medicinal es muy popular en atletismo, nataci\u00f3n, deportes con bal\u00f3n etc. [&hellip;]<\/p>\n","protected":false},"featured_media":5338,"template":"","meta":[],"product_brand":[],"product_cat":[577,631,576,629],"product_tag":[],"class_list":{"0":"post-5332","1":"product","2":"type-product","3":"status-publish","4":"has-post-thumbnail","6":"product_cat-balon-medicinal","7":"product_cat-balones-pilates","8":"product_cat-crossfit","9":"product_cat-pilates","11":"first","12":"outofstock","13":"taxable","14":"shipping-taxable","15":"purchasable","16":"product-type-simple"},"wc_booster_product_categories":[{"id":577,"name":"Bal\u00f3n Medicinal"},{"id":631,"name":"Balones"},{"id":576,"name":"Crossfit"},{"id":629,"name":"Pilates"}],"wc_booster_product_price":"<span class=\"woocommerce-Price-amount amount\"><bdi><span class=\"woocommerce-Price-currencySymbol\">&#36;<\/span>29.990<\/bdi><\/span> <small class=\"woocommerce-price-suffix\">IVA Incluido<\/small>","wc_booster_product_rating":"","wc_booster_product_banner_img":false,"wc_booster_product_reviews":[],"wc_booster_product_stock_data":{"manage_stock":true,"total_stock":0,"sold_stock":0},"_links":{"self":[{"href":"https:\/\/deportesram.cl\/es_es\/wp-json\/wp\/v2\/product\/5332","targetHints":{"allow":["GET"]}}],"collection":[{"href":"https:\/\/deportesram.cl\/es_es\/wp-json\/wp\/v2\/product"}],"about":[{"href":"https:\/\/deportesram.cl\/es_es\/wp-json\/wp\/v2\/types\/product"}],"wp:featuredmedia":[{"embeddable":true,"href":"https:\/\/deportesram.cl\/es_es\/wp-json\/wp\/v2\/media\/5338"}],"wp:attachment":[{"href":"https:\/\/deportesram.cl\/es_es\/wp-json\/wp\/v2\/media?parent=5332"}],"wp:term":[{"taxonomy":"product_brand","embeddable":true,"href":"https:\/\/deportesram.cl\/es_es\/wp-json\/wp\/v2\/product_brand?post=5332"},{"taxonomy":"product_cat","embeddable":true,"href":"https:\/\/deportesram.cl\/es_es\/wp-json\/wp\/v2\/product_cat?post=5332"},{"taxonomy":"product_tag","embeddable":true,"href":"https:\/\/deportesram.cl\/es_es\/wp-json\/wp\/v2\/product_tag?post=5332"}],"curies":[{"name":"wp","href":"https:\/\/api.w.org\/{rel}","templated":true}]}}