{"id":5357,"date":"2025-03-19T11:49:05","date_gmt":"2025-03-19T14:49:05","guid":{"rendered":"https:\/\/deportesram.cl\/?post_type=product&#038;p=5357"},"modified":"2025-11-27T14:04:18","modified_gmt":"2025-11-27T17:04:18","slug":"aro-pilates-muuk","status":"publish","type":"product","link":"https:\/\/deportesram.cl\/es_es\/producto\/aro-pilates-muuk\/","title":{"rendered":"ARO PILATES MUUK"},"content":{"rendered":"<div class=\"col-12 product-description product-description--push\">\n<p><strong>Inspirado en el dise\u00f1o original creado por Joseph Pilates en los a\u00f1os 20, el\u00a0Anillo de Pilates Muuk\u00a0es el complemento perfecto para tus entrenamientos. Dise\u00f1ado para ejercicios de contracci\u00f3n isom\u00e9trica, esta herramienta ayuda a fortalecer los m\u00fasculos clave que mejoran la postura y el control del cuerpo.<\/strong><\/p>\n<p><strong>Caracter\u00edsticas destacadas:<\/strong><\/p>\n<ul>\n<li><strong>Material ultra resistente para garantizar una mayor durabilidad.<\/strong><\/li>\n<li><strong>Tiene un agarre suave y ergon\u00f3mico, para una mayor comodidad en cualquier ejercicio.<\/strong><\/li>\n<li><strong>Edad de uso: J\u00f3venes y Adultos.<\/strong><\/li>\n<li><strong>Uso recomendado: Para todo tipo de personas que busquen ejercitarse.<\/strong><\/li>\n<\/ul>\n<p data-pm-slice=\"1 1 []\"><strong>Beneficios:\u00a0Este anillo es ideal para ejercicios de pilates y para quienes desean tonificar piernas y brazos de manera efectiva. Su ligereza y facilidad de uso lo hacen perfecto para entrenar en casa, en el gimnasio o donde prefieras.<\/strong><\/p>\n<p><strong>Lleva tu pr\u00e1ctica de pilates al siguiente nivel con el Anillo de Pilates Muuk y siente la diferencia en cada sesi\u00f3n.<\/strong><\/p>\n<\/div>\n<div class=\"col-12 product-accordion\">\n<div id=\"product-accordion-16805311\" class=\"accordion product-accordion__container\">\n<div class=\"accordion-item product-accordion__item\">\n<h2 id=\"accordion_item1_heading\" class=\"accordion-header product-accordion__header\"><\/h2>\n<\/div>\n<\/div>\n<\/div>\n","protected":false},"excerpt":{"rendered":"<p>Inspirado en el dise\u00f1o original creado por Joseph Pilates en los a\u00f1os 20, el\u00a0Anillo de Pilates Muuk\u00a0es el complemento perfecto para tus entrenamientos. Dise\u00f1ado para ejercicios de contracci\u00f3n isom\u00e9trica, esta herramienta ayuda a fortalecer los m\u00fasculos clave que mejoran la postura y el control del cuerpo. Caracter\u00edsticas destacadas: Material ultra resistente para garantizar una mayor [&hellip;]<\/p>\n","protected":false},"featured_media":5358,"template":"","meta":[],"product_brand":[],"product_cat":[630,629],"product_tag":[],"class_list":{"0":"post-5357","1":"product","2":"type-product","3":"status-publish","4":"has-post-thumbnail","6":"product_cat-aros","7":"product_cat-pilates","9":"first","10":"outofstock","11":"taxable","12":"shipping-taxable","13":"purchasable","14":"product-type-simple"},"wc_booster_product_categories":[{"id":630,"name":"Aros"},{"id":629,"name":"Pilates"}],"wc_booster_product_price":"<span class=\"woocommerce-Price-amount amount\"><bdi><span class=\"woocommerce-Price-currencySymbol\">&#36;<\/span>12.990<\/bdi><\/span> <small class=\"woocommerce-price-suffix\">IVA Incluido<\/small>","wc_booster_product_rating":"","wc_booster_product_banner_img":false,"wc_booster_product_reviews":[],"wc_booster_product_stock_data":{"manage_stock":true,"total_stock":0,"sold_stock":0},"_links":{"self":[{"href":"https:\/\/deportesram.cl\/es_es\/wp-json\/wp\/v2\/product\/5357","targetHints":{"allow":["GET"]}}],"collection":[{"href":"https:\/\/deportesram.cl\/es_es\/wp-json\/wp\/v2\/product"}],"about":[{"href":"https:\/\/deportesram.cl\/es_es\/wp-json\/wp\/v2\/types\/product"}],"wp:featuredmedia":[{"embeddable":true,"href":"https:\/\/deportesram.cl\/es_es\/wp-json\/wp\/v2\/media\/5358"}],"wp:attachment":[{"href":"https:\/\/deportesram.cl\/es_es\/wp-json\/wp\/v2\/media?parent=5357"}],"wp:term":[{"taxonomy":"product_brand","embeddable":true,"href":"https:\/\/deportesram.cl\/es_es\/wp-json\/wp\/v2\/product_brand?post=5357"},{"taxonomy":"product_cat","embeddable":true,"href":"https:\/\/deportesram.cl\/es_es\/wp-json\/wp\/v2\/product_cat?post=5357"},{"taxonomy":"product_tag","embeddable":true,"href":"https:\/\/deportesram.cl\/es_es\/wp-json\/wp\/v2\/product_tag?post=5357"}],"curies":[{"name":"wp","href":"https:\/\/api.w.org\/{rel}","templated":true}]}}