{"id":5361,"date":"2025-03-19T13:15:58","date_gmt":"2025-03-19T16:15:58","guid":{"rendered":"https:\/\/deportesram.cl\/?post_type=product&#038;p=5361"},"modified":"2025-11-27T14:00:36","modified_gmt":"2025-11-27T17:00:36","slug":"balon-rugby-muuk-club-top-match-n5","status":"publish","type":"product","link":"https:\/\/deportesram.cl\/es_es\/producto\/balon-rugby-muuk-club-top-match-n5\/","title":{"rendered":"BALON RUGBY MUUK CLUB TOP MATCH N5"},"content":{"rendered":"<p><strong>Imagina el\u00a0Bal\u00f3n De Rugby Match N\u00b0 5 Muuk\u00a0rodando por campos de hierba, barro y arena, el bal\u00f3n ha sido testigo de paisajes diversos y culturas distintas. En cada partido, emprende un nuevo viaje, llevando consigo la ilusi\u00f3n de quienes lo sostienen.<\/strong><\/p>\n<p><strong>Caracter\u00edsticas del Producto<\/strong><\/p>\n<ul>\n<li><strong>Tama\u00f1o: N \u00b0 5.<\/strong><\/li>\n<li><strong>Materiales: 3 capas de poli-algod\u00f3n y laminados de algod\u00f3n.<\/strong><\/li>\n<li><strong>Superficie de caucho resistente.<\/strong><\/li>\n<li><strong>Cosido a mano.<\/strong><\/li>\n<\/ul>\n<p><strong>Uso Recomendado:\u00a0Entrenamiento<\/strong><\/p>\n<p><strong>Deporte \/ Disciplina:\u00a0Rugby<\/strong><\/p>\n<p><strong>Beneficios: Disfruta de tus pr\u00e1cticas y juegos con el bal\u00f3n Rugby n\u00ba 5 de Muuk garantizando calidad y pr\u00e1ctico para el agarre en las jugadas.<\/strong><\/p>\n","protected":false},"excerpt":{"rendered":"<p>Imagina el\u00a0Bal\u00f3n De Rugby Match N\u00b0 5 Muuk\u00a0rodando por campos de hierba, barro y arena, el bal\u00f3n ha sido testigo de paisajes diversos y culturas distintas. En cada partido, emprende un nuevo viaje, llevando consigo la ilusi\u00f3n de quienes lo sostienen. Caracter\u00edsticas del Producto Tama\u00f1o: N \u00b0 5. Materiales: 3 capas de poli-algod\u00f3n y laminados [&hellip;]<\/p>\n","protected":false},"featured_media":5363,"template":"","meta":[],"product_brand":[],"product_cat":[644,643],"product_tag":[],"class_list":{"0":"post-5361","1":"product","2":"type-product","3":"status-publish","4":"has-post-thumbnail","6":"product_cat-balones-rugby","7":"product_cat-rugby","9":"first","10":"outofstock","11":"taxable","12":"shipping-taxable","13":"purchasable","14":"product-type-simple"},"wc_booster_product_categories":[{"id":644,"name":"Balones"},{"id":643,"name":"Rugby"}],"wc_booster_product_price":"<span class=\"woocommerce-Price-amount amount\"><bdi><span class=\"woocommerce-Price-currencySymbol\">&#36;<\/span>26.990<\/bdi><\/span> <small class=\"woocommerce-price-suffix\">IVA Incluido<\/small>","wc_booster_product_rating":"","wc_booster_product_banner_img":false,"wc_booster_product_reviews":[],"wc_booster_product_stock_data":{"manage_stock":true,"total_stock":0,"sold_stock":0},"_links":{"self":[{"href":"https:\/\/deportesram.cl\/es_es\/wp-json\/wp\/v2\/product\/5361","targetHints":{"allow":["GET"]}}],"collection":[{"href":"https:\/\/deportesram.cl\/es_es\/wp-json\/wp\/v2\/product"}],"about":[{"href":"https:\/\/deportesram.cl\/es_es\/wp-json\/wp\/v2\/types\/product"}],"wp:featuredmedia":[{"embeddable":true,"href":"https:\/\/deportesram.cl\/es_es\/wp-json\/wp\/v2\/media\/5363"}],"wp:attachment":[{"href":"https:\/\/deportesram.cl\/es_es\/wp-json\/wp\/v2\/media?parent=5361"}],"wp:term":[{"taxonomy":"product_brand","embeddable":true,"href":"https:\/\/deportesram.cl\/es_es\/wp-json\/wp\/v2\/product_brand?post=5361"},{"taxonomy":"product_cat","embeddable":true,"href":"https:\/\/deportesram.cl\/es_es\/wp-json\/wp\/v2\/product_cat?post=5361"},{"taxonomy":"product_tag","embeddable":true,"href":"https:\/\/deportesram.cl\/es_es\/wp-json\/wp\/v2\/product_tag?post=5361"}],"curies":[{"name":"wp","href":"https:\/\/api.w.org\/{rel}","templated":true}]}}