{"id":6092,"date":"2025-09-10T18:35:27","date_gmt":"2025-09-10T21:35:27","guid":{"rendered":"https:\/\/deportesram.cl\/?post_type=product&#038;p=6092"},"modified":"2026-03-27T11:30:05","modified_gmt":"2026-03-27T14:30:05","slug":"lentes-natacion-team-sprint-tyr-azul","status":"publish","type":"product","link":"https:\/\/deportesram.cl\/es_es\/producto\/lentes-natacion-team-sprint-tyr-azul\/","title":{"rendered":"Lentes nataci\u00f3n Team Sprint TYR &#8211; Az\u00fal"},"content":{"rendered":"<p>Est\u00e1n dise\u00f1ados tanto para entrenamiento como para uso recreativo. Con juntas de espuma, un puente nasal ajustable y una correa de goma dividida para la cabeza, las lentes Team Sprint son una opci\u00f3n c\u00f3moda tanto para nadadores masculinos como femeninos.<\/p>\n","protected":false},"excerpt":{"rendered":"<p>Est\u00e1n dise\u00f1ados tanto para entrenamiento como para uso recreativo. Con juntas de espuma, un puente nasal ajustable y una correa de goma dividida para la cabeza, las lentes Team Sprint son una opci\u00f3n c\u00f3moda tanto para nadadores masculinos como femeninos.<\/p>\n","protected":false},"featured_media":6136,"template":"","meta":[],"product_brand":[],"product_cat":[615,612],"product_tag":[],"class_list":{"0":"post-6092","1":"product","2":"type-product","3":"status-publish","4":"has-post-thumbnail","6":"product_cat-lentes-y-nariceras","7":"product_cat-natacion","9":"first","10":"outofstock","11":"taxable","12":"shipping-taxable","13":"purchasable","14":"product-type-simple"},"wc_booster_product_categories":[{"id":615,"name":"Lentes y Nariceras"},{"id":612,"name":"Nataci\u00f3n"}],"wc_booster_product_price":"<span class=\"woocommerce-Price-amount amount\"><bdi><span class=\"woocommerce-Price-currencySymbol\">&#36;<\/span>10.990<\/bdi><\/span> <small class=\"woocommerce-price-suffix\">IVA Incluido<\/small>","wc_booster_product_rating":"","wc_booster_product_banner_img":false,"wc_booster_product_reviews":[],"wc_booster_product_stock_data":{"manage_stock":true,"total_stock":0,"sold_stock":0},"_links":{"self":[{"href":"https:\/\/deportesram.cl\/es_es\/wp-json\/wp\/v2\/product\/6092","targetHints":{"allow":["GET"]}}],"collection":[{"href":"https:\/\/deportesram.cl\/es_es\/wp-json\/wp\/v2\/product"}],"about":[{"href":"https:\/\/deportesram.cl\/es_es\/wp-json\/wp\/v2\/types\/product"}],"wp:featuredmedia":[{"embeddable":true,"href":"https:\/\/deportesram.cl\/es_es\/wp-json\/wp\/v2\/media\/6136"}],"wp:attachment":[{"href":"https:\/\/deportesram.cl\/es_es\/wp-json\/wp\/v2\/media?parent=6092"}],"wp:term":[{"taxonomy":"product_brand","embeddable":true,"href":"https:\/\/deportesram.cl\/es_es\/wp-json\/wp\/v2\/product_brand?post=6092"},{"taxonomy":"product_cat","embeddable":true,"href":"https:\/\/deportesram.cl\/es_es\/wp-json\/wp\/v2\/product_cat?post=6092"},{"taxonomy":"product_tag","embeddable":true,"href":"https:\/\/deportesram.cl\/es_es\/wp-json\/wp\/v2\/product_tag?post=6092"}],"curies":[{"name":"wp","href":"https:\/\/api.w.org\/{rel}","templated":true}]}}