{"id":6109,"date":"2025-09-13T13:25:49","date_gmt":"2025-09-13T16:25:49","guid":{"rendered":"https:\/\/deportesram.cl\/?post_type=product&#038;p=6109"},"modified":"2025-09-16T12:36:38","modified_gmt":"2025-09-16T15:36:38","slug":"peto-de-futbol-entrenamiento-adulto-lince-celeste-kelme","status":"publish","type":"product","link":"https:\/\/deportesram.cl\/es_es\/producto\/peto-de-futbol-entrenamiento-adulto-lince-celeste-kelme\/","title":{"rendered":"Pack 6 Peto de F\u00fatbol Entrenamiento Adulto Lince Celeste Kelme"},"content":{"rendered":"<p>Peto deportivo de f\u00fatbol marca Kelme. Modelo de malla y talla \u00fanica para adulto.<\/p>\n<p>Tela c\u00f3moda y fresca para tus entrenamientos<\/p>\n<p>Composici\u00f3n: 100% poli\u00e9ster.<\/p>\n<p>Talla\u00a0 para adulto.<\/p>\n<p>Pack 6 petos<\/p>\n","protected":false},"excerpt":{"rendered":"<p>Peto deportivo de f\u00fatbol marca Kelme. Modelo de malla y talla \u00fanica para adulto. Tela c\u00f3moda y fresca para tus entrenamientos Composici\u00f3n: 100% poli\u00e9ster. Talla\u00a0 para adulto. Pack 6 petos<\/p>\n","protected":false},"featured_media":6112,"template":"","meta":[],"product_brand":[],"product_cat":[672,678],"product_tag":[],"class_list":{"0":"post-6109","1":"product","2":"type-product","3":"status-publish","4":"has-post-thumbnail","6":"product_cat-futbol","7":"product_cat-indumentaria","9":"first","10":"instock","11":"sale","12":"taxable","13":"shipping-taxable","14":"purchasable","15":"product-type-simple"},"wc_booster_product_categories":[{"id":672,"name":"F\u00fatbol"},{"id":678,"name":"Indumentaria"}],"wc_booster_product_price":"<span class=\"sale-price\"><del aria-hidden=\"true\"><span class=\"woocommerce-Price-amount amount\"><bdi><span class=\"woocommerce-Price-currencySymbol\">&#36;<\/span>47.940<\/bdi><\/span><\/del> <span class=\"screen-reader-text\">El precio original era: &#036;47.940.<\/span><ins aria-hidden=\"true\"><span class=\"woocommerce-Price-amount amount\"><bdi><span class=\"woocommerce-Price-currencySymbol\">&#36;<\/span>39.990<\/bdi><\/span><\/ins><span class=\"screen-reader-text\">El precio actual es: &#036;39.990.<\/span><\/span> <small class=\"woocommerce-price-suffix\">IVA Incluido<\/small>","wc_booster_product_rating":"","wc_booster_product_banner_img":false,"wc_booster_product_reviews":[],"wc_booster_product_stock_data":{"manage_stock":true,"total_stock":6,"sold_stock":0},"_links":{"self":[{"href":"https:\/\/deportesram.cl\/es_es\/wp-json\/wp\/v2\/product\/6109","targetHints":{"allow":["GET"]}}],"collection":[{"href":"https:\/\/deportesram.cl\/es_es\/wp-json\/wp\/v2\/product"}],"about":[{"href":"https:\/\/deportesram.cl\/es_es\/wp-json\/wp\/v2\/types\/product"}],"wp:featuredmedia":[{"embeddable":true,"href":"https:\/\/deportesram.cl\/es_es\/wp-json\/wp\/v2\/media\/6112"}],"wp:attachment":[{"href":"https:\/\/deportesram.cl\/es_es\/wp-json\/wp\/v2\/media?parent=6109"}],"wp:term":[{"taxonomy":"product_brand","embeddable":true,"href":"https:\/\/deportesram.cl\/es_es\/wp-json\/wp\/v2\/product_brand?post=6109"},{"taxonomy":"product_cat","embeddable":true,"href":"https:\/\/deportesram.cl\/es_es\/wp-json\/wp\/v2\/product_cat?post=6109"},{"taxonomy":"product_tag","embeddable":true,"href":"https:\/\/deportesram.cl\/es_es\/wp-json\/wp\/v2\/product_tag?post=6109"}],"curies":[{"name":"wp","href":"https:\/\/api.w.org\/{rel}","templated":true}]}}