{"id":6121,"date":"2025-09-13T14:08:37","date_gmt":"2025-09-13T17:08:37","guid":{"rendered":"https:\/\/deportesram.cl\/?post_type=product&#038;p=6121"},"modified":"2025-09-16T12:57:24","modified_gmt":"2025-09-16T15:57:24","slug":"peto-de-futbol-entrenamiento-infantil-lince-amarillo-fluor-kelme","status":"publish","type":"product","link":"https:\/\/deportesram.cl\/es_es\/producto\/peto-de-futbol-entrenamiento-infantil-lince-amarillo-fluor-kelme\/","title":{"rendered":"Pack 6 Peto Peto de F\u00fatbol Entrenamiento Infantil Lince Amarillo Fluor Kelme"},"content":{"rendered":"<p>Peto deportivo de f\u00fatbol marca Kelme. Modelo de malla y talla \u00fanica\u00a0 para ni\u00f1os.<\/p>\n<p>Tela c\u00f3moda y fresca para tus entrenamientos.<\/p>\n<p>Composici\u00f3n: 100% poli\u00e9ster.<\/p>\n<p>Talla para ni\u00f1os.<\/p>\n<p>Pack 6 Peto<\/p>\n","protected":false},"excerpt":{"rendered":"<p>Peto deportivo de f\u00fatbol marca Kelme. Modelo de malla y talla \u00fanica\u00a0 para ni\u00f1os. Tela c\u00f3moda y fresca para tus entrenamientos. Composici\u00f3n: 100% poli\u00e9ster. Talla para ni\u00f1os. Pack 6 Peto<\/p>\n","protected":false},"featured_media":6123,"template":"","meta":[],"product_brand":[],"product_cat":[672,678],"product_tag":[],"class_list":{"0":"post-6121","1":"product","2":"type-product","3":"status-publish","4":"has-post-thumbnail","6":"product_cat-futbol","7":"product_cat-indumentaria","9":"first","10":"instock","11":"sale","12":"taxable","13":"shipping-taxable","14":"purchasable","15":"product-type-simple"},"wc_booster_product_categories":[{"id":672,"name":"F\u00fatbol"},{"id":678,"name":"Indumentaria"}],"wc_booster_product_price":"<span class=\"sale-price\"><del aria-hidden=\"true\"><span class=\"woocommerce-Price-amount amount\"><bdi><span class=\"woocommerce-Price-currencySymbol\">&#36;<\/span>41.940<\/bdi><\/span><\/del> <span class=\"screen-reader-text\">El precio original era: &#036;41.940.<\/span><ins aria-hidden=\"true\"><span class=\"woocommerce-Price-amount amount\"><bdi><span class=\"woocommerce-Price-currencySymbol\">&#36;<\/span>38.990<\/bdi><\/span><\/ins><span class=\"screen-reader-text\">El precio actual es: &#036;38.990.<\/span><\/span> <small class=\"woocommerce-price-suffix\">IVA Incluido<\/small>","wc_booster_product_rating":"","wc_booster_product_banner_img":false,"wc_booster_product_reviews":[],"wc_booster_product_stock_data":{"manage_stock":true,"total_stock":6,"sold_stock":0},"_links":{"self":[{"href":"https:\/\/deportesram.cl\/es_es\/wp-json\/wp\/v2\/product\/6121","targetHints":{"allow":["GET"]}}],"collection":[{"href":"https:\/\/deportesram.cl\/es_es\/wp-json\/wp\/v2\/product"}],"about":[{"href":"https:\/\/deportesram.cl\/es_es\/wp-json\/wp\/v2\/types\/product"}],"wp:featuredmedia":[{"embeddable":true,"href":"https:\/\/deportesram.cl\/es_es\/wp-json\/wp\/v2\/media\/6123"}],"wp:attachment":[{"href":"https:\/\/deportesram.cl\/es_es\/wp-json\/wp\/v2\/media?parent=6121"}],"wp:term":[{"taxonomy":"product_brand","embeddable":true,"href":"https:\/\/deportesram.cl\/es_es\/wp-json\/wp\/v2\/product_brand?post=6121"},{"taxonomy":"product_cat","embeddable":true,"href":"https:\/\/deportesram.cl\/es_es\/wp-json\/wp\/v2\/product_cat?post=6121"},{"taxonomy":"product_tag","embeddable":true,"href":"https:\/\/deportesram.cl\/es_es\/wp-json\/wp\/v2\/product_tag?post=6121"}],"curies":[{"name":"wp","href":"https:\/\/api.w.org\/{rel}","templated":true}]}}