{"id":6192,"date":"2025-09-25T16:47:12","date_gmt":"2025-09-25T19:47:12","guid":{"rendered":"https:\/\/deportesram.cl\/?post_type=product&#038;p=6192"},"modified":"2025-11-27T12:05:05","modified_gmt":"2025-11-27T15:05:05","slug":"hand-grip-muuk","status":"publish","type":"product","link":"https:\/\/deportesram.cl\/es_es\/producto\/hand-grip-muuk\/","title":{"rendered":"Hand Grip MUUK"},"content":{"rendered":"<p>El Hand Grip MuuK es el implemento ideal para tonificar aquellos m\u00fasculos que no se logra ejercitar completamente con las mancuernas. Este peque\u00f1o aparato opone resistencia al apretarlo, por lo que est\u00e1 dise\u00f1ado para el reforzamiento muscular de la mano y el ante brazo.<\/p>\n<p>Su funcionamiento es sumamente sencillo, solo tienes que apretar y soltar con la mano, para que tus m\u00fasculos del ante brazo se tonifiquen de la manera m\u00e1s eficaz y efectiva. Adem\u00e1s, son prefectos para aumentar la fuerza de agarre de tus manos y as\u00ed poder hacer cualquier ejerci\u00f3 con barra y mancuernas.<\/p>\n<p>Fabricado de PVC de calidad ultra resistente que garantizan su uso por mucho tiempo. Confeccionado con un agarre que se adapta a cualquier individuo.<\/p>\n<p>Es ideal para deportistas de escalada o baloncesto, y para aquellas personas que buscan tonificar su antebrazo.<\/p>\n","protected":false},"excerpt":{"rendered":"<p>El Hand Grip MuuK es el implemento ideal para tonificar aquellos m\u00fasculos que no se logra ejercitar completamente con las mancuernas. Este peque\u00f1o aparato opone resistencia al apretarlo, por lo que est\u00e1 dise\u00f1ado para el reforzamiento muscular de la mano y el ante brazo. Su funcionamiento es sumamente sencillo, solo tienes que apretar y soltar [&hellip;]<\/p>\n","protected":false},"featured_media":6195,"template":"","meta":[],"product_brand":[],"product_cat":[695],"product_tag":[],"class_list":{"0":"post-6192","1":"product","2":"type-product","3":"status-publish","4":"has-post-thumbnail","6":"product_cat-fortalecedor-de-agarre-han-grip","8":"first","9":"instock","10":"taxable","11":"shipping-taxable","12":"purchasable","13":"product-type-simple"},"wc_booster_product_categories":[{"id":695,"name":"Hand Grip"}],"wc_booster_product_price":"<span class=\"woocommerce-Price-amount amount\"><bdi><span class=\"woocommerce-Price-currencySymbol\">&#36;<\/span>6.990<\/bdi><\/span> <small class=\"woocommerce-price-suffix\">IVA Incluido<\/small>","wc_booster_product_rating":"","wc_booster_product_banner_img":false,"wc_booster_product_reviews":[],"wc_booster_product_stock_data":{"manage_stock":true,"total_stock":30,"sold_stock":0},"_links":{"self":[{"href":"https:\/\/deportesram.cl\/es_es\/wp-json\/wp\/v2\/product\/6192","targetHints":{"allow":["GET"]}}],"collection":[{"href":"https:\/\/deportesram.cl\/es_es\/wp-json\/wp\/v2\/product"}],"about":[{"href":"https:\/\/deportesram.cl\/es_es\/wp-json\/wp\/v2\/types\/product"}],"wp:featuredmedia":[{"embeddable":true,"href":"https:\/\/deportesram.cl\/es_es\/wp-json\/wp\/v2\/media\/6195"}],"wp:attachment":[{"href":"https:\/\/deportesram.cl\/es_es\/wp-json\/wp\/v2\/media?parent=6192"}],"wp:term":[{"taxonomy":"product_brand","embeddable":true,"href":"https:\/\/deportesram.cl\/es_es\/wp-json\/wp\/v2\/product_brand?post=6192"},{"taxonomy":"product_cat","embeddable":true,"href":"https:\/\/deportesram.cl\/es_es\/wp-json\/wp\/v2\/product_cat?post=6192"},{"taxonomy":"product_tag","embeddable":true,"href":"https:\/\/deportesram.cl\/es_es\/wp-json\/wp\/v2\/product_tag?post=6192"}],"curies":[{"name":"wp","href":"https:\/\/api.w.org\/{rel}","templated":true}]}}