{"id":6200,"date":"2025-09-26T17:01:47","date_gmt":"2025-09-26T20:01:47","guid":{"rendered":"https:\/\/deportesram.cl\/?post_type=product&#038;p=6200"},"modified":"2025-11-27T16:37:12","modified_gmt":"2025-11-27T19:37:12","slug":"barra-para-puerta-muuk-multifuncion","status":"publish","type":"product","link":"https:\/\/deportesram.cl\/es_es\/producto\/barra-para-puerta-muuk-multifuncion\/","title":{"rendered":"Barra Para Puerta Muuk Multifuncion"},"content":{"rendered":"<p>Al utilizar la\u00a0<strong>Barra Puerta Muuk Multifunci\u00f3n<\/strong>, se puede experimentar la satisfacci\u00f3n de alcanzar metas f\u00edsicas, fortalecer el cuerpo y mejorar la salud, la barra puede convertirse en un s\u00edmbolo de compromiso con un estilo de vida activo y saludable.<\/p>\n<p><strong>Caracter\u00edsticas del Producto:<\/strong><\/p>\n<ul>\n<li>Material: Acero<\/li>\n<li>Alto: 51cm<\/li>\n<li>Ancho: 20cm<\/li>\n<li>Peso: 210g<\/li>\n<li>Incluye Soporte<\/li>\n<\/ul>\n<p><strong>Beneficio:<\/strong>\u00a0Es resistente, multifuncional para puertas es ideal para entrenamientos en casa. Con esta barra puede hacer rutinas funcionales, de crossfit o de fuerza hasta rutinas de acondicionamiento general, est\u00e1 recomendada para trabajar pectorales, abdominales y brazos.<\/p>\n<p><strong>Uso Recomendado:<\/strong> Entrenamientos en Casa<\/p>\n<p><strong>Deporte\/ Disciplina:<\/strong>\u00a0Rutinas Funcionales y Acondicionamientos Muscular de Miembro Superior<\/p>\n","protected":false},"excerpt":{"rendered":"<p>Al utilizar la\u00a0Barra Puerta Muuk Multifunci\u00f3n, se puede experimentar la satisfacci\u00f3n de alcanzar metas f\u00edsicas, fortalecer el cuerpo y mejorar la salud, la barra puede convertirse en un s\u00edmbolo de compromiso con un estilo de vida activo y saludable. Caracter\u00edsticas del Producto: Material: Acero Alto: 51cm Ancho: 20cm Peso: 210g Incluye Soporte Beneficio:\u00a0Es resistente, multifuncional [&hellip;]<\/p>\n","protected":false},"featured_media":6201,"template":"","meta":[],"product_brand":[],"product_cat":[697,610],"product_tag":[],"class_list":{"0":"post-6200","1":"product","2":"type-product","3":"status-publish","4":"has-post-thumbnail","6":"product_cat-traje-sauna","7":"product_cat-multifuncionales","9":"first","10":"instock","11":"taxable","12":"shipping-taxable","13":"purchasable","14":"product-type-simple"},"wc_booster_product_categories":[{"id":697,"name":"Fit"},{"id":610,"name":"Multifuncionales"}],"wc_booster_product_price":"<span class=\"woocommerce-Price-amount amount\"><bdi><span class=\"woocommerce-Price-currencySymbol\">&#36;<\/span>19.990<\/bdi><\/span> <small class=\"woocommerce-price-suffix\">IVA Incluido<\/small>","wc_booster_product_rating":"","wc_booster_product_banner_img":false,"wc_booster_product_reviews":[],"wc_booster_product_stock_data":{"manage_stock":true,"total_stock":4,"sold_stock":0},"_links":{"self":[{"href":"https:\/\/deportesram.cl\/es_es\/wp-json\/wp\/v2\/product\/6200","targetHints":{"allow":["GET"]}}],"collection":[{"href":"https:\/\/deportesram.cl\/es_es\/wp-json\/wp\/v2\/product"}],"about":[{"href":"https:\/\/deportesram.cl\/es_es\/wp-json\/wp\/v2\/types\/product"}],"wp:featuredmedia":[{"embeddable":true,"href":"https:\/\/deportesram.cl\/es_es\/wp-json\/wp\/v2\/media\/6201"}],"wp:attachment":[{"href":"https:\/\/deportesram.cl\/es_es\/wp-json\/wp\/v2\/media?parent=6200"}],"wp:term":[{"taxonomy":"product_brand","embeddable":true,"href":"https:\/\/deportesram.cl\/es_es\/wp-json\/wp\/v2\/product_brand?post=6200"},{"taxonomy":"product_cat","embeddable":true,"href":"https:\/\/deportesram.cl\/es_es\/wp-json\/wp\/v2\/product_cat?post=6200"},{"taxonomy":"product_tag","embeddable":true,"href":"https:\/\/deportesram.cl\/es_es\/wp-json\/wp\/v2\/product_tag?post=6200"}],"curies":[{"name":"wp","href":"https:\/\/api.w.org\/{rel}","templated":true}]}}