{"id":6205,"date":"2025-09-26T17:17:25","date_gmt":"2025-09-26T20:17:25","guid":{"rendered":"https:\/\/deportesram.cl\/?post_type=product&#038;p=6205"},"modified":"2025-12-15T14:46:07","modified_gmt":"2025-12-15T17:46:07","slug":"medias-de-futbol-sin-pie-negro-mizan","status":"publish","type":"product","link":"https:\/\/deportesram.cl\/es_es\/producto\/medias-de-futbol-sin-pie-negro-mizan\/","title":{"rendered":"MEDIAS DE FUTBOL TALLA L SIN PIE NEGRO MIZAN"},"content":{"rendered":"<p><span class=\"product-heading__subtitle\">Descripci\u00f3n<\/span><\/p>\n<p>Medias de f\u00fatbol sin pie marca Mizan con tecnolog\u00eda de absorci\u00f3n de humedad, flexibles e ideales para m\u00faltiples deportes.<\/p>\n<p>&nbsp;<\/p>\n<p>Caracter\u00edsticas del producto:<br \/>\n-Tejido con memoria y pu\u00f1o doble.<br \/>\n-Tejido de alta compresi\u00f3n y sistema de respiraci\u00f3n para mejor ventilaci\u00f3n.<br \/>\n-Pu\u00f1o superior e inferior para evitar ca\u00edda de la media y postura de la canillera.<br \/>\n-Tejido suave, acolchado y c\u00f3modo.<br \/>\n-Malla trasera para mejor amoldado de pantorrilla y mejor ventilaci\u00f3n.<\/p>\n","protected":false},"excerpt":{"rendered":"<p>Descripci\u00f3n Medias de f\u00fatbol sin pie marca Mizan con tecnolog\u00eda de absorci\u00f3n de humedad, flexibles e ideales para m\u00faltiples deportes. &nbsp; Caracter\u00edsticas del producto: -Tejido con memoria y pu\u00f1o doble. -Tejido de alta compresi\u00f3n y sistema de respiraci\u00f3n para mejor ventilaci\u00f3n. -Pu\u00f1o superior e inferior para evitar ca\u00edda de la media y postura de la [&hellip;]<\/p>\n","protected":false},"featured_media":6204,"template":"","meta":[],"product_brand":[],"product_cat":[672,678],"product_tag":[],"class_list":{"0":"post-6205","1":"product","2":"type-product","3":"status-publish","4":"has-post-thumbnail","6":"product_cat-futbol","7":"product_cat-indumentaria","9":"first","10":"instock","11":"taxable","12":"shipping-taxable","13":"purchasable","14":"product-type-simple"},"wc_booster_product_categories":[{"id":672,"name":"F\u00fatbol"},{"id":678,"name":"Indumentaria"}],"wc_booster_product_price":"<span class=\"woocommerce-Price-amount amount\"><bdi><span class=\"woocommerce-Price-currencySymbol\">&#36;<\/span>5.990<\/bdi><\/span> <small class=\"woocommerce-price-suffix\">IVA Incluido<\/small>","wc_booster_product_rating":"","wc_booster_product_banner_img":false,"wc_booster_product_reviews":[],"wc_booster_product_stock_data":{"manage_stock":true,"total_stock":1,"sold_stock":0},"_links":{"self":[{"href":"https:\/\/deportesram.cl\/es_es\/wp-json\/wp\/v2\/product\/6205","targetHints":{"allow":["GET"]}}],"collection":[{"href":"https:\/\/deportesram.cl\/es_es\/wp-json\/wp\/v2\/product"}],"about":[{"href":"https:\/\/deportesram.cl\/es_es\/wp-json\/wp\/v2\/types\/product"}],"wp:featuredmedia":[{"embeddable":true,"href":"https:\/\/deportesram.cl\/es_es\/wp-json\/wp\/v2\/media\/6204"}],"wp:attachment":[{"href":"https:\/\/deportesram.cl\/es_es\/wp-json\/wp\/v2\/media?parent=6205"}],"wp:term":[{"taxonomy":"product_brand","embeddable":true,"href":"https:\/\/deportesram.cl\/es_es\/wp-json\/wp\/v2\/product_brand?post=6205"},{"taxonomy":"product_cat","embeddable":true,"href":"https:\/\/deportesram.cl\/es_es\/wp-json\/wp\/v2\/product_cat?post=6205"},{"taxonomy":"product_tag","embeddable":true,"href":"https:\/\/deportesram.cl\/es_es\/wp-json\/wp\/v2\/product_tag?post=6205"}],"curies":[{"name":"wp","href":"https:\/\/api.w.org\/{rel}","templated":true}]}}