{"id":6210,"date":"2025-09-26T17:33:29","date_gmt":"2025-09-26T20:33:29","guid":{"rendered":"https:\/\/deportesram.cl\/?post_type=product&#038;p=6210"},"modified":"2026-03-27T11:25:26","modified_gmt":"2026-03-27T14:25:26","slug":"media-sin-pie-blanca-mizan","status":"publish","type":"product","link":"https:\/\/deportesram.cl\/es_es\/producto\/media-sin-pie-blanca-mizan\/","title":{"rendered":"Media sin pie blanca, MIZAN"},"content":{"rendered":"<p>Medias de f\u00fatbol sin pie marca Mizan con tecnolog\u00eda de absorci\u00f3n de humedad, flexibles e ideales para m\u00faltiples deportes.<\/p>\n","protected":false},"excerpt":{"rendered":"<p>Medias de f\u00fatbol sin pie marca Mizan con tecnolog\u00eda de absorci\u00f3n de humedad, flexibles e ideales para m\u00faltiples deportes.<\/p>\n","protected":false},"featured_media":6212,"template":"","meta":[],"product_brand":[],"product_cat":[672,678],"product_tag":[],"class_list":{"0":"post-6210","1":"product","2":"type-product","3":"status-publish","4":"has-post-thumbnail","6":"product_cat-futbol","7":"product_cat-indumentaria","9":"first","10":"instock","11":"taxable","12":"shipping-taxable","13":"purchasable","14":"product-type-simple"},"wc_booster_product_categories":[{"id":672,"name":"F\u00fatbol"},{"id":678,"name":"Indumentaria"}],"wc_booster_product_price":"<span class=\"woocommerce-Price-amount amount\"><bdi><span class=\"woocommerce-Price-currencySymbol\">&#36;<\/span>4.990<\/bdi><\/span> <small class=\"woocommerce-price-suffix\">IVA Incluido<\/small>","wc_booster_product_rating":"","wc_booster_product_banner_img":false,"wc_booster_product_reviews":[],"wc_booster_product_stock_data":{"manage_stock":true,"total_stock":20,"sold_stock":0},"_links":{"self":[{"href":"https:\/\/deportesram.cl\/es_es\/wp-json\/wp\/v2\/product\/6210","targetHints":{"allow":["GET"]}}],"collection":[{"href":"https:\/\/deportesram.cl\/es_es\/wp-json\/wp\/v2\/product"}],"about":[{"href":"https:\/\/deportesram.cl\/es_es\/wp-json\/wp\/v2\/types\/product"}],"wp:featuredmedia":[{"embeddable":true,"href":"https:\/\/deportesram.cl\/es_es\/wp-json\/wp\/v2\/media\/6212"}],"wp:attachment":[{"href":"https:\/\/deportesram.cl\/es_es\/wp-json\/wp\/v2\/media?parent=6210"}],"wp:term":[{"taxonomy":"product_brand","embeddable":true,"href":"https:\/\/deportesram.cl\/es_es\/wp-json\/wp\/v2\/product_brand?post=6210"},{"taxonomy":"product_cat","embeddable":true,"href":"https:\/\/deportesram.cl\/es_es\/wp-json\/wp\/v2\/product_cat?post=6210"},{"taxonomy":"product_tag","embeddable":true,"href":"https:\/\/deportesram.cl\/es_es\/wp-json\/wp\/v2\/product_tag?post=6210"}],"curies":[{"name":"wp","href":"https:\/\/api.w.org\/{rel}","templated":true}]}}