{"id":6213,"date":"2025-09-26T17:44:10","date_gmt":"2025-09-26T20:44:10","guid":{"rendered":"https:\/\/deportesram.cl\/?post_type=product&#038;p=6213"},"modified":"2025-09-26T17:56:05","modified_gmt":"2025-09-26T20:56:05","slug":"medias-de-futbol-penalty-roja-adulto","status":"publish","type":"product","link":"https:\/\/deportesram.cl\/es_es\/producto\/medias-de-futbol-penalty-roja-adulto\/","title":{"rendered":"Medias De Futbol Penalty Roja Adulto"},"content":{"rendered":"<p dir=\"ltr\">Las\u00a0<strong>Medias de F\u00fatbol Penalty Matis Treino Adulto\u00a0<\/strong>brindan comodidad y suavidad a pies y piernas durante los partidos. Elaboradas con tecnolog\u00eda Flot, garantizan transpirabilidad para evitar la acumulaci\u00f3n de sudor. El nuevo dise\u00f1o incorpora peque\u00f1as bolas en la parte posterior de las medias para mantener el estilo en la cancha. Equipate con lo mejor para F\u00fatbol, Futsal o Futbolito, ac\u00e1 en Muuk.<\/p>\n<p dir=\"ltr\"><strong>Caracter\u00edsticas del Producto:<\/strong><\/p>\n<ul>\n<li>Material: 67,8% Poli\u00e9ster, 14,8% Elastano, 9,1% Elastodieno, 6,9% Poliamida, 1,4% Algod\u00f3n.<\/li>\n<li>Tallas disponibles: 39 a 43<\/li>\n<li>Tecnolog\u00eda: Flot<\/li>\n<li>Uso Recomendados: Ideal para jugadores de f\u00fatbol, brindando comodidad, transpirabilidad y evitando la acumulaci\u00f3n de sudor durante el juego.<\/li>\n<\/ul>\n<p><strong>Deporte\/ Disciplina:\u00a0<\/strong>F\u00fatbol<\/p>\n<p><strong>Ventajas del producto<\/strong><\/p>\n<ul>\n<li><strong>Tecnolog\u00eda Anatomic (Tal\u00f3n y Punta Verdadera)<\/strong>: Modelado anat\u00f3mico que se ajusta perfectamente al pie, aportando mayor comodidad.<\/li>\n<li><strong>Tecnolog\u00eda Confort (Suela de Toalla)<\/strong>: Suela de toalla que transmite suavidad y comodidad, evitando la formaci\u00f3n de burbujas.<\/li>\n<li><strong>Tecnolog\u00eda Dry One (Secado R\u00e1pido):<\/strong>\u00a0Tecnolog\u00eda que asegura una r\u00e1pida absorci\u00f3n y paso del sudor al exterior del tejido, manteniendo la ligereza y comodidad durante la pr\u00e1ctica deportiva.<\/li>\n<li><strong>Tecnolog\u00eda Flot (Transpirabilidad):\u00a0<\/strong>Tecnolog\u00eda de construcci\u00f3n \u00fanica para puntos m\u00e1s anchos que los est\u00e1ndares. Aporta ligereza al calcet\u00edn y mejora el rendimiento del jugador, favoreciendo la evaporaci\u00f3n del sudor y asegurando el equilibrio t\u00e9rmico.<\/li>\n<\/ul>\n","protected":false},"excerpt":{"rendered":"<p>Las\u00a0Medias de F\u00fatbol Penalty Matis Treino Adulto\u00a0brindan comodidad y suavidad a pies y piernas durante los partidos. Elaboradas con tecnolog\u00eda Flot, garantizan transpirabilidad para evitar la acumulaci\u00f3n de sudor. El nuevo dise\u00f1o incorpora peque\u00f1as bolas en la parte posterior de las medias para mantener el estilo en la cancha. Equipate con lo mejor para F\u00fatbol, [&hellip;]<\/p>\n","protected":false},"featured_media":6214,"template":"","meta":[],"product_brand":[],"product_cat":[672,683,680],"product_tag":[],"class_list":{"0":"post-6213","1":"product","2":"type-product","3":"status-publish","4":"has-post-thumbnail","6":"product_cat-futbol","7":"product_cat-futbolito","8":"product_cat-futsal","10":"first","11":"instock","12":"sale","13":"taxable","14":"shipping-taxable","15":"purchasable","16":"product-type-simple"},"wc_booster_product_categories":[{"id":672,"name":"F\u00fatbol"},{"id":683,"name":"Futbolito"},{"id":680,"name":"Futsal"}],"wc_booster_product_price":"<span class=\"sale-price\"><del aria-hidden=\"true\"><span class=\"woocommerce-Price-amount amount\"><bdi><span class=\"woocommerce-Price-currencySymbol\">&#36;<\/span>7.990<\/bdi><\/span><\/del> <span class=\"screen-reader-text\">El precio original era: &#036;7.990.<\/span><ins aria-hidden=\"true\"><span class=\"woocommerce-Price-amount amount\"><bdi><span class=\"woocommerce-Price-currencySymbol\">&#36;<\/span>2.990<\/bdi><\/span><\/ins><span class=\"screen-reader-text\">El precio actual es: &#036;2.990.<\/span><\/span> <small class=\"woocommerce-price-suffix\">IVA Incluido<\/small>","wc_booster_product_rating":"","wc_booster_product_banner_img":false,"wc_booster_product_reviews":[],"wc_booster_product_stock_data":{"manage_stock":true,"total_stock":10,"sold_stock":0},"_links":{"self":[{"href":"https:\/\/deportesram.cl\/es_es\/wp-json\/wp\/v2\/product\/6213","targetHints":{"allow":["GET"]}}],"collection":[{"href":"https:\/\/deportesram.cl\/es_es\/wp-json\/wp\/v2\/product"}],"about":[{"href":"https:\/\/deportesram.cl\/es_es\/wp-json\/wp\/v2\/types\/product"}],"wp:featuredmedia":[{"embeddable":true,"href":"https:\/\/deportesram.cl\/es_es\/wp-json\/wp\/v2\/media\/6214"}],"wp:attachment":[{"href":"https:\/\/deportesram.cl\/es_es\/wp-json\/wp\/v2\/media?parent=6213"}],"wp:term":[{"taxonomy":"product_brand","embeddable":true,"href":"https:\/\/deportesram.cl\/es_es\/wp-json\/wp\/v2\/product_brand?post=6213"},{"taxonomy":"product_cat","embeddable":true,"href":"https:\/\/deportesram.cl\/es_es\/wp-json\/wp\/v2\/product_cat?post=6213"},{"taxonomy":"product_tag","embeddable":true,"href":"https:\/\/deportesram.cl\/es_es\/wp-json\/wp\/v2\/product_tag?post=6213"}],"curies":[{"name":"wp","href":"https:\/\/api.w.org\/{rel}","templated":true}]}}