{"id":6229,"date":"2025-09-27T11:23:35","date_gmt":"2025-09-27T14:23:35","guid":{"rendered":"https:\/\/deportesram.cl\/?post_type=product&#038;p=6229"},"modified":"2025-11-27T12:00:14","modified_gmt":"2025-11-27T15:00:14","slug":"guantes-de-arquero-penalty-delta-1-xxiii-azul-2","status":"publish","type":"product","link":"https:\/\/deportesram.cl\/es_es\/producto\/guantes-de-arquero-penalty-delta-1-xxiii-azul-2\/","title":{"rendered":"Guantes de Arquero Penalty Delta 1 XXIII Azul"},"content":{"rendered":"<p dir=\"ltr\">El\u00a0<strong>Guante de Portero Delta 1 XXIII de Penalty<\/strong>\u00a0es la herramienta ideal para quienes buscan mejorar sus habilidades bajo los tres palos. Dise\u00f1ado para proporcionar comodidad, seguridad y resistencia, este guante es perfecto tanto para entrenamientos como partidos. Sus pu\u00f1os con tiras autoadhesivas ajustables aseguran un ajuste firme y ayudan a prevenir lesiones durante el contacto con el bal\u00f3n. Adem\u00e1s, cuenta con la tecnolog\u00eda Flot que proporciona m\u00e1s transpirabilidad evitando la acumulaci\u00f3n de sudor durante su uso.<\/p>\n<p>\u00a1Prep\u00e1rate para tus partidos de Futbol, Futsal o Futbolito con estos guantes de arquero!<\/p>\n<p dir=\"ltr\"><strong>Listado de Caracter\u00edsticas:<\/strong><\/p>\n<ul>\n<li dir=\"ltr\">\n<p dir=\"ltr\"><strong>Palma:<\/strong>\u00a0X- Grip<\/p>\n<\/li>\n<li dir=\"ltr\">\n<p dir=\"ltr\"><strong>Dorso:<\/strong>\u00a0Durability<\/p>\n<\/li>\n<li dir=\"ltr\">\n<p dir=\"ltr\"><strong>Corte:\u00a0<\/strong>Negativo<\/p>\n<\/li>\n<li dir=\"ltr\">\n<p dir=\"ltr\"><strong>Pu\u00f1o:<\/strong>\u00a0Quick Fit<\/p>\n<\/li>\n<li dir=\"ltr\">\n<p dir=\"ltr\"><strong>Tecnolog\u00edas:<\/strong>\u00a0Flot y Anatomic Sys<\/p>\n<\/li>\n<li dir=\"ltr\">\n<p dir=\"ltr\">Talla 9: 19 cm de largo \/ 9.5 cm de ancho<\/p>\n<\/li>\n<\/ul>\n<p dir=\"ltr\"><strong>Tecnolog\u00edas del producto:<\/strong><\/p>\n<ul>\n<li><strong>X-Grip:<\/strong>\u00a0L\u00e1tex sint\u00e9tico de 3mm, brinda un equilibrio entre agarre, amortiguaci\u00f3n y durabilidad.<\/li>\n<li><strong>Durability:\u00a0<\/strong>Respaldo de PVC que garantiza una protecci\u00f3n y mayor durabilidad.<\/li>\n<li><strong>Corte Negativo:\u00a0<\/strong>Brinda un mayor ajuste a la mano, otorgando mayor control y una mejor sensaci\u00f3n al tacto del bal\u00f3n.<\/li>\n<li><strong>Quick Fit:\u00a0<\/strong>Pu\u00f1o y correa elasticadas con ajuste de Velcro, lo que proporciona un ajuste f\u00e1cil y rapido, de forma segura.<\/li>\n<li><strong>Flot:\u00a0<\/strong>Tecnolog\u00eda en la construcci\u00f3n del producto que mejora la m\u00e1xima transpirabilidad y equilibrio t\u00e9rmico del cuero, manteniendo la temperatura agradable y sin acumulaci\u00f3n de sudor.<\/li>\n<li><strong>Anatomic Sys:\u00a0<\/strong>El guante trae cortes estrat\u00e9gicos y anat\u00f3micos que permiten un ajuste perfecto y mayor flexibilidad.<\/li>\n<\/ul>\n","protected":false},"excerpt":{"rendered":"<p>El\u00a0Guante de Portero Delta 1 XXIII de Penalty\u00a0es la herramienta ideal para quienes buscan mejorar sus habilidades bajo los tres palos. Dise\u00f1ado para proporcionar comodidad, seguridad y resistencia, este guante es perfecto tanto para entrenamientos como partidos. Sus pu\u00f1os con tiras autoadhesivas ajustables aseguran un ajuste firme y ayudan a prevenir lesiones durante el contacto [&hellip;]<\/p>\n","protected":false},"featured_media":6228,"template":"","meta":[],"product_brand":[],"product_cat":[672,676],"product_tag":[],"class_list":{"0":"post-6229","1":"product","2":"type-product","3":"status-publish","4":"has-post-thumbnail","6":"product_cat-futbol","7":"product_cat-guantes-de-arquero","9":"first","10":"outofstock","11":"taxable","12":"shipping-taxable","13":"purchasable","14":"product-type-simple"},"wc_booster_product_categories":[{"id":672,"name":"F\u00fatbol"},{"id":676,"name":"Guantes de arquero"}],"wc_booster_product_price":"<span class=\"woocommerce-Price-amount amount\"><bdi><span class=\"woocommerce-Price-currencySymbol\">&#36;<\/span>24.990<\/bdi><\/span> <small class=\"woocommerce-price-suffix\">IVA Incluido<\/small>","wc_booster_product_rating":"","wc_booster_product_banner_img":false,"wc_booster_product_reviews":[],"wc_booster_product_stock_data":{"manage_stock":true,"total_stock":0,"sold_stock":0},"_links":{"self":[{"href":"https:\/\/deportesram.cl\/es_es\/wp-json\/wp\/v2\/product\/6229","targetHints":{"allow":["GET"]}}],"collection":[{"href":"https:\/\/deportesram.cl\/es_es\/wp-json\/wp\/v2\/product"}],"about":[{"href":"https:\/\/deportesram.cl\/es_es\/wp-json\/wp\/v2\/types\/product"}],"wp:featuredmedia":[{"embeddable":true,"href":"https:\/\/deportesram.cl\/es_es\/wp-json\/wp\/v2\/media\/6228"}],"wp:attachment":[{"href":"https:\/\/deportesram.cl\/es_es\/wp-json\/wp\/v2\/media?parent=6229"}],"wp:term":[{"taxonomy":"product_brand","embeddable":true,"href":"https:\/\/deportesram.cl\/es_es\/wp-json\/wp\/v2\/product_brand?post=6229"},{"taxonomy":"product_cat","embeddable":true,"href":"https:\/\/deportesram.cl\/es_es\/wp-json\/wp\/v2\/product_cat?post=6229"},{"taxonomy":"product_tag","embeddable":true,"href":"https:\/\/deportesram.cl\/es_es\/wp-json\/wp\/v2\/product_tag?post=6229"}],"curies":[{"name":"wp","href":"https:\/\/api.w.org\/{rel}","templated":true}]}}