{"id":6231,"date":"2025-09-27T11:46:46","date_gmt":"2025-09-27T14:46:46","guid":{"rendered":"https:\/\/deportesram.cl\/?post_type=product&#038;p=6231"},"modified":"2026-03-26T17:25:42","modified_gmt":"2026-03-26T20:25:42","slug":"kit-de-suspension-profesional","status":"publish","type":"product","link":"https:\/\/deportesram.cl\/es_es\/producto\/kit-de-suspension-profesional\/","title":{"rendered":"KIT DE SUSPENSION PROFESIONAL"},"content":{"rendered":"<p>El kit de suspensi\u00f3n SKF COVERTEC es parte del equipo perfecto para la vida fitness que toda persona que ama el deporte busca adoptar como parte de su d\u00eda a d\u00eda. Al ser parte de la calistenia, su intenci\u00f3n es buscar fortalecer, tonificar y mejorar la musculatura corporal en cada persona, adem\u00e1s de lograr perder peso, ganar fuerza y resistencia durante el proceso. Para poner en marcha esta modalidad de ejercicio, la persona se vale de sus cintas o arneses de alta resistencia para realizar las rutinas de suspensiones. El kit de suspensi\u00f3n SKF COVERTEC es el sistema ideal para aquellos que prefieren los ejercicios en casa.<\/p>\n","protected":false},"excerpt":{"rendered":"<p>El kit de suspensi\u00f3n SKF COVERTEC es parte del equipo perfecto para la vida fitness que toda persona que ama el deporte busca adoptar como parte de su d\u00eda a d\u00eda. Al ser parte de la calistenia, su intenci\u00f3n es buscar fortalecer, tonificar y mejorar la musculatura corporal en cada persona, adem\u00e1s de lograr perder [&hellip;]<\/p>\n","protected":false},"featured_media":6232,"template":"","meta":[],"product_brand":[],"product_cat":[576,581],"product_tag":[],"class_list":{"0":"post-6231","1":"product","2":"type-product","3":"status-publish","4":"has-post-thumbnail","6":"product_cat-crossfit","7":"product_cat-trx","9":"first","10":"outofstock","11":"sale","12":"taxable","13":"shipping-taxable","14":"purchasable","15":"product-type-simple"},"wc_booster_product_categories":[{"id":576,"name":"Crossfit"},{"id":581,"name":"TRX"}],"wc_booster_product_price":"<span class=\"sale-price\"><del aria-hidden=\"true\"><span class=\"woocommerce-Price-amount amount\"><bdi><span class=\"woocommerce-Price-currencySymbol\">&#36;<\/span>35.990<\/bdi><\/span><\/del> <span class=\"screen-reader-text\">El precio original era: &#036;35.990.<\/span><ins aria-hidden=\"true\"><span class=\"woocommerce-Price-amount amount\"><bdi><span class=\"woocommerce-Price-currencySymbol\">&#36;<\/span>28.990<\/bdi><\/span><\/ins><span class=\"screen-reader-text\">El precio actual es: &#036;28.990.<\/span><\/span> <small class=\"woocommerce-price-suffix\">IVA Incluido<\/small>","wc_booster_product_rating":"","wc_booster_product_banner_img":false,"wc_booster_product_reviews":[],"wc_booster_product_stock_data":{"manage_stock":true,"total_stock":0,"sold_stock":0},"_links":{"self":[{"href":"https:\/\/deportesram.cl\/es_es\/wp-json\/wp\/v2\/product\/6231","targetHints":{"allow":["GET"]}}],"collection":[{"href":"https:\/\/deportesram.cl\/es_es\/wp-json\/wp\/v2\/product"}],"about":[{"href":"https:\/\/deportesram.cl\/es_es\/wp-json\/wp\/v2\/types\/product"}],"wp:featuredmedia":[{"embeddable":true,"href":"https:\/\/deportesram.cl\/es_es\/wp-json\/wp\/v2\/media\/6232"}],"wp:attachment":[{"href":"https:\/\/deportesram.cl\/es_es\/wp-json\/wp\/v2\/media?parent=6231"}],"wp:term":[{"taxonomy":"product_brand","embeddable":true,"href":"https:\/\/deportesram.cl\/es_es\/wp-json\/wp\/v2\/product_brand?post=6231"},{"taxonomy":"product_cat","embeddable":true,"href":"https:\/\/deportesram.cl\/es_es\/wp-json\/wp\/v2\/product_cat?post=6231"},{"taxonomy":"product_tag","embeddable":true,"href":"https:\/\/deportesram.cl\/es_es\/wp-json\/wp\/v2\/product_tag?post=6231"}],"curies":[{"name":"wp","href":"https:\/\/api.w.org\/{rel}","templated":true}]}}