{"id":6234,"date":"2025-09-27T12:04:36","date_gmt":"2025-09-27T15:04:36","guid":{"rendered":"https:\/\/deportesram.cl\/?post_type=product&#038;p=6234"},"modified":"2026-03-26T17:06:13","modified_gmt":"2026-03-26T20:06:13","slug":"ladrillo-yoga-covertec","status":"publish","type":"product","link":"https:\/\/deportesram.cl\/es_es\/producto\/ladrillo-yoga-covertec\/","title":{"rendered":"Ladrillo Yoga COVERTEC"},"content":{"rendered":"<p>Ladrillo Yoga Covertec. pensado en los ejercicios de pilates y yoga, este ladrillo de yoga construido en goma eva resistente es liviano y tiene un tama\u00f1o 23x15x7,5 cms. Ideal para elongaci\u00f3n y tonificaci\u00f3n muscular.<\/p>\n","protected":false},"excerpt":{"rendered":"<p>Ladrillo Yoga Covertec. pensado en los ejercicios de pilates y yoga, este ladrillo de yoga construido en goma eva resistente es liviano y tiene un tama\u00f1o 23x15x7,5 cms. Ideal para elongaci\u00f3n y tonificaci\u00f3n muscular.<\/p>\n","protected":false},"featured_media":6309,"template":"","meta":[],"product_brand":[],"product_cat":[670,668],"product_tag":[],"class_list":{"0":"post-6234","1":"product","2":"type-product","3":"status-publish","4":"has-post-thumbnail","6":"product_cat-ladrillo","7":"product_cat-yoga","9":"first","10":"outofstock","11":"taxable","12":"shipping-taxable","13":"purchasable","14":"product-type-simple"},"wc_booster_product_categories":[{"id":670,"name":"Ladrillo"},{"id":668,"name":"Yoga"}],"wc_booster_product_price":"<span class=\"woocommerce-Price-amount amount\"><bdi><span class=\"woocommerce-Price-currencySymbol\">&#36;<\/span>4.990<\/bdi><\/span> <small class=\"woocommerce-price-suffix\">IVA Incluido<\/small>","wc_booster_product_rating":"","wc_booster_product_banner_img":false,"wc_booster_product_reviews":[],"wc_booster_product_stock_data":{"manage_stock":true,"total_stock":0,"sold_stock":0},"_links":{"self":[{"href":"https:\/\/deportesram.cl\/es_es\/wp-json\/wp\/v2\/product\/6234","targetHints":{"allow":["GET"]}}],"collection":[{"href":"https:\/\/deportesram.cl\/es_es\/wp-json\/wp\/v2\/product"}],"about":[{"href":"https:\/\/deportesram.cl\/es_es\/wp-json\/wp\/v2\/types\/product"}],"wp:featuredmedia":[{"embeddable":true,"href":"https:\/\/deportesram.cl\/es_es\/wp-json\/wp\/v2\/media\/6309"}],"wp:attachment":[{"href":"https:\/\/deportesram.cl\/es_es\/wp-json\/wp\/v2\/media?parent=6234"}],"wp:term":[{"taxonomy":"product_brand","embeddable":true,"href":"https:\/\/deportesram.cl\/es_es\/wp-json\/wp\/v2\/product_brand?post=6234"},{"taxonomy":"product_cat","embeddable":true,"href":"https:\/\/deportesram.cl\/es_es\/wp-json\/wp\/v2\/product_cat?post=6234"},{"taxonomy":"product_tag","embeddable":true,"href":"https:\/\/deportesram.cl\/es_es\/wp-json\/wp\/v2\/product_tag?post=6234"}],"curies":[{"name":"wp","href":"https:\/\/api.w.org\/{rel}","templated":true}]}}