{"id":6242,"date":"2025-09-27T12:46:17","date_gmt":"2025-09-27T15:46:17","guid":{"rendered":"https:\/\/deportesram.cl\/?post_type=product&#038;p=6242"},"modified":"2026-03-27T12:04:08","modified_gmt":"2026-03-27T15:04:08","slug":"venda-atletica-autoadhesiva-rojo-everlast-everlast","status":"publish","type":"product","link":"https:\/\/deportesram.cl\/es_es\/producto\/venda-atletica-autoadhesiva-rojo-everlast-everlast\/","title":{"rendered":"Venda Atl\u00e9tica Autoadhesiva Rojo Everlast 75cm EVERLAST"},"content":{"rendered":"<p>Vendas el\u00e1sticas de dise\u00f1o autoadhesivo, tienen una capacidad de auto adherencia para que la cinta no se afloje y no se caiga f\u00e1cilmente.<\/p>\n<p>Entrega gran valor terap\u00e9utico.<\/p>\n<p>Las vendas son est\u00e9riles y tienen gran valor medicinal muy \u00fatil para la hinchaz\u00f3n, esguince y dolores en general.<\/p>\n<ul>\n<li>Vendas el\u00e1sticas de dise\u00f1o autoadhesivo, tienen una capacidad de auto adherencia para que la cinta no se afloje y no se caiga f\u00e1cilmente.<\/li>\n<li>Entrega gran valor terap\u00e9utico.<\/li>\n<li>Las vendas son est\u00e9riles y tienen gran valor medicinal muy \u00fatil para la hinchaz\u00f3n, esguince y dolores en general.<\/li>\n<\/ul>\n","protected":false},"excerpt":{"rendered":"<p>Vendas el\u00e1sticas de dise\u00f1o autoadhesivo, tienen una capacidad de auto adherencia para que la cinta no se afloje y no se caiga f\u00e1cilmente. Entrega gran valor terap\u00e9utico. Las vendas son est\u00e9riles y tienen gran valor medicinal muy \u00fatil para la hinchaz\u00f3n, esguince y dolores en general. Vendas el\u00e1sticas de dise\u00f1o autoadhesivo, tienen una capacidad de [&hellip;]<\/p>\n","protected":false},"featured_media":6245,"template":"","meta":[],"product_brand":[],"product_cat":[698],"product_tag":[],"class_list":{"0":"post-6242","1":"product","2":"type-product","3":"status-publish","4":"has-post-thumbnail","6":"product_cat-venda-adhesiva","8":"first","9":"instock","10":"sale","11":"taxable","12":"shipping-taxable","13":"purchasable","14":"product-type-simple"},"wc_booster_product_categories":[{"id":698,"name":"Venda Adhesiva"}],"wc_booster_product_price":"<span class=\"sale-price\"><del aria-hidden=\"true\"><span class=\"woocommerce-Price-amount amount\"><bdi><span class=\"woocommerce-Price-currencySymbol\">&#36;<\/span>9.990<\/bdi><\/span><\/del> <span class=\"screen-reader-text\">El precio original era: &#036;9.990.<\/span><ins aria-hidden=\"true\"><span class=\"woocommerce-Price-amount amount\"><bdi><span class=\"woocommerce-Price-currencySymbol\">&#36;<\/span>7.990<\/bdi><\/span><\/ins><span class=\"screen-reader-text\">El precio actual es: &#036;7.990.<\/span><\/span> <small class=\"woocommerce-price-suffix\">IVA Incluido<\/small>","wc_booster_product_rating":"","wc_booster_product_banner_img":false,"wc_booster_product_reviews":[],"wc_booster_product_stock_data":{"manage_stock":true,"total_stock":3,"sold_stock":0},"_links":{"self":[{"href":"https:\/\/deportesram.cl\/es_es\/wp-json\/wp\/v2\/product\/6242","targetHints":{"allow":["GET"]}}],"collection":[{"href":"https:\/\/deportesram.cl\/es_es\/wp-json\/wp\/v2\/product"}],"about":[{"href":"https:\/\/deportesram.cl\/es_es\/wp-json\/wp\/v2\/types\/product"}],"wp:featuredmedia":[{"embeddable":true,"href":"https:\/\/deportesram.cl\/es_es\/wp-json\/wp\/v2\/media\/6245"}],"wp:attachment":[{"href":"https:\/\/deportesram.cl\/es_es\/wp-json\/wp\/v2\/media?parent=6242"}],"wp:term":[{"taxonomy":"product_brand","embeddable":true,"href":"https:\/\/deportesram.cl\/es_es\/wp-json\/wp\/v2\/product_brand?post=6242"},{"taxonomy":"product_cat","embeddable":true,"href":"https:\/\/deportesram.cl\/es_es\/wp-json\/wp\/v2\/product_cat?post=6242"},{"taxonomy":"product_tag","embeddable":true,"href":"https:\/\/deportesram.cl\/es_es\/wp-json\/wp\/v2\/product_tag?post=6242"}],"curies":[{"name":"wp","href":"https:\/\/api.w.org\/{rel}","templated":true}]}}